{"id":1472,"date":"2026-02-19T10:11:00","date_gmt":"2026-02-19T10:11:00","guid":{"rendered":"https:\/\/chocospin.org\/login-and-registration\/"},"modified":"2026-02-19T13:54:41","modified_gmt":"2026-02-19T13:54:41","slug":"logowanie-i-rejestracja","status":"publish","type":"page","link":"https:\/\/chocospin.org\/pl\/logowanie-i-rejestracja\/","title":{"rendered":"Logowanie i rejestracja"},"content":{"rendered":"<h1>Logowanie do Chocospin i konfiguracja profilu<\/h1>\n<p>Chocospin login proces nie zajmuje czasu niepotrzebn\u0105 z\u0142o\u017cono\u015bci\u0105. Od klikni\u0119cia do rozpocz\u0119cia gry mija p\u00f3\u0142 minuty. Kilka klikni\u0119\u0107 wystarczy, aby utworzy\u0107 konto, a gracze z Polski mog\u0105 ju\u017c gra\u0107 w automaty online i gry kasynowe.<\/p>\n<p><div class=\"banner-wrap\" aria-label=\"Banner\"><img src=\"https:\/\/chocospin.org\/wp-content\/uploads\/2026\/02\/Chocospin-banner-desktop.webp\" class=\"w-100 d-none d-lg-block img-pc main-banner-img\" alt=\"Chocospin banner desktop\" fetchpriority=\"high\" decoding=\"async\"><img src=\"https:\/\/chocospin.org\/wp-content\/uploads\/2026\/02\/Chocospin-Banner-mobile.webp\" class=\"w-100 d-none d-md-block d-lg-none main-banner-img\" alt=\"Chocospin Banner mobile\" fetchpriority=\"high\" decoding=\"async\"><img src=\"https:\/\/chocospin.org\/wp-content\/uploads\/2026\/02\/Chocospin-Banner-mobile.webp\" class=\"w-100 d-md-none\" alt=\"Chocospin Banner mobile\" fetchpriority=\"high\" decoding=\"async\"><div class=\"banner-description\">\n<div class=\"banner-title\">Bonusy powitalne<\/div>\n<p class=\"banner-header-title\">1500\u20ac<\/p>\n<div class=\"banner-header-AdditionalText\">+ 250 Darmowe spiny<\/div>\n<button data-item=\"homepage_banner_link\" class=\"goto m-button m-gradient-border m-button--primary m-button--large banner-button btn-orange\">\n            <div class=\"m-button-content\">\n                <span>Zarejestruj si\u0119 teraz<\/span>\n                <span><\/span>\n            <\/div>\n        <\/button>\n<\/div>\n<div class=\"WelcomePack\">\n<p><img loading=\"lazy\" decoding=\"async\" class=\"alignnone size-full wp-image-1392\" src=\"https:\/\/chocospin.org\/wp-content\/uploads\/2026\/02\/welcome-crown.png\" alt=\"welcome crown\" width=\"25\" height=\"26\" \/><\/p>\n<div class=\"WelcomePack-Info\">Cotygodniowy zwrot got\u00f3wki do 25%<\/div>\n<p><img loading=\"lazy\" decoding=\"async\" class=\"alignnone size-full wp-image-1392\" src=\"https:\/\/chocospin.org\/wp-content\/uploads\/2026\/02\/welcome-crown.png\" alt=\"welcome crown\" width=\"25\" height=\"26\" \/><\/p>\n<\/div>\n<\/div><div class=\"scrollable-content-wrap my-5\"><div class=\"scrollable-content-inner\"><h2>Do\u0142\u0105cz do Choco Spin w kilku szybkich krokach<\/h2>\n<p>Rejestracja w Chocospin odblokowuje szereg korzy\u015bci, kt\u00f3re sprawiaj\u0105, \u017ce minimalny wysi\u0142ek jest op\u0142acalny. Mo\u017cesz wypr\u00f3bowa\u0107 popularne automaty w trybie demo za darmo, aby zapozna\u0107 si\u0119 z grami przed wydaniem jakichkolwiek pieni\u0119dzy. Nowi u\u017cytkownicy otrzymuj\u0105 r\u00f3wnie\u017c bonus powitalny, kt\u00f3ry znacznie zwi\u0119ksza warto\u015b\u0107 ich pierwszego depozytu. Co wi\u0119cej, od razu zaczynasz zdobywa\u0107 punkty w programie lojalno\u015bciowym, kt\u00f3re ostatecznie odblokowuj\u0105 korzy\u015bci, kt\u00f3rych zwykli przegl\u0105daj\u0105cy stron\u0119 nigdy nie do\u015bwiadcz\u0105.<\/p>\n<h3>Przewodnik po konfiguracji konta<\/h3>\n<p>Za\u0142o\u017cenie konta w kasynie Chocospin nie wymaga specjalistycznej wiedzy.<\/p>\n<ol>\n<li>Znajd\u017a przycisk rejestracji Chocospin w prawym g\u00f3rnym rogu strony g\u0142\u00f3wnej.<\/li>\n<li>Wpisz sw\u00f3j adres e-mail w wy\u015bwietlonym formularzu.<\/li>\n<li>Utw\u00f3rz has\u0142o. Powinno ono sk\u0142ada\u0107 si\u0119 z liter, cyfr i symboli, kt\u00f3rych nie u\u017cywa\u0142e\u015b jeszcze na innych stronach internetowych.<\/li>\n<li>Po zapoznaniu si\u0119 z warunkami zaznacz pole potwierdzaj\u0105ce, \u017ce masz uko\u0144czone 18 lat.<\/li>\n<li>Kliknij przycisk, aby przej\u015b\u0107 dalej.<\/li>\n<li>Wype\u0142nij drug\u0105 rund\u0119, podaj\u0105c podstawowe informacje: imi\u0119, nazwisko i numer telefonu.<\/li>\n<\/ol>\n<p>W kasynie Choco Spin Casino mo\u017cesz gra\u0107 tylko wtedy, gdy znajdujesz si\u0119 w miejscu, w kt\u00f3rym hazard online jest legalny. Witryna automatycznie wykrywa Twoj\u0105 lokalizacj\u0119 i \u0142\u0105czy j\u0105 z Twoim kontem. Informacje, kt\u00f3re mo\u017cesz edytowa\u0107, obejmuj\u0105 imi\u0119 i nazwisko, nazw\u0119 u\u017cytkownika, p\u0142e\u0107 i dane kontaktowe. W dowolnym momencie mo\u017cesz zaktualizowa\u0107 has\u0142o w ustawieniach bezpiecze\u0144stwa.<\/p>\n<h2>Logowanie i ustawienia w Chocospin<\/h2>\n<p>Logowanie do Chocospin jest jeszcze \u0142atwiejsze ni\u017c utworzenie konta. Wystarczy klikn\u0105\u0107 przycisk logowania, wprowadzi\u0107 adres e-mail i has\u0142o, a nast\u0119pnie klikn\u0105\u0107 jeszcze raz, aby rozpocz\u0105\u0107.<br \/>\nPoza ekranem logowania Choco Spin znajdziesz tysi\u0105ce gier kasynowych oraz interfejsy, kt\u00f3re zapewniaj\u0105 porz\u0105dek.<\/p>\n<table>\n<tbody>\n<tr>\n<td>Sekcja<\/td>\n<td>Co tam jest<\/td>\n<\/tr>\n<tr>\n<td>Portfel<\/td>\n<td>Portfel jest centralnym punktem zarz\u0105dzania pieni\u0119dzmi, z przyciskami wp\u0142at i wyp\u0142at dok\u0142adnie tam, gdzie ich potrzebujesz. Pokazuje on oddzielnie Twoje prawdziwe pieni\u0105dze i pieni\u0105dze bonusowe, dzi\u0119ki czemu nie ma \u017cadnych niejasno\u015bci, a tak\u017ce informuje dok\u0142adnie, jakie kwoty s\u0105 dost\u0119pne do wyp\u0142aty wraz z limitami wyp\u0142at.<\/td>\n<\/tr>\n<tr>\n<td>Historia<\/td>\n<td>Sekcja historii rejestruje wszystkie Twoje dzia\u0142ania, w tym sesje hazardowe, wp\u0142aty i wyp\u0142aty pieni\u0119dzy, bonusy, kt\u00f3re otrzyma\u0142e\u015b i wykorzysta\u0142e\u015b, oraz zak\u0142ady, kt\u00f3re postawi\u0142e\u015b. Jest to kompletny rejestr, je\u015bli chcesz co\u015b sprawdzi\u0107.<\/td>\n<\/tr>\n<tr>\n<td>Profil<\/td>\n<td>R\u00f3\u017cne kategorie ustawie\u0144: og\u00f3lne ustawienia konta Chocospin, opcje bezpiecze\u0144stwa i limity hazardowe, kt\u00f3re ustawi\u0142e\u015b, aby zachowa\u0107 rozs\u0105dek.<\/td>\n<\/tr>\n<\/tbody>\n<\/table>\n<p>Je\u015bli masz jakie\u015b pytania, mo\u017cesz skontaktowa\u0107 si\u0119 z zespo\u0142em pomocy technicznej z dowolnej sekcji poprzez okno w prawym dolnym rogu.<\/p>\n<h3>Jak zresetowa\u0107 has\u0142o<\/h3>\n<p>Zapomnienie has\u0142a zdarza si\u0119 ka\u017cdemu, ale Chocospin upro\u015bci\u0142 proces jego odzyskiwania. Je\u015bli nie mo\u017cesz si\u0119 zalogowa\u0107, przejd\u017a do strony logowania Chocospin i wybierz opcj\u0119 odzyskiwania has\u0142a. Wprowad\u017a adres e-mail powi\u0105zany z Twoim kontem, a wiadomo\u015b\u0107 e-mail z linkiem do resetowania has\u0142a zostanie wys\u0142ana na Twoj\u0105 skrzynk\u0119 odbiorcz\u0105.<\/p>\n<p>Otw\u00f3rz wiadomo\u015b\u0107 e-mail i kliknij link, aby wybra\u0107 nowe has\u0142o, kt\u00f3re b\u0119dziesz w stanie zapami\u0119ta\u0107, ale kt\u00f3re nadal b\u0119dzie bezpieczne. Po zapisaniu has\u0142a mo\u017cesz od razu zalogowa\u0107 si\u0119 ponownie na swoje konto Choco Spin i kontynuowa\u0107 od miejsca, w kt\u00f3rym sko\u0144czy\u0142e\u015b. Je\u015bli nie widzisz wiadomo\u015bci e-mail, warto sprawdzi\u0107 folder spam lub poczeka\u0107 chwil\u0119 i spr\u00f3bowa\u0107 ponownie.<\/p>\n<h2>Proces weryfikacji gracza<\/h2>\n<p>Kasyno Chocospin nie prosi o weryfikacj\u0119 to\u017csamo\u015bci w momencie rejestracji. Prosimy o dokumenty dopiero wtedy, gdy po raz pierwszy pr\u00f3bujesz wyp\u0142aci\u0107 pieni\u0105dze. Standardowe wymagania weryfikacyjne s\u0105 nast\u0119puj\u0105ce:<\/p>\n<ul>\n<li>Dokument to\u017csamo\u015bci wydany przez organ pa\u0144stwowy, taki jak paszport lub prawo jazdy, w celu potwierdzenia to\u017csamo\u015bci;<\/li>\n<li>Aktualny rachunek za media w celu potwierdzenia, \u017ce adres u\u017cytkownika jest zgodny z adresem podanym podczas rejestracji;<\/li>\n<li>Zdj\u0119cia karty debetowej u\u017cytej do wp\u0142at (\u015brodkowe cyfry mo\u017cna ukry\u0107 dla bezpiecze\u0144stwa).<\/li>\n<\/ul>\n<p>Proces weryfikacji gwarantuje, \u017ce nie dochodzi do przypadkowego lub innego naruszenia prawa oraz \u017ce konto w Chocospin zosta\u0142o utworzone przy u\u017cyciu prawdziwych danych. Od momentu z\u0142o\u017cenia wniosku do zatwierdzenia mija oko\u0142o 48 godzin. Po zatwierdzeniu kolejne wyp\u0142aty nie b\u0119d\u0105 wymaga\u0142y ka\u017cdorazowej weryfikacji.<\/p>\n<h3>Jak chronimy Twoje dane<\/h3>\n<p>Logowanie do Chocospin jest monitorowane pod k\u0105tem nietypowych wzorc\u00f3w aktywno\u015bci, aby zapobiec eskalacji problem\u00f3w. Opr\u00f3cz automatycznego monitorowania, regularna aktualizacja has\u0142a w ustawieniach bezpiecze\u0144stwa zapewnia dodatkow\u0105 warstw\u0119 spersonalizowanej ochrony. Poniewa\u017c has\u0142a s\u0105 cz\u0119sto nara\u017cone na naruszenia bezpiecze\u0144stwa w wyniku wyciek\u00f3w danych, aktualizacja has\u0142a zmniejsza ryzyko nieznanych narusze\u0144.<\/p>\n<p>Uwierzytelnianie dwusk\u0142adnikowe jest opcjonalne. Wymaga ono podania has\u0142a oraz jednorazowego kodu wysy\u0142anego na telefon lub adres e-mail przy ka\u017cdym logowaniu do serwisu Chocospin. Nieautoryzowany dost\u0119p staje si\u0119 praktycznie niemo\u017cliwy, poniewa\u017c samo z\u0142amanie has\u0142a nie wystarczy \u2013 konieczny by\u0142by r\u00f3wnie\u017c dost\u0119p do rzeczywistego urz\u0105dzenia.<\/p>\n<h2>FAQ<\/h2>\n<h3>Dlaczego musz\u0119 zweryfikowa\u0107 swoje konto w Chocospin?<\/h3>\n<p>Weryfikacja konta w kasynie Chocospin zapobiega oszustwom i zapewnia zgodno\u015b\u0107 z przepisami dotycz\u0105cymi hazardu, kt\u00f3re wymagaj\u0105 od kasyn potwierdzania to\u017csamo\u015bci i wieku graczy. Proces weryfikacji chroni zar\u00f3wno Ciebie, jak i platform\u0119. Spe\u0142nia r\u00f3wnie\u017c wymogi prawne dotycz\u0105ce zapobiegania hazardowi nieletnich i praniu brudnych pieni\u0119dzy.<\/p>\n<h3>Czy po rejestracji mog\u0119 zmieni\u0107 swoje dane osobowe?<\/h3>\n<p>Po rejestracji mo\u017cesz edytowa\u0107 niekt\u00f3re dane w ustawieniach profilu Chocospin Casino. W razie potrzeby mo\u017cesz zmieni\u0107 swoje imi\u0119 i nazwisko, nazw\u0119 u\u017cytkownika, p\u0142e\u0107 i dane kontaktowe. Niekt\u00f3rych informacji nie mo\u017cna jednak zmieni\u0107 bez bezpo\u015bredniego kontaktu z naszym wieloj\u0119zycznym zespo\u0142em pomocy technicznej za po\u015brednictwem czatu na \u017cywo, poniewa\u017c maj\u0105 one wp\u0142yw na zgodno\u015b\u0107 z przepisami prawa i uprawnienia do korzystania z konta. Dotyczy to mi\u0119dzy innymi lokalizacji i daty urodzenia.<\/p>\n<h3>Czy przed rejestracj\u0105 mog\u0119 wypr\u00f3bowa\u0107 gry w trybie demo?<\/h3>\n<p>Po zarejestrowaniu konta niekt\u00f3re automaty online w Choco Spin Casino staj\u0105 si\u0119 dost\u0119pne w trybie demo, co pozwala na testowanie gier bez wydawania pieni\u0119dzy. W trybie demo u\u017cywane s\u0105 wirtualne monety. Jednak nie ka\u017cda gra oferuje tryb demo; niekt\u00f3re wymagaj\u0105 gry na prawdziwe pieni\u0105dze. Popularne automaty oferuj\u0105 jednak opcje bezp\u0142atnego testowania.<\/p>\n<\/div><\/div><\/p>\n","protected":false},"excerpt":{"rendered":"<p>Logowanie do Chocospin i konfiguracja profilu Chocospin login proces nie zajmuje czasu niepotrzebn\u0105 z\u0142o\u017cono\u015bci\u0105. Od klikni\u0119cia do rozpocz\u0119cia gry mija p\u00f3\u0142 minuty. Kilka klikni\u0119\u0107 wystarczy, aby utworzy\u0107 konto, a gracze z Polski mog\u0105 ju\u017c gra\u0107 w automaty online i gry kasynowe.<\/p>\n","protected":false},"author":1,"featured_media":0,"parent":0,"menu_order":0,"comment_status":"closed","ping_status":"closed","template":"template-builder.php","meta":{"_acf_changed":false,"inline_featured_image":false,"footnotes":""},"class_list":["post-1472","page","type-page","status-publish","hentry"],"acf":[],"yoast_head":"<!-- This site is optimized with the Yoast SEO plugin v27.3 - https:\/\/yoast.com\/product\/yoast-seo-wordpress\/ -->\n<title>Chocospin Login i rejestracja<\/title>\n<meta name=\"description\" content=\"Sprawd\u017a swoje saldo, \u015bled\u017a bonusy i zarz\u0105dzaj swoim profilem bez wysi\u0142ku dzi\u0119ki Choco Spin Login. Rejestracja jest szybka, wi\u0119c mo\u017cesz zacz\u0105\u0107 gra\u0107 od razu, bez \u017cadnych problem\u00f3w.\" \/>\n<meta name=\"robots\" content=\"index, follow, max-snippet:-1, max-image-preview:large, max-video-preview:-1\" \/>\n<link rel=\"canonical\" href=\"https:\/\/chocospin.org\/pl\/logowanie-i-rejestracja\/\" \/>\n<meta property=\"og:locale\" content=\"pl_PL\" \/>\n<meta property=\"og:type\" content=\"article\" \/>\n<meta property=\"og:title\" content=\"Chocospin Login i rejestracja\" \/>\n<meta property=\"og:description\" content=\"Sprawd\u017a swoje saldo, \u015bled\u017a bonusy i zarz\u0105dzaj swoim profilem bez wysi\u0142ku dzi\u0119ki Choco Spin Login. Rejestracja jest szybka, wi\u0119c mo\u017cesz zacz\u0105\u0107 gra\u0107 od razu, bez \u017cadnych problem\u00f3w.\" \/>\n<meta property=\"og:url\" content=\"https:\/\/chocospin.org\/pl\/logowanie-i-rejestracja\/\" \/>\n<meta property=\"og:site_name\" content=\"chocospin\" \/>\n<meta property=\"article:modified_time\" content=\"2026-02-19T13:54:41+00:00\" \/>\n<meta name=\"twitter:card\" content=\"summary_large_image\" \/>\n<meta name=\"twitter:label1\" content=\"Est. reading time\" \/>\n\t<meta name=\"twitter:data1\" content=\"1 minute\" \/>\n<script type=\"application\/ld+json\" class=\"yoast-schema-graph\">{\"@context\":\"https:\\\/\\\/schema.org\",\"@graph\":[{\"@type\":\"WebPage\",\"@id\":\"https:\\\/\\\/chocospin.org\\\/pl\\\/logowanie-i-rejestracja\\\/\",\"url\":\"https:\\\/\\\/chocospin.org\\\/pl\\\/logowanie-i-rejestracja\\\/\",\"name\":\"Chocospin Login i rejestracja\",\"isPartOf\":{\"@id\":\"https:\\\/\\\/chocospin.org\\\/pl\\\/#website\"},\"datePublished\":\"2026-02-19T10:11:00+00:00\",\"dateModified\":\"2026-02-19T13:54:41+00:00\",\"description\":\"Sprawd\u017a swoje saldo, \u015bled\u017a bonusy i zarz\u0105dzaj swoim profilem bez wysi\u0142ku dzi\u0119ki Choco Spin Login. Rejestracja jest szybka, wi\u0119c mo\u017cesz zacz\u0105\u0107 gra\u0107 od razu, bez \u017cadnych problem\u00f3w.\",\"breadcrumb\":{\"@id\":\"https:\\\/\\\/chocospin.org\\\/pl\\\/logowanie-i-rejestracja\\\/#breadcrumb\"},\"inLanguage\":\"pl-PL\",\"potentialAction\":[{\"@type\":\"ReadAction\",\"target\":[\"https:\\\/\\\/chocospin.org\\\/pl\\\/logowanie-i-rejestracja\\\/\"]}]},{\"@type\":\"BreadcrumbList\",\"@id\":\"https:\\\/\\\/chocospin.org\\\/pl\\\/logowanie-i-rejestracja\\\/#breadcrumb\",\"itemListElement\":[{\"@type\":\"ListItem\",\"position\":1,\"name\":\"Chocospin\",\"item\":\"https:\\\/\\\/chocospin.org\\\/pl\\\/\"},{\"@type\":\"ListItem\",\"position\":2,\"name\":\"Logowanie i rejestracja\"}]},{\"@type\":\"WebSite\",\"@id\":\"https:\\\/\\\/chocospin.org\\\/pl\\\/#website\",\"url\":\"https:\\\/\\\/chocospin.org\\\/pl\\\/\",\"name\":\"Chocospin\",\"description\":\"\",\"publisher\":{\"@id\":\"https:\\\/\\\/chocospin.org\\\/pl\\\/#organization\"},\"potentialAction\":[{\"@type\":\"SearchAction\",\"target\":{\"@type\":\"EntryPoint\",\"urlTemplate\":\"https:\\\/\\\/chocospin.org\\\/pl\\\/?s={search_term_string}\"},\"query-input\":{\"@type\":\"PropertyValueSpecification\",\"valueRequired\":true,\"valueName\":\"search_term_string\"}}],\"inLanguage\":\"pl-PL\"},{\"@type\":\"Organization\",\"@id\":\"https:\\\/\\\/chocospin.org\\\/pl\\\/#organization\",\"name\":\"Chocospin\",\"url\":\"https:\\\/\\\/chocospin.org\\\/pl\\\/\",\"logo\":{\"@type\":\"ImageObject\",\"inLanguage\":\"pl-PL\",\"@id\":\"https:\\\/\\\/chocospin.org\\\/pl\\\/#\\\/schema\\\/logo\\\/image\\\/\",\"url\":\"https:\\\/\\\/chocospin.org\\\/wp-content\\\/uploads\\\/2025\\\/07\\\/80u1FaquEZeR6OUTeJCc.png\",\"contentUrl\":\"https:\\\/\\\/chocospin.org\\\/wp-content\\\/uploads\\\/2025\\\/07\\\/80u1FaquEZeR6OUTeJCc.png\",\"width\":123,\"height\":20,\"caption\":\"Chocospin\"},\"image\":{\"@id\":\"https:\\\/\\\/chocospin.org\\\/pl\\\/#\\\/schema\\\/logo\\\/image\\\/\"}}]}<\/script>\n<!-- \/ Yoast SEO plugin. -->","yoast_head_json":{"title":"Chocospin Login i rejestracja","description":"Sprawd\u017a swoje saldo, \u015bled\u017a bonusy i zarz\u0105dzaj swoim profilem bez wysi\u0142ku dzi\u0119ki Choco Spin Login. Rejestracja jest szybka, wi\u0119c mo\u017cesz zacz\u0105\u0107 gra\u0107 od razu, bez \u017cadnych problem\u00f3w.","robots":{"index":"index","follow":"follow","max-snippet":"max-snippet:-1","max-image-preview":"max-image-preview:large","max-video-preview":"max-video-preview:-1"},"canonical":"https:\/\/chocospin.org\/pl\/logowanie-i-rejestracja\/","og_locale":"pl_PL","og_type":"article","og_title":"Chocospin Login i rejestracja","og_description":"Sprawd\u017a swoje saldo, \u015bled\u017a bonusy i zarz\u0105dzaj swoim profilem bez wysi\u0142ku dzi\u0119ki Choco Spin Login. Rejestracja jest szybka, wi\u0119c mo\u017cesz zacz\u0105\u0107 gra\u0107 od razu, bez \u017cadnych problem\u00f3w.","og_url":"https:\/\/chocospin.org\/pl\/logowanie-i-rejestracja\/","og_site_name":"chocospin","article_modified_time":"2026-02-19T13:54:41+00:00","twitter_card":"summary_large_image","twitter_misc":{"Est. reading time":"1 minute"},"schema":{"@context":"https:\/\/schema.org","@graph":[{"@type":"WebPage","@id":"https:\/\/chocospin.org\/pl\/logowanie-i-rejestracja\/","url":"https:\/\/chocospin.org\/pl\/logowanie-i-rejestracja\/","name":"Chocospin Login i rejestracja","isPartOf":{"@id":"https:\/\/chocospin.org\/pl\/#website"},"datePublished":"2026-02-19T10:11:00+00:00","dateModified":"2026-02-19T13:54:41+00:00","description":"Sprawd\u017a swoje saldo, \u015bled\u017a bonusy i zarz\u0105dzaj swoim profilem bez wysi\u0142ku dzi\u0119ki Choco Spin Login. Rejestracja jest szybka, wi\u0119c mo\u017cesz zacz\u0105\u0107 gra\u0107 od razu, bez \u017cadnych problem\u00f3w.","breadcrumb":{"@id":"https:\/\/chocospin.org\/pl\/logowanie-i-rejestracja\/#breadcrumb"},"inLanguage":"pl-PL","potentialAction":[{"@type":"ReadAction","target":["https:\/\/chocospin.org\/pl\/logowanie-i-rejestracja\/"]}]},{"@type":"BreadcrumbList","@id":"https:\/\/chocospin.org\/pl\/logowanie-i-rejestracja\/#breadcrumb","itemListElement":[{"@type":"ListItem","position":1,"name":"Chocospin","item":"https:\/\/chocospin.org\/pl\/"},{"@type":"ListItem","position":2,"name":"Logowanie i rejestracja"}]},{"@type":"WebSite","@id":"https:\/\/chocospin.org\/pl\/#website","url":"https:\/\/chocospin.org\/pl\/","name":"Chocospin","description":"","publisher":{"@id":"https:\/\/chocospin.org\/pl\/#organization"},"potentialAction":[{"@type":"SearchAction","target":{"@type":"EntryPoint","urlTemplate":"https:\/\/chocospin.org\/pl\/?s={search_term_string}"},"query-input":{"@type":"PropertyValueSpecification","valueRequired":true,"valueName":"search_term_string"}}],"inLanguage":"pl-PL"},{"@type":"Organization","@id":"https:\/\/chocospin.org\/pl\/#organization","name":"Chocospin","url":"https:\/\/chocospin.org\/pl\/","logo":{"@type":"ImageObject","inLanguage":"pl-PL","@id":"https:\/\/chocospin.org\/pl\/#\/schema\/logo\/image\/","url":"https:\/\/chocospin.org\/wp-content\/uploads\/2025\/07\/80u1FaquEZeR6OUTeJCc.png","contentUrl":"https:\/\/chocospin.org\/wp-content\/uploads\/2025\/07\/80u1FaquEZeR6OUTeJCc.png","width":123,"height":20,"caption":"Chocospin"},"image":{"@id":"https:\/\/chocospin.org\/pl\/#\/schema\/logo\/image\/"}}]}},"_links":{"self":[{"href":"https:\/\/chocospin.org\/pl\/wp-json\/wp\/v2\/pages\/1472","targetHints":{"allow":["GET"]}}],"collection":[{"href":"https:\/\/chocospin.org\/pl\/wp-json\/wp\/v2\/pages"}],"about":[{"href":"https:\/\/chocospin.org\/pl\/wp-json\/wp\/v2\/types\/page"}],"author":[{"embeddable":true,"href":"https:\/\/chocospin.org\/pl\/wp-json\/wp\/v2\/users\/1"}],"replies":[{"embeddable":true,"href":"https:\/\/chocospin.org\/pl\/wp-json\/wp\/v2\/comments?post=1472"}],"version-history":[{"count":1,"href":"https:\/\/chocospin.org\/pl\/wp-json\/wp\/v2\/pages\/1472\/revisions"}],"predecessor-version":[{"id":1885,"href":"https:\/\/chocospin.org\/pl\/wp-json\/wp\/v2\/pages\/1472\/revisions\/1885"}],"wp:attachment":[{"href":"https:\/\/chocospin.org\/pl\/wp-json\/wp\/v2\/media?parent=1472"}],"curies":[{"name":"wp","href":"https:\/\/api.w.org\/{rel}","templated":true}]}}