{"id":1438,"date":"2026-02-19T10:20:53","date_gmt":"2026-02-19T10:20:53","guid":{"rendered":"https:\/\/chocospin.org\/bonus\/"},"modified":"2026-02-19T13:56:55","modified_gmt":"2026-02-19T13:56:55","slug":"bonus","status":"publish","type":"page","link":"https:\/\/chocospin.org\/pl\/bonus\/","title":{"rendered":"Bonus"},"content":{"rendered":"<h1>Promocje i bonusy Chocospin<\/h1>\n<p>Chocospin bonus system daje ka\u017cdemu polskiemu graczowi szans\u0119 na wygranie nagr\u00f3d pieni\u0119\u017cnych i darmowych spin\u00f3w. W kasynie nieustannie odbywaj\u0105 si\u0119 turnieje i loterie, kt\u00f3re daj\u0105 Ci szans\u0119 na wygranie nagr\u00f3d, kt\u00f3rych normalnie nie zdoby\u0142by\u015b podczas zwyk\u0142ej gry. Zosta\u0144 z nami i pnij si\u0119 w g\u00f3r\u0119 programu lojalno\u015bciowego, gdzie korzy\u015bci staj\u0105 si\u0119 naprawd\u0119 znacz\u0105ce.<\/p>\n<p><div class=\"banner-wrap\" aria-label=\"Banner\"><img src=\"https:\/\/chocospin.org\/wp-content\/uploads\/2026\/02\/Chocospin-banner-desktop.webp\" class=\"w-100 d-none d-lg-block img-pc main-banner-img\" alt=\"Chocospin banner desktop\" fetchpriority=\"high\" decoding=\"async\"><img src=\"https:\/\/chocospin.org\/wp-content\/uploads\/2026\/02\/Chocospin-Banner-mobile.webp\" class=\"w-100 d-none d-md-block d-lg-none main-banner-img\" alt=\"Chocospin Banner mobile\" fetchpriority=\"high\" decoding=\"async\"><img src=\"https:\/\/chocospin.org\/wp-content\/uploads\/2026\/02\/Chocospin-Banner-mobile.webp\" class=\"w-100 d-md-none\" alt=\"Chocospin Banner mobile\" fetchpriority=\"high\" decoding=\"async\"><div class=\"banner-description\">\n<div class=\"banner-title\">Bonusy powitalne<\/div>\n<p class=\"banner-header-title\">1500\u20ac<\/p>\n<div class=\"banner-header-AdditionalText\">+ 250 Darmowe spiny<\/div>\n<button data-item=\"homepage_banner_link\" class=\"goto m-button m-gradient-border m-button--primary m-button--large banner-button btn-orange\">\n            <div class=\"m-button-content\">\n                <span>Zarejestruj si\u0119 teraz<\/span>\n                <span><\/span>\n            <\/div>\n        <\/button>\n<\/div>\n<div class=\"WelcomePack\">\n<p><img loading=\"lazy\" decoding=\"async\" class=\"alignnone size-full wp-image-1392\" src=\"https:\/\/chocospin.org\/wp-content\/uploads\/2026\/02\/welcome-crown.png\" alt=\"welcome crown\" width=\"25\" height=\"26\" \/><\/p>\n<div class=\"WelcomePack-Info\">Cotygodniowy zwrot got\u00f3wki do 25%<\/div>\n<p><img loading=\"lazy\" decoding=\"async\" class=\"alignnone size-full wp-image-1392\" src=\"https:\/\/chocospin.org\/wp-content\/uploads\/2026\/02\/welcome-crown.png\" alt=\"welcome crown\" width=\"25\" height=\"26\" \/><\/p>\n<\/div>\n<\/div><div class=\"promotions-wrap\"><div class=\"promotion-card\" style=\"background-image: url(https:\/\/chocospin.org\/wp-content\/uploads\/2026\/02\/First-deposit.webp);\"><h2 class=\"promotion-card__title\">Bonus od pierwszego depozytu<\/h2><label class=\"promotion-card__offer\">100% do 500 \u20ac + 150 darmowych spin\u00f3w<\/label><label class=\"promotion-card__description\"><\/label><div class=\"promotion-card__actions\"><button data-item=\"payments_link\" data-group=\"website_links\" class=\"goto btn btn-orange rounded-pill fw-bold px-4 m-button m-gradient-border m-button--primary m-button--large promotion-button promotion-card__action-btn\" aria-label=\"Zarejestruj si\u0119\"><div class=\"m-button-content\"><span class=\"promotion-button__content\">Zarejestruj si\u0119<\/span><\/div><\/button><button data-item=\"http:\/\/bonus_link\" data-group=\"website_links\" class=\"goto m-button m-gradient-border m-button--secondary m-button--medium promotion-card__info-btn\" aria-label=\"More information\"><div class=\"m-button-content\"><svg viewBox=\"0 0 24 24\" fill=\"none\" xmlns=\"http:\/\/www.w3.org\/2000\/svg\" class=\"m-icon m-icon-loadable\" name=\"Attention\" loading=\"false\" aria-hidden=\"true\"><path d=\"M12 22C6.477 22 2 17.522 2 12S6.477 2 12 2s10 4.478 10 10-4.477 10-10 10m-.002-13.004a.999.999 0 1 0 0-1.997.999.999 0 0 0 0 1.997M12 17a1 1 0 0 0 .993-.884L13 16l-.002-5.001-.007-.117a1 1 0 0 0-1.986 0l-.007.117L11 16l.007.117A1 1 0 0 0 12 17\" fill=\"currentColor\"><\/path><\/svg><\/div><\/button><\/div><\/div><div class=\"promotion-card\" style=\"background-image: url(https:\/\/chocospin.org\/wp-content\/uploads\/2026\/02\/Second-deposit.webp);\"><h2 class=\"promotion-card__title\">Bonus za drug\u0105 wp\u0142at\u0119<\/h2><label class=\"promotion-card__offer\">55% do 500 \u20ac + 100 darmowych spin\u00f3w<\/label><label class=\"promotion-card__description\"><\/label><div class=\"promotion-card__actions\"><button data-item=\"payments_link\" data-group=\"website_links\" class=\"goto btn btn-orange rounded-pill fw-bold px-4 m-button m-gradient-border m-button--primary m-button--large promotion-button promotion-card__action-btn\" aria-label=\"Zarejestruj si\u0119\"><div class=\"m-button-content\"><span class=\"promotion-button__content\">Zarejestruj si\u0119<\/span><\/div><\/button><button data-item=\"http:\/\/bonus_link\" data-group=\"website_links\" class=\"goto m-button m-gradient-border m-button--secondary m-button--medium promotion-card__info-btn\" aria-label=\"More information\"><div class=\"m-button-content\"><svg viewBox=\"0 0 24 24\" fill=\"none\" xmlns=\"http:\/\/www.w3.org\/2000\/svg\" class=\"m-icon m-icon-loadable\" name=\"Attention\" loading=\"false\" aria-hidden=\"true\"><path d=\"M12 22C6.477 22 2 17.522 2 12S6.477 2 12 2s10 4.478 10 10-4.477 10-10 10m-.002-13.004a.999.999 0 1 0 0-1.997.999.999 0 0 0 0 1.997M12 17a1 1 0 0 0 .993-.884L13 16l-.002-5.001-.007-.117a1 1 0 0 0-1.986 0l-.007.117L11 16l.007.117A1 1 0 0 0 12 17\" fill=\"currentColor\"><\/path><\/svg><\/div><\/button><\/div><\/div><div class=\"promotion-card\" style=\"background-image: url(https:\/\/chocospin.org\/wp-content\/uploads\/2026\/02\/Third-deposit.webp);\"><h2 class=\"promotion-card__title\">Bonus za trzeci\u0105 wp\u0142at\u0119<\/h2><label class=\"promotion-card__offer\">100% do 500 \u20ac<\/label><label class=\"promotion-card__description\"><\/label><div class=\"promotion-card__actions\"><button data-item=\"payments_link\" data-group=\"website_links\" class=\"goto btn btn-orange rounded-pill fw-bold px-4 m-button m-gradient-border m-button--primary m-button--large promotion-button promotion-card__action-btn\" aria-label=\"Zarejestruj si\u0119\"><div class=\"m-button-content\"><span class=\"promotion-button__content\">Zarejestruj si\u0119<\/span><\/div><\/button><button data-item=\"http:\/\/bonus_link\" data-group=\"website_links\" class=\"goto m-button m-gradient-border m-button--secondary m-button--medium promotion-card__info-btn\" aria-label=\"More information\"><div class=\"m-button-content\"><svg viewBox=\"0 0 24 24\" fill=\"none\" xmlns=\"http:\/\/www.w3.org\/2000\/svg\" class=\"m-icon m-icon-loadable\" name=\"Attention\" loading=\"false\" aria-hidden=\"true\"><path d=\"M12 22C6.477 22 2 17.522 2 12S6.477 2 12 2s10 4.478 10 10-4.477 10-10 10m-.002-13.004a.999.999 0 1 0 0-1.997.999.999 0 0 0 0 1.997M12 17a1 1 0 0 0 .993-.884L13 16l-.002-5.001-.007-.117a1 1 0 0 0-1.986 0l-.007.117L11 16l.007.117A1 1 0 0 0 12 17\" fill=\"currentColor\"><\/path><\/svg><\/div><\/button><\/div><\/div><div class=\"promotion-card\" style=\"background-image: url(https:\/\/chocospin.org\/wp-content\/uploads\/2026\/02\/Cashback.webp);\"><h2 class=\"promotion-card__title\">Cotygodniowy zwrot got\u00f3wki<\/h2><label class=\"promotion-card__offer\">do 25%<\/label><label class=\"promotion-card__description\"><\/label><div class=\"promotion-card__actions\"><button data-item=\"payments_link\" data-group=\"website_links\" class=\"goto btn btn-orange rounded-pill fw-bold px-4 m-button m-gradient-border m-button--primary m-button--large promotion-button promotion-card__action-btn\" aria-label=\"Zarejestruj si\u0119\"><div class=\"m-button-content\"><span class=\"promotion-button__content\">Zarejestruj si\u0119<\/span><\/div><\/button><button data-item=\"http:\/\/bonus_link\" data-group=\"website_links\" class=\"goto m-button m-gradient-border m-button--secondary m-button--medium promotion-card__info-btn\" aria-label=\"More information\"><div class=\"m-button-content\"><svg viewBox=\"0 0 24 24\" fill=\"none\" xmlns=\"http:\/\/www.w3.org\/2000\/svg\" class=\"m-icon m-icon-loadable\" name=\"Attention\" loading=\"false\" aria-hidden=\"true\"><path d=\"M12 22C6.477 22 2 17.522 2 12S6.477 2 12 2s10 4.478 10 10-4.477 10-10 10m-.002-13.004a.999.999 0 1 0 0-1.997.999.999 0 0 0 0 1.997M12 17a1 1 0 0 0 .993-.884L13 16l-.002-5.001-.007-.117a1 1 0 0 0-1.986 0l-.007.117L11 16l.007.117A1 1 0 0 0 12 17\" fill=\"currentColor\"><\/path><\/svg><\/div><\/button><\/div><\/div><div class=\"promotion-card\" style=\"background-image: url(https:\/\/chocospin.org\/wp-content\/uploads\/2026\/02\/Sunday-reload.webp);\"><h2 class=\"promotion-card__title\">Niedzielna do\u0142adowanie<\/h2><label class=\"promotion-card__offer\">25% do 100 \u20ac<\/label><label class=\"promotion-card__description\"><\/label><div class=\"promotion-card__actions\"><button data-item=\"payments_link\" data-group=\"website_links\" class=\"goto btn btn-orange rounded-pill fw-bold px-4 m-button m-gradient-border m-button--primary m-button--large promotion-button promotion-card__action-btn\" aria-label=\"Zarejestruj si\u0119\"><div class=\"m-button-content\"><span class=\"promotion-button__content\">Zarejestruj si\u0119<\/span><\/div><\/button><button data-item=\"http:\/\/bonus_link\" data-group=\"website_links\" class=\"goto m-button m-gradient-border m-button--secondary m-button--medium promotion-card__info-btn\" aria-label=\"More information\"><div class=\"m-button-content\"><svg viewBox=\"0 0 24 24\" fill=\"none\" xmlns=\"http:\/\/www.w3.org\/2000\/svg\" class=\"m-icon m-icon-loadable\" name=\"Attention\" loading=\"false\" aria-hidden=\"true\"><path d=\"M12 22C6.477 22 2 17.522 2 12S6.477 2 12 2s10 4.478 10 10-4.477 10-10 10m-.002-13.004a.999.999 0 1 0 0-1.997.999.999 0 0 0 0 1.997M12 17a1 1 0 0 0 .993-.884L13 16l-.002-5.001-.007-.117a1 1 0 0 0-1.986 0l-.007.117L11 16l.007.117A1 1 0 0 0 12 17\" fill=\"currentColor\"><\/path><\/svg><\/div><\/button><\/div><\/div><\/div><div class=\"scrollable-content-wrap my-5\"><div class=\"scrollable-content-inner\"><h2>Opcje bonusowe dla ka\u017cdego gracza<\/h2>\n<p>Choco Spin Casino oferuje promocje dla wszystkich graczy. Oferta powitalna jest warta do 1 500 \u20ac plus 250 darmowych spin\u00f3w, co daje Ci wiele okazji do odkrywania biblioteki gier przy u\u017cyciu bonusowych pieni\u0119dzy. Poza tym pakietem pocz\u0105tkowym, bie\u017c\u0105ce promocje zwracaj\u0105 cz\u0119\u015b\u0107 Twojej inwestycji w gry, \u0142agodz\u0105c nieuniknione trudno\u015bci.<\/p>\n<ul>\n<li>Cotygodniowy cashback zwraca procent strat z sesji, w kt\u00f3rych nic nie posz\u0142o dobrze, \u0142agodz\u0105c finansowy cios.<\/li>\n<li>Sunday Reload uzupe\u0142nia weekendowe depozyty, dzi\u0119ki czemu nie grasz tylko tym, co wp\u0142aci\u0142e\u015b.<\/li>\n<\/ul>\n<p>Turnieje i loterie w Chocospin zwi\u0119kszaj\u0105 Twoje szanse na wygran\u0105 ponad to, co oferuje standardowa rozgrywka. Kampanie obejmuj\u0105 automaty online i sto\u0142y z krupierem na \u017cywo, daj\u0105c Ci szans\u0119 na wygranie ogromnych pul nagr\u00f3d tylko za granie w gry, w kt\u00f3re i tak by\u015b gra\u0142. Ko\u0142a nagr\u00f3d pojawiaj\u0105 si\u0119, gdy dokonujesz wp\u0142aty \u2013 zakr\u0119\u0107, aby otrzyma\u0107 rundy bonusowe, darmowe spiny i inne losowe korzy\u015bci.<\/p>\n<p>Program lojalno\u015bciowy nagradza lojalno\u015b\u0107. W systemie istniej\u0105 cztery poziomy, a wy\u017csze poziomy oferuj\u0105 sta\u0142ym bywalcom Chocospin Casino korzy\u015bci VIP, kt\u00f3re naprawd\u0119 zmieni\u0105 Twoje do\u015bwiadczenia. Cotygodniowy rakeback jest przyk\u0142adem tego, co odblokowujesz, gdy osi\u0105gniesz szczyt. Aby si\u0119 tam dosta\u0107, wymagane s\u0105 znaczne depozyty i powa\u017cny wolumen zak\u0142ad\u00f3w.<\/p>\n<h2>Oferta powitalna Choco Spin<\/h2>\n<p>Nowi u\u017cytkownicy otrzymuj\u0105 specjalny bonus Chocospin. \u0141\u0105cznie 1 500 \u20ac plus 250 darmowych spin\u00f3w jest roz\u0142o\u017cone na pierwsze trzy depozyty.<\/p>\n<p>Pierwsza wp\u0142ata jest premiowana 100% dopasowaniem do 500 \u20ac plus 150 darmowych spin\u00f3w \u2013 wp\u0142a\u0107 pe\u0142ne 500 \u20ac i od razu b\u0119dziesz mie\u0107 1 000 \u20ac do gry. Drugi depozyt otrzymuje 55% dopasowania do 500 \u20ac plus 100 darmowych spin\u00f3w. Aby maksymalnie wykorzysta\u0107 dost\u0119pne \u015brodki, musisz wp\u0142aci\u0107 oko\u0142o 910 \u20ac. Trzeci depozyt oferuje 100% dopasowania do 500 \u20ac, ale zmniejsza liczb\u0119 darmowych spin\u00f3w. Nadal podwaja Twoje pieni\u0105dze, je\u015bli wp\u0142acisz pe\u0142n\u0105 kwot\u0119.<\/p>\n<p>Im wi\u0119kszy depozyt, tym wi\u0119cej bonusowej got\u00f3wki Choco Spin i darmowych spin\u00f3w otrzymasz. Oferty powitalne s\u0105 ograniczone do 500 \u20ac na p\u0142atno\u015b\u0107, niezale\u017cnie od wp\u0142aconej kwoty. Jednak wi\u0119ksze depozyty przyspieszaj\u0105 gromadzenie punkt\u00f3w lojalno\u015bciowych, przybli\u017caj\u0105c Ci\u0119 do korzy\u015bci VIP, kt\u00f3re ostatecznie przy\u0107miewaj\u0105 bonusy powitalne, gdy tylko si\u0119 do nich zakwalifikujesz.<\/p>\n<h2>Konkursy i turnieje Chocospin<\/h2>\n<p>Turnieje stanowi\u0105 du\u017c\u0105 cz\u0119\u015b\u0107 oferty bonusowej Chocospin. Regularne i sezonowe kampanie nak\u0142adaj\u0105 si\u0119 na siebie, zapewniaj\u0105c graczom nieograniczone mo\u017cliwo\u015bci rywalizacji.<\/p>\n<table>\n<tbody>\n<tr>\n<td>Nazwa turnieju<\/td>\n<td>Pula nagr\u00f3d<\/td>\n<td>Czego mo\u017cna si\u0119 spodziewa\u0107<\/td>\n<\/tr>\n<tr>\n<td>Spinoleague<\/td>\n<td>12 000 000 \u20ac<\/td>\n<td>Ogromny konkurs Chocospin Casino obejmuj\u0105cy wszystkie automaty od g\u0142\u00f3wnych dostawc\u00f3w. Trwa on w postaci po\u0142\u0105czonych rund trwaj\u0105cych miesi\u0105cami. Twoja cz\u0119\u015b\u0107 wsp\u00f3lnej puli nagr\u00f3d wynika z osi\u0105gni\u0119cia lepszych wynik\u00f3w ni\u017c konkurencja i zapewnienia sobie wysokiej pozycji w tabeli wynik\u00f3w.<\/td>\n<\/tr>\n<tr>\n<td>Turniej na \u017cywo<\/td>\n<td>10 000 \u20ac<\/td>\n<td>Mniejszy konkurs ograniczony wy\u0142\u0105cznie do gier kasynowych na \u017cywo Chocospin. Pula nagr\u00f3d jest resetowana co trzy dni, co zwi\u0119ksza Twoje szanse na wygran\u0105.<\/td>\n<\/tr>\n<\/tbody>\n<\/table>\n<h2>Wytyczne dotycz\u0105ce warunk\u00f3w bonus\u00f3w<\/h2>\n<p>Ka\u017cdy bonus Chocospin wi\u0105\u017ce si\u0119 z warunkami, kt\u00f3re musisz spe\u0142ni\u0107, zanim b\u0119dziesz m\u00f3g\u0142 wyp\u0142aci\u0107 wygrane. Typowe szczeg\u00f3\u0142y dotycz\u0105ce wi\u0119kszo\u015bci ofert:<\/p>\n<ul>\n<li>Wymagania dotycz\u0105ce obrotu, kt\u00f3re okre\u015blaj\u0105, ile musisz postawi\u0107, zanim b\u0119dziesz m\u00f3g\u0142 wyp\u0142aci\u0107 wygrane<\/li>\n<li>Limity czasowe, kt\u00f3re okre\u015blaj\u0105, ile czasu pozosta\u0142o do wyga\u015bni\u0119cia bonusu Choco Spin, je\u015bli nie zostanie on wykorzystany<\/li>\n<li>Ograniczenia dotycz\u0105ce gier, kt\u00f3re informuj\u0105, kt\u00f3re tytu\u0142y faktycznie licz\u0105 si\u0119 do wyczyszczenia bonusu<\/li>\n<li>Minimalne kwoty depozytu, kt\u00f3re s\u0105 potrzebne, aby w og\u00f3le uruchomi\u0107 bonus<\/li>\n<li>Limity cz\u0119stotliwo\u015bci korzystania z oferty, kt\u00f3re okre\u015blaj\u0105, jak cz\u0119sto mo\u017cna skorzysta\u0107 z tej samej oferty<\/li>\n<li>Wytyczne dotycz\u0105ce uczciwej gry, kt\u00f3re zapobiegaj\u0105 nadu\u017cywaniu systemu<\/li>\n<\/ul>\n<p>Bonus powitalny w kasynie Chocospin pozostaje aktywny przez siedem dni od momentu jego aktywacji. Mo\u017cesz go odebra\u0107 raz po rejestracji, a nast\u0119pnie obr\u00f3ci\u0107 35-krotno\u015bci\u0105 kwoty bonusu. Oznacza to, \u017ce bonus w wysoko\u015bci 500 \u20ac wymaga \u0142\u0105cznie 17 500 \u20ac zak\u0142ad\u00f3w, zanim b\u0119dzie mo\u017cna wyp\u0142aci\u0107 jakiekolwiek \u015brodki. Automaty online w pe\u0142ni licz\u0105 si\u0119 do tej sumy, co czyni je najszybsz\u0105 opcj\u0105 w por\u00f3wnaniu z grami sto\u0142owymi, gdzie ka\u017cdy zak\u0142ad stanowi tylko niewielk\u0105 kwot\u0119.<\/p>\n<h2>FAQ<\/h2>\n<h3>Ile razy musisz obstawi\u0107 bonus, zanim b\u0119dziesz m\u00f3g\u0142 go wyp\u0142aci\u0107?<\/h3>\n<p>To zale\u017cy od tego, jaki bonus otrzyma\u0142e\u015b. Ka\u017cdy bonus Chocospin wi\u0105\u017ce si\u0119 z wymogiem obrotu, kt\u00f3ry pokazuje, ile musisz zagra\u0107, zanim b\u0119dziesz m\u00f3g\u0142 wyp\u0142aci\u0107 jakiekolwiek \u015brodki. Informacja ta zawsze pojawia si\u0119 w warunkach bonusu, wi\u0119c znasz dok\u0142adny mno\u017cnik z g\u00f3ry, zanim zdecydujesz si\u0119 go aktywowa\u0107. Po spe\u0142nieniu wymaga\u0144 dotycz\u0105cych obrotu wszelkie pozosta\u0142e wygrane mo\u017cna wyp\u0142aci\u0107.<\/p>\n<h3>Czy zasady turniej\u00f3w i promocji s\u0105 r\u00f3\u017cne?<\/h3>\n<p>Dzia\u0142aj\u0105 one w r\u00f3\u017cny spos\u00f3b. Turnieje Chocospin dzia\u0142aj\u0105 na w\u0142asnych zasadach, zw\u0142aszcza w zakresie przyznawania punkt\u00f3w, podzia\u0142u nagr\u00f3d i gier, kt\u00f3re si\u0119 licz\u0105. Promocje, takie jak bonusy od depozytu lub darmowe spiny, koncentruj\u0105 si\u0119 bardziej na wymaganiach dotycz\u0105cych obrotu i limitach czasowych. Kasyno Chocospin wyra\u017anie rozdziela te zasady, dzi\u0119ki czemu zawsze wiesz, jakie warunki maj\u0105 zastosowanie do Twojej aktywno\u015bci.<\/p>\n<h3>Czy mog\u0119 natychmiast wyp\u0142aci\u0107 wygrane z bonusu?<\/h3>\n<p>Wygrane z bonus\u00f3w nie s\u0105 odblokowywane natychmiast. Najpierw musisz spe\u0142ni\u0107 wymagania dotycz\u0105ce obrotu, a nast\u0119pnie przej\u015b\u0107 proces weryfikacji, je\u015bli jeszcze tego nie zrobi\u0142e\u015b. Po pokonaniu obu tych przeszk\u00f3d mo\u017cesz z\u0142o\u017cy\u0107 wniosek o wyp\u0142at\u0119, korzystaj\u0105c z dowolnej preferowanej metody p\u0142atno\u015bci, o ile nie przekroczysz standardowych limit\u00f3w wyp\u0142at ustalonych przez Choco Spin Casino.<\/p>\n<\/div><\/div><\/p>\n","protected":false},"excerpt":{"rendered":"<p>Promocje i bonusy Chocospin Chocospin bonus system daje ka\u017cdemu polskiemu graczowi szans\u0119 na wygranie nagr\u00f3d pieni\u0119\u017cnych i darmowych spin\u00f3w. W kasynie nieustannie odbywaj\u0105 si\u0119 turnieje i loterie, kt\u00f3re daj\u0105 Ci szans\u0119 na wygranie nagr\u00f3d, kt\u00f3rych normalnie nie zdoby\u0142by\u015b podczas zwyk\u0142ej gry. Zosta\u0144 z nami i pnij si\u0119 w g\u00f3r\u0119 programu lojalno\u015bciowego, gdzie korzy\u015bci staj\u0105 si\u0119 [&hellip;]<\/p>\n","protected":false},"author":1,"featured_media":0,"parent":0,"menu_order":0,"comment_status":"closed","ping_status":"closed","template":"template-builder.php","meta":{"_acf_changed":false,"inline_featured_image":false,"footnotes":""},"class_list":["post-1438","page","type-page","status-publish","hentry"],"acf":[],"yoast_head":"<!-- This site is optimized with the Yoast SEO plugin v27.3 - https:\/\/yoast.com\/product\/yoast-seo-wordpress\/ -->\n<title>Bonuses i promocje - Chocospin \u0421asino<\/title>\n<meta name=\"description\" content=\"Choco Spin bonuses obejmuj\u0105 oferty powitalne, bonusy od depozytu i darmowe spiny. Turnieje i nagrody za lojalno\u015b\u0107 podtrzymuj\u0105 emocje. \u0141atwe do zrozumienia zasady sprawiaj\u0105, \u017ce ka\u017cda promocja jest jasna i dost\u0119pna.\" \/>\n<meta name=\"robots\" content=\"index, follow, max-snippet:-1, max-image-preview:large, max-video-preview:-1\" \/>\n<link rel=\"canonical\" href=\"https:\/\/chocospin.org\/pl\/bonus\/\" \/>\n<meta property=\"og:locale\" content=\"pl_PL\" \/>\n<meta property=\"og:type\" content=\"article\" \/>\n<meta property=\"og:title\" content=\"Bonuses i promocje - Chocospin \u0421asino\" \/>\n<meta property=\"og:description\" content=\"Choco Spin bonuses obejmuj\u0105 oferty powitalne, bonusy od depozytu i darmowe spiny. Turnieje i nagrody za lojalno\u015b\u0107 podtrzymuj\u0105 emocje. \u0141atwe do zrozumienia zasady sprawiaj\u0105, \u017ce ka\u017cda promocja jest jasna i dost\u0119pna.\" \/>\n<meta property=\"og:url\" content=\"https:\/\/chocospin.org\/pl\/bonus\/\" \/>\n<meta property=\"og:site_name\" content=\"chocospin\" \/>\n<meta property=\"article:modified_time\" content=\"2026-02-19T13:56:55+00:00\" \/>\n<meta name=\"twitter:card\" content=\"summary_large_image\" \/>\n<meta name=\"twitter:label1\" content=\"Est. reading time\" \/>\n\t<meta name=\"twitter:data1\" content=\"1 minute\" \/>\n<script type=\"application\/ld+json\" class=\"yoast-schema-graph\">{\"@context\":\"https:\\\/\\\/schema.org\",\"@graph\":[{\"@type\":\"WebPage\",\"@id\":\"https:\\\/\\\/chocospin.org\\\/pl\\\/bonus\\\/\",\"url\":\"https:\\\/\\\/chocospin.org\\\/pl\\\/bonus\\\/\",\"name\":\"Bonuses i promocje - Chocospin \u0421asino\",\"isPartOf\":{\"@id\":\"https:\\\/\\\/chocospin.org\\\/pl\\\/#website\"},\"datePublished\":\"2026-02-19T10:20:53+00:00\",\"dateModified\":\"2026-02-19T13:56:55+00:00\",\"description\":\"Choco Spin bonuses obejmuj\u0105 oferty powitalne, bonusy od depozytu i darmowe spiny. Turnieje i nagrody za lojalno\u015b\u0107 podtrzymuj\u0105 emocje. \u0141atwe do zrozumienia zasady sprawiaj\u0105, \u017ce ka\u017cda promocja jest jasna i dost\u0119pna.\",\"breadcrumb\":{\"@id\":\"https:\\\/\\\/chocospin.org\\\/pl\\\/bonus\\\/#breadcrumb\"},\"inLanguage\":\"pl-PL\",\"potentialAction\":[{\"@type\":\"ReadAction\",\"target\":[\"https:\\\/\\\/chocospin.org\\\/pl\\\/bonus\\\/\"]}]},{\"@type\":\"BreadcrumbList\",\"@id\":\"https:\\\/\\\/chocospin.org\\\/pl\\\/bonus\\\/#breadcrumb\",\"itemListElement\":[{\"@type\":\"ListItem\",\"position\":1,\"name\":\"Chocospin\",\"item\":\"https:\\\/\\\/chocospin.org\\\/pl\\\/\"},{\"@type\":\"ListItem\",\"position\":2,\"name\":\"Bonus\"}]},{\"@type\":\"WebSite\",\"@id\":\"https:\\\/\\\/chocospin.org\\\/pl\\\/#website\",\"url\":\"https:\\\/\\\/chocospin.org\\\/pl\\\/\",\"name\":\"Chocospin\",\"description\":\"\",\"publisher\":{\"@id\":\"https:\\\/\\\/chocospin.org\\\/pl\\\/#organization\"},\"potentialAction\":[{\"@type\":\"SearchAction\",\"target\":{\"@type\":\"EntryPoint\",\"urlTemplate\":\"https:\\\/\\\/chocospin.org\\\/pl\\\/?s={search_term_string}\"},\"query-input\":{\"@type\":\"PropertyValueSpecification\",\"valueRequired\":true,\"valueName\":\"search_term_string\"}}],\"inLanguage\":\"pl-PL\"},{\"@type\":\"Organization\",\"@id\":\"https:\\\/\\\/chocospin.org\\\/pl\\\/#organization\",\"name\":\"Chocospin\",\"url\":\"https:\\\/\\\/chocospin.org\\\/pl\\\/\",\"logo\":{\"@type\":\"ImageObject\",\"inLanguage\":\"pl-PL\",\"@id\":\"https:\\\/\\\/chocospin.org\\\/pl\\\/#\\\/schema\\\/logo\\\/image\\\/\",\"url\":\"https:\\\/\\\/chocospin.org\\\/wp-content\\\/uploads\\\/2025\\\/07\\\/80u1FaquEZeR6OUTeJCc.png\",\"contentUrl\":\"https:\\\/\\\/chocospin.org\\\/wp-content\\\/uploads\\\/2025\\\/07\\\/80u1FaquEZeR6OUTeJCc.png\",\"width\":123,\"height\":20,\"caption\":\"Chocospin\"},\"image\":{\"@id\":\"https:\\\/\\\/chocospin.org\\\/pl\\\/#\\\/schema\\\/logo\\\/image\\\/\"}}]}<\/script>\n<!-- \/ Yoast SEO plugin. -->","yoast_head_json":{"title":"Bonuses i promocje - Chocospin \u0421asino","description":"Choco Spin bonuses obejmuj\u0105 oferty powitalne, bonusy od depozytu i darmowe spiny. Turnieje i nagrody za lojalno\u015b\u0107 podtrzymuj\u0105 emocje. \u0141atwe do zrozumienia zasady sprawiaj\u0105, \u017ce ka\u017cda promocja jest jasna i dost\u0119pna.","robots":{"index":"index","follow":"follow","max-snippet":"max-snippet:-1","max-image-preview":"max-image-preview:large","max-video-preview":"max-video-preview:-1"},"canonical":"https:\/\/chocospin.org\/pl\/bonus\/","og_locale":"pl_PL","og_type":"article","og_title":"Bonuses i promocje - Chocospin \u0421asino","og_description":"Choco Spin bonuses obejmuj\u0105 oferty powitalne, bonusy od depozytu i darmowe spiny. Turnieje i nagrody za lojalno\u015b\u0107 podtrzymuj\u0105 emocje. \u0141atwe do zrozumienia zasady sprawiaj\u0105, \u017ce ka\u017cda promocja jest jasna i dost\u0119pna.","og_url":"https:\/\/chocospin.org\/pl\/bonus\/","og_site_name":"chocospin","article_modified_time":"2026-02-19T13:56:55+00:00","twitter_card":"summary_large_image","twitter_misc":{"Est. reading time":"1 minute"},"schema":{"@context":"https:\/\/schema.org","@graph":[{"@type":"WebPage","@id":"https:\/\/chocospin.org\/pl\/bonus\/","url":"https:\/\/chocospin.org\/pl\/bonus\/","name":"Bonuses i promocje - Chocospin \u0421asino","isPartOf":{"@id":"https:\/\/chocospin.org\/pl\/#website"},"datePublished":"2026-02-19T10:20:53+00:00","dateModified":"2026-02-19T13:56:55+00:00","description":"Choco Spin bonuses obejmuj\u0105 oferty powitalne, bonusy od depozytu i darmowe spiny. Turnieje i nagrody za lojalno\u015b\u0107 podtrzymuj\u0105 emocje. \u0141atwe do zrozumienia zasady sprawiaj\u0105, \u017ce ka\u017cda promocja jest jasna i dost\u0119pna.","breadcrumb":{"@id":"https:\/\/chocospin.org\/pl\/bonus\/#breadcrumb"},"inLanguage":"pl-PL","potentialAction":[{"@type":"ReadAction","target":["https:\/\/chocospin.org\/pl\/bonus\/"]}]},{"@type":"BreadcrumbList","@id":"https:\/\/chocospin.org\/pl\/bonus\/#breadcrumb","itemListElement":[{"@type":"ListItem","position":1,"name":"Chocospin","item":"https:\/\/chocospin.org\/pl\/"},{"@type":"ListItem","position":2,"name":"Bonus"}]},{"@type":"WebSite","@id":"https:\/\/chocospin.org\/pl\/#website","url":"https:\/\/chocospin.org\/pl\/","name":"Chocospin","description":"","publisher":{"@id":"https:\/\/chocospin.org\/pl\/#organization"},"potentialAction":[{"@type":"SearchAction","target":{"@type":"EntryPoint","urlTemplate":"https:\/\/chocospin.org\/pl\/?s={search_term_string}"},"query-input":{"@type":"PropertyValueSpecification","valueRequired":true,"valueName":"search_term_string"}}],"inLanguage":"pl-PL"},{"@type":"Organization","@id":"https:\/\/chocospin.org\/pl\/#organization","name":"Chocospin","url":"https:\/\/chocospin.org\/pl\/","logo":{"@type":"ImageObject","inLanguage":"pl-PL","@id":"https:\/\/chocospin.org\/pl\/#\/schema\/logo\/image\/","url":"https:\/\/chocospin.org\/wp-content\/uploads\/2025\/07\/80u1FaquEZeR6OUTeJCc.png","contentUrl":"https:\/\/chocospin.org\/wp-content\/uploads\/2025\/07\/80u1FaquEZeR6OUTeJCc.png","width":123,"height":20,"caption":"Chocospin"},"image":{"@id":"https:\/\/chocospin.org\/pl\/#\/schema\/logo\/image\/"}}]}},"_links":{"self":[{"href":"https:\/\/chocospin.org\/pl\/wp-json\/wp\/v2\/pages\/1438","targetHints":{"allow":["GET"]}}],"collection":[{"href":"https:\/\/chocospin.org\/pl\/wp-json\/wp\/v2\/pages"}],"about":[{"href":"https:\/\/chocospin.org\/pl\/wp-json\/wp\/v2\/types\/page"}],"author":[{"embeddable":true,"href":"https:\/\/chocospin.org\/pl\/wp-json\/wp\/v2\/users\/1"}],"replies":[{"embeddable":true,"href":"https:\/\/chocospin.org\/pl\/wp-json\/wp\/v2\/comments?post=1438"}],"version-history":[{"count":2,"href":"https:\/\/chocospin.org\/pl\/wp-json\/wp\/v2\/pages\/1438\/revisions"}],"predecessor-version":[{"id":1891,"href":"https:\/\/chocospin.org\/pl\/wp-json\/wp\/v2\/pages\/1438\/revisions\/1891"}],"wp:attachment":[{"href":"https:\/\/chocospin.org\/pl\/wp-json\/wp\/v2\/media?parent=1438"}],"curies":[{"name":"wp","href":"https:\/\/api.w.org\/{rel}","templated":true}]}}