{"id":1424,"date":"2026-02-19T10:07:18","date_gmt":"2026-02-19T10:07:18","guid":{"rendered":"https:\/\/chocospin.org\/app\/"},"modified":"2026-02-19T14:36:58","modified_gmt":"2026-02-19T14:36:58","slug":"aplikacja","status":"publish","type":"page","link":"https:\/\/chocospin.org\/pl\/aplikacja\/","title":{"rendered":"Aplikacja"},"content":{"rendered":"<h1>Aplikacja Chocospin na urz\u0105dzenia mobilne i platformy internetowe<\/h1>\n<p>Dzi\u0119ki Chocospin App wszystko, od modnych automat\u00f3w online po sto\u0142y z krupierami na \u017cywo, staje si\u0119 dost\u0119pne, gdy robisz cokolwiek innego. Progresywne jackpoty, gry sto\u0142owe, ca\u0142y katalog \u2013 wszystko to dzia\u0142a, gdy jeste\u015b w drodze lub sp\u0119dzasz czas gdzie\u015b poza domem. Aplikacja dzia\u0142a na ka\u017cdym urz\u0105dzeniu, jakie posiadaj\u0105 gracze z Polski: iOS, Android, a nawet komputer z systemem Windows lub Mac, je\u015bli chcesz.<\/p>\n<div class=\"banner-wrap\" aria-label=\"Banner\"><img src=\"https:\/\/chocospin.org\/wp-content\/uploads\/2026\/02\/Chocospin-banner-desktop.webp\" class=\"w-100 d-none d-lg-block img-pc main-banner-img\" alt=\"Chocospin banner desktop\" fetchpriority=\"high\" decoding=\"async\"><img src=\"https:\/\/chocospin.org\/wp-content\/uploads\/2026\/02\/Chocospin-Banner-mobile.webp\" class=\"w-100 d-none d-md-block d-lg-none main-banner-img\" alt=\"Chocospin Banner mobile\" fetchpriority=\"high\" decoding=\"async\"><img src=\"https:\/\/chocospin.org\/wp-content\/uploads\/2026\/02\/Chocospin-Banner-mobile.webp\" class=\"w-100 d-md-none\" alt=\"Chocospin Banner mobile\" fetchpriority=\"high\" decoding=\"async\"><div class=\"banner-description\">\n<div class=\"banner-title\">Bonusy powitalne<\/div>\n<p class=\"banner-header-title\">1500\u20ac<\/p>\n<div class=\"banner-header-AdditionalText\">+ 250 Darmowe spiny<\/div>\n<button data-item=\"homepage_banner_link\" class=\"goto m-button m-gradient-border m-button--primary m-button--large banner-button btn-orange\">\n            <div class=\"m-button-content\">\n                <span>Zarejestruj si\u0119 teraz<\/span>\n                <span><\/span>\n            <\/div>\n        <\/button>\n<\/div>\n<div class=\"WelcomePack\">\n<p><img loading=\"lazy\" decoding=\"async\" class=\"alignnone size-full wp-image-1392\" src=\"https:\/\/chocospin.org\/wp-content\/uploads\/2026\/02\/welcome-crown.png\" alt=\"welcome crown\" width=\"25\" height=\"26\" \/><\/p>\n<div class=\"WelcomePack-Info\">Cotygodniowy zwrot got\u00f3wki do 25%<\/div>\n<p><img loading=\"lazy\" decoding=\"async\" class=\"alignnone size-full wp-image-1392\" src=\"https:\/\/chocospin.org\/wp-content\/uploads\/2026\/02\/welcome-crown.png\" alt=\"welcome crown\" width=\"25\" height=\"26\" \/><\/p>\n<\/div>\n<\/div>\n<h2>Funkcje i zalety aplikacji mobilnej Chocospin<\/h2>\n<p>Kasyno Chocospin stworzy\u0142o aplikacj\u0119 jako progresywn\u0105 aplikacj\u0119 internetow\u0105. Brzmi to technicznie, ale oznacza to po prostu sprytny skr\u00f3t do strony internetowej. Po zainstalowaniu aplikacji na urz\u0105dzeniu z systemem Android lub iOS nie potrzebujesz ju\u017c przegl\u0105darki \u2013 wystarczy klikn\u0105\u0107 ikon\u0119, aby natychmiast rozpocz\u0105\u0107 gr\u0119.<\/p>\n<p>Mobilne kasyno Choco Spin odzwierciedla wszystko, co znajduje si\u0119 na stronie internetowej. Funkcje nie znikaj\u0105, interfejsy pozostaj\u0105 znane i nic nie jest ograniczane do podstawowej wersji. Jest po prostu zoptymalizowane dla os\u00f3b, kt\u00f3re wol\u0105 korzysta\u0107 z telefonu lub tabletu ni\u017c siedzie\u0107 przy komputerze. Twoje wra\u017cenia z gry nie ucierpi\u0105 tylko dlatego, \u017ce masz mniejszy ekran.<\/p>\n<p>Korzy\u015bci wynikaj\u0105ce z korzystania z aplikacji Chocospin to:<\/p>\n<ul>\n<li>Nie jeste\u015b ju\u017c ograniczony lokalizacj\u0105. Gra nie wymaga ju\u017c pozostawania w domu. Wysokiej jako\u015bci rozrywka kasynowa towarzyszy Ci wsz\u0119dzie.<\/li>\n<li>Logowanie przebiega znacznie szybciej. Jedno dotkni\u0119cie ekranu g\u0142\u00f3wnego wygrywa z ca\u0142\u0105 procedur\u0105 przegl\u0105darki.<\/li>\n<li>Wszystko \u0142aduje si\u0119 szybciej. PWA inteligentnie buforuje wa\u017cne elementy, dzi\u0119ki czemu interfejsy Chocospin Casino pojawiaj\u0105 si\u0119 niemal natychmiast.<\/li>\n<li>Powiadomienia s\u0105 pomocne. Je\u015bli wyra\u017casz na to zgod\u0119, aplikacja Choco Spin powiadamia Ci\u0119 o nowych promocjach i bonusach.<\/li>\n<li>Niekt\u00f3re czynno\u015bci dzia\u0142aj\u0105 w trybie offline. Sprawdzanie informacji o koncie nie zawsze wymaga po\u0142\u0105czenia z Internetem, poniewa\u017c wcze\u015bniej za\u0142adowane tre\u015bci pozostaj\u0105 dost\u0119pne i s\u0105 widoczne w aplikacji PWA.<\/li>\n<\/ul>\n<p>Mo\u017cesz r\u00f3wnie\u017c zainstalowa\u0107 aplikacj\u0119 Chocospin na komputerze stacjonarnym, a wszystko zostanie automatycznie zsynchronizowane mi\u0119dzy urz\u0105dzeniami. Zacznij gra\u0107 na laptopie, kontynuuj p\u00f3\u017aniej na telefonie, przejd\u017a na tablet, a Twoje post\u0119py b\u0119d\u0105 \u015bledzone bez konieczno\u015bci r\u0119cznego przenoszenia danych lub zastanawiania si\u0119, w kt\u00f3rym miejscu sko\u0144czy\u0142e\u015b.<\/p>\n<p><div class=\"scrollable-content-wrap my-5\"><div class=\"scrollable-content-inner\"><h2>Aplikacja Choco Spin dla systemu iOS<\/h2>\n<p>Pobieranie na iPhone&#8217;a i iPada przebiega zasadniczo w ten sam prosty spos\u00f3b. Po zako\u0144czeniu procesu Twoje konto b\u0119dzie dost\u0119pne z dowolnego miejsca. Wp\u0142acaj depozyty, graj na automatach online, do\u0142\u0105czaj do sto\u0142\u00f3w z krupierami na \u017cywo transmitowanych z prawdziwych studi\u00f3w \u2013 wszystko to podczas codziennych zaj\u0119\u0107. Do\u015bwiadczenie gry p\u0142ynnie przenosi si\u0119 na iOS, bez uczucia ogranicze\u0144 lub braku funkcji.<\/p>\n<h3>Pobierz aplikacj\u0119 na iOS<\/h3>\n<ol>\n<li>Otw\u00f3rz stron\u0119 internetow\u0105 w przegl\u0105darce mobilnej \u2013 Safari radzi sobie z tym najlepiej na urz\u0105dzeniach z systemem iOS.<\/li>\n<li>Przejd\u017a do ustawie\u0144 przegl\u0105darki i znajd\u017a opcj\u0119 \u201eDodaj do ekranu g\u0142\u00f3wnego\u201d.<\/li>\n<li>Naci\u015bnij przycisk instalacji i poczekaj kilka sekund, a\u017c pojawi si\u0119 ikona kasyna.<\/li>\n<li>Zacznij korzysta\u0107 z aplikacji Chocospin z dowolnego miejsca.<\/li>\n<\/ol>\n<p><img loading=\"lazy\" decoding=\"async\" class=\"alignnone size-full wp-image-1883\" src=\"https:\/\/chocospin.org\/wp-content\/uploads\/2026\/02\/Chocospin-iOS-App.webp\" alt=\"\" width=\"1248\" height=\"536\" srcset=\"https:\/\/chocospin.org\/wp-content\/uploads\/2026\/02\/Chocospin-iOS-App.webp 1248w, https:\/\/chocospin.org\/wp-content\/uploads\/2026\/02\/Chocospin-iOS-App-300x129.webp 300w, https:\/\/chocospin.org\/wp-content\/uploads\/2026\/02\/Chocospin-iOS-App-1024x440.webp 1024w, https:\/\/chocospin.org\/wp-content\/uploads\/2026\/02\/Chocospin-iOS-App-768x330.webp 768w\" sizes=\"auto, (max-width: 1248px) 100vw, 1248px\" \/><\/p>\n<\/div><\/div><div style=\"clear: both\"><\/div><div class=\"d-flex justify-content-center\"><button data-item=\"decouvrez_link\" data-group=\"website_links\" class=\"goto fw-bold rounded-pill btn btn-orange\" aria-label=\"Pobierz aplikacj\u0119 Chocospin\" >Pobierz aplikacj\u0119 Chocospin<\/button><\/div><div class=\"scrollable-content-wrap my-5\"><div class=\"scrollable-content-inner\"><h2>Aplikacja mobilna na urz\u0105dzenia z systemem Android<\/h2>\n<p>Pliki pakietu Android by\u0142y kiedy\u015b standardowym sposobem dystrybucji aplikacji na Androida, ale progresywne aplikacje internetowe po prostu lepiej sprawdzaj\u0105 si\u0119 w grach kasynowych.<\/p>\n<table>\n<tbody>\n<tr>\n<td>Co ma znaczenie<\/td>\n<td>Stara metoda APK<\/td>\n<td>Progresywna aplikacja internetowa<\/td>\n<\/tr>\n<tr>\n<td>Wp\u0142yw na pami\u0119\u0107<\/td>\n<td>Zajmuje du\u017co miejsca w urz\u0105dzeniu, zu\u017cywa pami\u0119\u0107 RAM i skraca \u017cywotno\u015b\u0107 baterii<\/td>\n<td>Niewielkie obci\u0105\u017cenie, kt\u00f3re nie zu\u017cywa zasob\u00f3w ani nie wyczerpuje baterii<\/td>\n<\/tr>\n<tr>\n<td>Aktualizacja<\/td>\n<td>Musisz r\u0119cznie pobiera\u0107 aktualizacje i ponownie instalowa\u0107 aplikacj\u0119, gdy programi\u015bci wprowadzaj\u0105 zmiany<\/td>\n<td>Aktualizacje odbywaj\u0105 si\u0119 automatycznie, gdy \u015bpisz lub robisz co\u015b innego<\/td>\n<\/tr>\n<tr>\n<td>Sk\u0105d pochodzi<\/td>\n<td>Pobierasz pliki z w\u0105tpliwych \u017ar\u00f3de\u0142, maj\u0105c nadziej\u0119, \u017ce nie s\u0105 one podejrzane<\/td>\n<td>Instalacje bezpo\u015brednio ze strony \u2013 bez tajemniczych plik\u00f3w z przypadkowych zak\u0105tk\u00f3w internetu<\/td>\n<\/tr>\n<tr>\n<td>Szybko\u015b\u0107 otwierania<\/td>\n<td>Mo\u017ce trwa\u0107 kilka sekund, w zale\u017cno\u015bci od tego, jak bardzo aplikacja jest prze\u0142adowana<\/td>\n<td>Otwieranie przebiega natychmiastowo, bez \u017cadnych op\u00f3\u017anie\u0144<\/td>\n<\/tr>\n<\/tbody>\n<\/table>\n<h3>Jak zainstalowa\u0107 Chocospin<\/h3>\n<p>Zainstalowanie aplikacji Chocospin Casino PWA na telefonie lub tablecie z systemem Android zajmuje kilka minut:<\/p>\n<p>Na stronie Choco Spin w przegl\u0105darce mobilnej, z kt\u00f3rej lubisz korzysta\u0107, dotknij trzech kropek znajduj\u0105cych si\u0119 w pasku adresu przegl\u0105darki. Znajd\u017a w menu opcj\u0119 \u201eDodaj do ekranu g\u0142\u00f3wnego\u201d i dotknij jej. Potwierd\u017a instalacj\u0119 i gotowe.<\/p>\n<p>Ikona aplikacji Chocospin pojawi si\u0119 na ekranie praktycznie natychmiast. Kliknij j\u0105, gdy chcesz zagra\u0107 w gry lub sprawdzi\u0107 szczeg\u00f3\u0142y konta, a zostaniesz przeniesiony do aplikacji bez konieczno\u015bci korzystania z przegl\u0105darki.<\/p>\n<p><img loading=\"lazy\" decoding=\"async\" class=\"alignnone size-full wp-image-1425\" src=\"https:\/\/chocospin.org\/wp-content\/uploads\/2026\/02\/Chocospin-Android-App.webp\" alt=\"\" width=\"1248\" height=\"536\" srcset=\"https:\/\/chocospin.org\/wp-content\/uploads\/2026\/02\/Chocospin-Android-App.webp 1248w, https:\/\/chocospin.org\/wp-content\/uploads\/2026\/02\/Chocospin-Android-App-300x129.webp 300w, https:\/\/chocospin.org\/wp-content\/uploads\/2026\/02\/Chocospin-Android-App-1024x440.webp 1024w, https:\/\/chocospin.org\/wp-content\/uploads\/2026\/02\/Chocospin-Android-App-768x330.webp 768w\" sizes=\"auto, (max-width: 1248px) 100vw, 1248px\" \/><\/p>\n<\/div><\/div><div style=\"clear: both\"><\/div><div class=\"d-flex justify-content-center\"><button data-item=\"decouvrez_link\" data-group=\"website_links\" class=\"goto fw-bold rounded-pill btn btn-orange\" aria-label=\"Pobierz Chocospin\" >Pobierz Chocospin<\/button><\/div><div class=\"scrollable-content-wrap my-5\"><div class=\"scrollable-content-inner\"><h2>Graj na Windowsie lub Macu<\/h2>\n<p>Aplikacja Chocospin nie jest ograniczona do telefon\u00f3w i tablet\u00f3w. Dzia\u0142a r\u00f3wnie\u017c bez zarzutu na komputerach z systemem Windows lub macOS, co jest \u015bwietnym rozwi\u0105zaniem dla wszystkich, kt\u00f3rzy preferuj\u0105 wi\u0119kszy ekran lub d\u0142u\u017csze sesje przy biurku. Zainstalowanie jej na komputerze stacjonarnym pozwala zaoszcz\u0119dzi\u0107 czas w d\u0142u\u017cszej perspektywie.<\/p>\n<p>Konfiguracja jest prosta i nie przypomina instalacji tradycyjnego oprogramowania. Po dodaniu ikona Chocospin Casino pojawia si\u0119 na pulpicie, tak jak ka\u017cda inna aplikacja. Stamt\u0105d dost\u0119p jest natychmiastowy. Ta opcja ma sens, je\u015bli cz\u0119sto prze\u0142\u0105czasz si\u0119 mi\u0119dzy urz\u0105dzeniami, poniewa\u017c wszystko pozostaje zsynchronizowane. Mo\u017cesz rozpocz\u0105\u0107 sesj\u0119 na laptopie, a p\u00f3\u017aniej kontynuowa\u0107 j\u0105 na telefonie, nie trac\u0105c z oczu salda, bonus\u00f3w ani ostatnich dzia\u0142a\u0144.<\/p>\n<h3>R\u00f3\u017cnica mi\u0119dzy wersj\u0105 aplikacji na komputery PC a wersj\u0105 mobiln\u0105<\/h3>\n<p>Wersje aplikacji Chocospin na komputery stacjonarne i urz\u0105dzenia mobilne r\u00f3\u017cni\u0105 si\u0119 jedynie komfortem u\u017cytkowania i sposobem korzystania z nich. Obie zapewniaj\u0105 identyczny dost\u0119p \u2013 te same automaty online, gry z krupierem na \u017cywo, narz\u0119dzia do obs\u0142ugi konta i ca\u0142y proces weryfikacji \u2013 nic nie jest zablokowane ani ukryte w zale\u017cno\u015bci od tego, co masz w r\u0119ku.<\/p>\n<p>Wersja na komputery stacjonarne sprawdza si\u0119 podczas sesji, w kt\u00f3rych chcesz si\u0119 rozgo\u015bci\u0107, przeczyta\u0107 zasady gry bez mru\u017cenia oczu lub wykonywa\u0107 wiele czynno\u015bci jednocze\u015bnie, np. przewija\u0107 gry i jednocze\u015bnie rozmawia\u0107 z obs\u0142ug\u0105 klienta. Wersja mobilna charakteryzuje si\u0119 szybko\u015bci\u0105 i elastyczno\u015bci\u0105, dzi\u0119ki czemu idealnie nadaje si\u0119 do wykorzystania w wolnych chwilach.<\/p>\n<p><img loading=\"lazy\" decoding=\"async\" class=\"alignnone size-full wp-image-1882\" src=\"https:\/\/chocospin.org\/wp-content\/uploads\/2026\/02\/Chocospin-Desktop.webp\" alt=\"\" width=\"1248\" height=\"536\" srcset=\"https:\/\/chocospin.org\/wp-content\/uploads\/2026\/02\/Chocospin-Desktop.webp 1248w, https:\/\/chocospin.org\/wp-content\/uploads\/2026\/02\/Chocospin-Desktop-300x129.webp 300w, https:\/\/chocospin.org\/wp-content\/uploads\/2026\/02\/Chocospin-Desktop-1024x440.webp 1024w, https:\/\/chocospin.org\/wp-content\/uploads\/2026\/02\/Chocospin-Desktop-768x330.webp 768w\" sizes=\"auto, (max-width: 1248px) 100vw, 1248px\" \/><\/p>\n<\/div><\/div><div style=\"clear: both\"><\/div><div class=\"d-flex justify-content-center\"><button data-item=\"decouvrez_link\" data-group=\"website_links\" class=\"goto fw-bold rounded-pill btn btn-orange\" aria-label=\"Pobierz aplikacj\u0119 Chocospin\" >Pobierz aplikacj\u0119 Chocospin<\/button><\/div><div class=\"scrollable-content-wrap my-5\"><div class=\"scrollable-content-inner\"><h2>FAQ<\/h2>\n<h3>Czy aplikacja Choco Spin jest taka sama na urz\u0105dzeniach z systemem Android i iOS?<\/h3>\n<p>Do\u015bwiadczenie jest takie samo na obu platformach. Uk\u0142ad Chocospin dostosowuje si\u0119 nieznacznie do ka\u017cdego systemu, ale gry, p\u0142atno\u015bci, czat na \u017cywo i zesp\u00f3\u0142 wsparcia s\u0105 dost\u0119pne w dok\u0142adnie taki sam spos\u00f3b.<\/p>\n<h3>Jakie s\u0105 zalety i wady grania na urz\u0105dzeniu mobilnym w por\u00f3wnaniu z komputerem?<\/h3>\n<p>Gra mobilna Chocospin jest szybsza i \u0142atwiejsza, gdy jeste\u015b z dala od komputera. Gra na komputerze PC oferuje wi\u0119cej miejsca na ekranie i wygod\u0119 podczas d\u0142u\u017cszych sesji. Kasyno Chocospin nie zmienia funkcji mi\u0119dzy urz\u0105dzeniami, wi\u0119c chodzi g\u0142\u00f3wnie o to, kt\u00f3ry format lepiej pasuje do Twojej rutyny.<\/p>\n<h3>Czy mog\u0119 zalogowa\u0107 si\u0119 do aplikacji Choco Spin przy u\u017cyciu tego samego konta?<\/h3>\n<p>Tak, jedno konto dzia\u0142a wsz\u0119dzie. Mo\u017cesz u\u017cywa\u0107 tych samych danych logowania na urz\u0105dzeniach mobilnych i stacjonarnych, a wszystko pozostaje automatycznie zsynchronizowane. Proces weryfikacji r\u00f3wnie\u017c obowi\u0105zuje w r\u00f3wnym stopniu, niezale\u017cnie od tego, z kt\u00f3rego urz\u0105dzenia zdecydujesz si\u0119 przes\u0142a\u0107 dokumenty.<\/p>\n<\/div><\/div><\/p>\n","protected":false},"excerpt":{"rendered":"<p>Aplikacja Chocospin na urz\u0105dzenia mobilne i platformy internetowe Dzi\u0119ki Chocospin App wszystko, od modnych automat\u00f3w online po sto\u0142y z krupierami na \u017cywo, staje si\u0119 dost\u0119pne, gdy robisz cokolwiek innego. Progresywne jackpoty, gry sto\u0142owe, ca\u0142y katalog \u2013 wszystko to dzia\u0142a, gdy jeste\u015b w drodze lub sp\u0119dzasz czas gdzie\u015b poza domem. Aplikacja dzia\u0142a na ka\u017cdym urz\u0105dzeniu, jakie [&hellip;]<\/p>\n","protected":false},"author":1,"featured_media":0,"parent":0,"menu_order":0,"comment_status":"closed","ping_status":"closed","template":"template-builder.php","meta":{"_acf_changed":false,"inline_featured_image":false,"footnotes":""},"class_list":["post-1424","page","type-page","status-publish","hentry"],"acf":[],"yoast_head":"<!-- This site is optimized with the Yoast SEO plugin v27.3 - https:\/\/yoast.com\/product\/yoast-seo-wordpress\/ -->\n<title>Chocospin App | Pobierz na iOS i Androida<\/title>\n<meta name=\"description\" content=\"Choco Spin App oferuje tysi\u0105ce gier bezpo\u015brednio na Twoim smartfonie lub tablecie, oferuj\u0105c p\u0142ynny i responsywny interfejs. Synchronizacja kont gwarantuje, \u017ce nigdy nie przegapisz spinu ani bonusu, a p\u0142atno\u015bci pozostaj\u0105 bezpieczne przez ca\u0142y czas.\" \/>\n<meta name=\"robots\" content=\"index, follow, max-snippet:-1, max-image-preview:large, max-video-preview:-1\" \/>\n<link rel=\"canonical\" href=\"https:\/\/chocospin.org\/pl\/aplikacja\/\" \/>\n<meta property=\"og:locale\" content=\"pl_PL\" \/>\n<meta property=\"og:type\" content=\"article\" \/>\n<meta property=\"og:title\" content=\"Chocospin App | Pobierz na iOS i Androida\" \/>\n<meta property=\"og:description\" content=\"Choco Spin App oferuje tysi\u0105ce gier bezpo\u015brednio na Twoim smartfonie lub tablecie, oferuj\u0105c p\u0142ynny i responsywny interfejs. Synchronizacja kont gwarantuje, \u017ce nigdy nie przegapisz spinu ani bonusu, a p\u0142atno\u015bci pozostaj\u0105 bezpieczne przez ca\u0142y czas.\" \/>\n<meta property=\"og:url\" content=\"https:\/\/chocospin.org\/pl\/aplikacja\/\" \/>\n<meta property=\"og:site_name\" content=\"chocospin\" \/>\n<meta property=\"article:modified_time\" content=\"2026-02-19T14:36:58+00:00\" \/>\n<meta name=\"twitter:card\" content=\"summary_large_image\" \/>\n<meta name=\"twitter:label1\" content=\"Est. reading time\" \/>\n\t<meta name=\"twitter:data1\" content=\"2 minutes\" \/>\n<script type=\"application\/ld+json\" class=\"yoast-schema-graph\">{\"@context\":\"https:\\\/\\\/schema.org\",\"@graph\":[{\"@type\":\"WebPage\",\"@id\":\"https:\\\/\\\/chocospin.org\\\/pl\\\/aplikacja\\\/\",\"url\":\"https:\\\/\\\/chocospin.org\\\/pl\\\/aplikacja\\\/\",\"name\":\"Chocospin App | Pobierz na iOS i Androida\",\"isPartOf\":{\"@id\":\"https:\\\/\\\/chocospin.org\\\/pl\\\/#website\"},\"datePublished\":\"2026-02-19T10:07:18+00:00\",\"dateModified\":\"2026-02-19T14:36:58+00:00\",\"description\":\"Choco Spin App oferuje tysi\u0105ce gier bezpo\u015brednio na Twoim smartfonie lub tablecie, oferuj\u0105c p\u0142ynny i responsywny interfejs. Synchronizacja kont gwarantuje, \u017ce nigdy nie przegapisz spinu ani bonusu, a p\u0142atno\u015bci pozostaj\u0105 bezpieczne przez ca\u0142y czas.\",\"breadcrumb\":{\"@id\":\"https:\\\/\\\/chocospin.org\\\/pl\\\/aplikacja\\\/#breadcrumb\"},\"inLanguage\":\"pl-PL\",\"potentialAction\":[{\"@type\":\"ReadAction\",\"target\":[\"https:\\\/\\\/chocospin.org\\\/pl\\\/aplikacja\\\/\"]}]},{\"@type\":\"BreadcrumbList\",\"@id\":\"https:\\\/\\\/chocospin.org\\\/pl\\\/aplikacja\\\/#breadcrumb\",\"itemListElement\":[{\"@type\":\"ListItem\",\"position\":1,\"name\":\"Chocospin\",\"item\":\"https:\\\/\\\/chocospin.org\\\/pl\\\/\"},{\"@type\":\"ListItem\",\"position\":2,\"name\":\"Aplikacja\"}]},{\"@type\":\"WebSite\",\"@id\":\"https:\\\/\\\/chocospin.org\\\/pl\\\/#website\",\"url\":\"https:\\\/\\\/chocospin.org\\\/pl\\\/\",\"name\":\"Chocospin\",\"description\":\"\",\"publisher\":{\"@id\":\"https:\\\/\\\/chocospin.org\\\/pl\\\/#organization\"},\"potentialAction\":[{\"@type\":\"SearchAction\",\"target\":{\"@type\":\"EntryPoint\",\"urlTemplate\":\"https:\\\/\\\/chocospin.org\\\/pl\\\/?s={search_term_string}\"},\"query-input\":{\"@type\":\"PropertyValueSpecification\",\"valueRequired\":true,\"valueName\":\"search_term_string\"}}],\"inLanguage\":\"pl-PL\"},{\"@type\":\"Organization\",\"@id\":\"https:\\\/\\\/chocospin.org\\\/pl\\\/#organization\",\"name\":\"Chocospin\",\"url\":\"https:\\\/\\\/chocospin.org\\\/pl\\\/\",\"logo\":{\"@type\":\"ImageObject\",\"inLanguage\":\"pl-PL\",\"@id\":\"https:\\\/\\\/chocospin.org\\\/pl\\\/#\\\/schema\\\/logo\\\/image\\\/\",\"url\":\"https:\\\/\\\/chocospin.org\\\/wp-content\\\/uploads\\\/2025\\\/07\\\/80u1FaquEZeR6OUTeJCc.png\",\"contentUrl\":\"https:\\\/\\\/chocospin.org\\\/wp-content\\\/uploads\\\/2025\\\/07\\\/80u1FaquEZeR6OUTeJCc.png\",\"width\":123,\"height\":20,\"caption\":\"Chocospin\"},\"image\":{\"@id\":\"https:\\\/\\\/chocospin.org\\\/pl\\\/#\\\/schema\\\/logo\\\/image\\\/\"}}]}<\/script>\n<!-- \/ Yoast SEO plugin. -->","yoast_head_json":{"title":"Chocospin App | Pobierz na iOS i Androida","description":"Choco Spin App oferuje tysi\u0105ce gier bezpo\u015brednio na Twoim smartfonie lub tablecie, oferuj\u0105c p\u0142ynny i responsywny interfejs. Synchronizacja kont gwarantuje, \u017ce nigdy nie przegapisz spinu ani bonusu, a p\u0142atno\u015bci pozostaj\u0105 bezpieczne przez ca\u0142y czas.","robots":{"index":"index","follow":"follow","max-snippet":"max-snippet:-1","max-image-preview":"max-image-preview:large","max-video-preview":"max-video-preview:-1"},"canonical":"https:\/\/chocospin.org\/pl\/aplikacja\/","og_locale":"pl_PL","og_type":"article","og_title":"Chocospin App | Pobierz na iOS i Androida","og_description":"Choco Spin App oferuje tysi\u0105ce gier bezpo\u015brednio na Twoim smartfonie lub tablecie, oferuj\u0105c p\u0142ynny i responsywny interfejs. Synchronizacja kont gwarantuje, \u017ce nigdy nie przegapisz spinu ani bonusu, a p\u0142atno\u015bci pozostaj\u0105 bezpieczne przez ca\u0142y czas.","og_url":"https:\/\/chocospin.org\/pl\/aplikacja\/","og_site_name":"chocospin","article_modified_time":"2026-02-19T14:36:58+00:00","twitter_card":"summary_large_image","twitter_misc":{"Est. reading time":"2 minutes"},"schema":{"@context":"https:\/\/schema.org","@graph":[{"@type":"WebPage","@id":"https:\/\/chocospin.org\/pl\/aplikacja\/","url":"https:\/\/chocospin.org\/pl\/aplikacja\/","name":"Chocospin App | Pobierz na iOS i Androida","isPartOf":{"@id":"https:\/\/chocospin.org\/pl\/#website"},"datePublished":"2026-02-19T10:07:18+00:00","dateModified":"2026-02-19T14:36:58+00:00","description":"Choco Spin App oferuje tysi\u0105ce gier bezpo\u015brednio na Twoim smartfonie lub tablecie, oferuj\u0105c p\u0142ynny i responsywny interfejs. Synchronizacja kont gwarantuje, \u017ce nigdy nie przegapisz spinu ani bonusu, a p\u0142atno\u015bci pozostaj\u0105 bezpieczne przez ca\u0142y czas.","breadcrumb":{"@id":"https:\/\/chocospin.org\/pl\/aplikacja\/#breadcrumb"},"inLanguage":"pl-PL","potentialAction":[{"@type":"ReadAction","target":["https:\/\/chocospin.org\/pl\/aplikacja\/"]}]},{"@type":"BreadcrumbList","@id":"https:\/\/chocospin.org\/pl\/aplikacja\/#breadcrumb","itemListElement":[{"@type":"ListItem","position":1,"name":"Chocospin","item":"https:\/\/chocospin.org\/pl\/"},{"@type":"ListItem","position":2,"name":"Aplikacja"}]},{"@type":"WebSite","@id":"https:\/\/chocospin.org\/pl\/#website","url":"https:\/\/chocospin.org\/pl\/","name":"Chocospin","description":"","publisher":{"@id":"https:\/\/chocospin.org\/pl\/#organization"},"potentialAction":[{"@type":"SearchAction","target":{"@type":"EntryPoint","urlTemplate":"https:\/\/chocospin.org\/pl\/?s={search_term_string}"},"query-input":{"@type":"PropertyValueSpecification","valueRequired":true,"valueName":"search_term_string"}}],"inLanguage":"pl-PL"},{"@type":"Organization","@id":"https:\/\/chocospin.org\/pl\/#organization","name":"Chocospin","url":"https:\/\/chocospin.org\/pl\/","logo":{"@type":"ImageObject","inLanguage":"pl-PL","@id":"https:\/\/chocospin.org\/pl\/#\/schema\/logo\/image\/","url":"https:\/\/chocospin.org\/wp-content\/uploads\/2025\/07\/80u1FaquEZeR6OUTeJCc.png","contentUrl":"https:\/\/chocospin.org\/wp-content\/uploads\/2025\/07\/80u1FaquEZeR6OUTeJCc.png","width":123,"height":20,"caption":"Chocospin"},"image":{"@id":"https:\/\/chocospin.org\/pl\/#\/schema\/logo\/image\/"}}]}},"_links":{"self":[{"href":"https:\/\/chocospin.org\/pl\/wp-json\/wp\/v2\/pages\/1424","targetHints":{"allow":["GET"]}}],"collection":[{"href":"https:\/\/chocospin.org\/pl\/wp-json\/wp\/v2\/pages"}],"about":[{"href":"https:\/\/chocospin.org\/pl\/wp-json\/wp\/v2\/types\/page"}],"author":[{"embeddable":true,"href":"https:\/\/chocospin.org\/pl\/wp-json\/wp\/v2\/users\/1"}],"replies":[{"embeddable":true,"href":"https:\/\/chocospin.org\/pl\/wp-json\/wp\/v2\/comments?post=1424"}],"version-history":[{"count":3,"href":"https:\/\/chocospin.org\/pl\/wp-json\/wp\/v2\/pages\/1424\/revisions"}],"predecessor-version":[{"id":1951,"href":"https:\/\/chocospin.org\/pl\/wp-json\/wp\/v2\/pages\/1424\/revisions\/1951"}],"wp:attachment":[{"href":"https:\/\/chocospin.org\/pl\/wp-json\/wp\/v2\/media?parent=1424"}],"curies":[{"name":"wp","href":"https:\/\/api.w.org\/{rel}","templated":true}]}}