{"id":1471,"date":"2026-02-19T10:11:00","date_gmt":"2026-02-19T10:11:00","guid":{"rendered":"https:\/\/chocospin.org\/login-and-registration\/"},"modified":"2026-02-19T13:32:54","modified_gmt":"2026-02-19T13:32:54","slug":"accesso-e-registrazione","status":"publish","type":"page","link":"https:\/\/chocospin.org\/it\/accesso-e-registrazione\/","title":{"rendered":"Accesso e registrazione"},"content":{"rendered":"<h1>Accesso a Chocospin e configurazione del profilo<\/h1>\n<p>Il Chocospin login processo non ti fa perdere tempo con inutili complicazioni. Ci vuole mezzo minuto dal clic al gioco. Bastano pochi clic per creare un account e i giocatori italiani possono giocare alle slot online e ai giochi da casin\u00f2.<\/p>\n<p><div class=\"banner-wrap\" aria-label=\"Banner\"><img src=\"https:\/\/chocospin.org\/wp-content\/uploads\/2026\/02\/Chocospin-banner-desktop.webp\" class=\"w-100 d-none d-lg-block img-pc main-banner-img\" alt=\"Chocospin banner desktop\" fetchpriority=\"high\" decoding=\"async\"><img src=\"https:\/\/chocospin.org\/wp-content\/uploads\/2026\/02\/Chocospin-Banner-mobile.webp\" class=\"w-100 d-none d-md-block d-lg-none main-banner-img\" alt=\"Chocospin Banner mobile\" fetchpriority=\"high\" decoding=\"async\"><img src=\"https:\/\/chocospin.org\/wp-content\/uploads\/2026\/02\/Chocospin-Banner-mobile.webp\" class=\"w-100 d-md-none\" alt=\"Chocospin Banner mobile\" fetchpriority=\"high\" decoding=\"async\"><div class=\"banner-description\">\n<div class=\"banner-title\">Bonus di benvenuto<\/div>\n<p class=\"banner-header-title\">1500\u20ac<\/p>\n<div class=\"banner-header-AdditionalText\">+ 250 Giri gratuiti<\/div>\n<button data-item=\"homepage_banner_link\" class=\"goto m-button m-gradient-border m-button--primary m-button--large banner-button btn-orange\">\n            <div class=\"m-button-content\">\n                <span>Iscriviti ora<\/span>\n                <span><\/span>\n            <\/div>\n        <\/button>\n<\/div>\n<div class=\"WelcomePack\">\n<p><img loading=\"lazy\" decoding=\"async\" class=\"alignnone size-full wp-image-1392\" src=\"https:\/\/chocospin.org\/wp-content\/uploads\/2026\/02\/welcome-crown.png\" alt=\"welcome crown\" width=\"25\" height=\"26\" \/><\/p>\n<div class=\"WelcomePack-Info\">Cashback settimanale fino al 25%<\/div>\n<p><img loading=\"lazy\" decoding=\"async\" class=\"alignnone size-full wp-image-1392\" src=\"https:\/\/chocospin.org\/wp-content\/uploads\/2026\/02\/welcome-crown.png\" alt=\"welcome crown\" width=\"25\" height=\"26\" \/><\/p>\n<\/div>\n<\/div><div class=\"scrollable-content-wrap my-5\"><div class=\"scrollable-content-inner\"><h2>Iscriviti a Choco Spin con pochi semplici passaggi<\/h2>\n<p>La registrazione su Chocospin sblocca una serie di vantaggi che rendono lo sforzo minimo davvero utile. Puoi provare le slot pi\u00f9 popolari in modalit\u00e0 demo gratuitamente, in modo da farti un&#8217;idea dei giochi prima di spendere soldi. I nuovi iscritti ricevono anche un bonus di benvenuto che aumenta significativamente il valore del loro deposito iniziale. Inoltre, inizi immediatamente a guadagnare punti del programma fedelt\u00e0 che alla fine sbloccano vantaggi che i semplici visitatori non potranno mai sperimentare.<\/p>\n<h3>Guida alla configurazione dell&#8217;account<\/h3>\n<p>Per creare il tuo account su Chocospin Casino non sono necessarie conoscenze particolari.<\/p>\n<ol>\n<li>Trova il pulsante di registrazione Chocospin nell&#8217;angolo in alto a destra della homepage.<\/li>\n<li>Inserisci il tuo indirizzo e-mail nel modulo che appare.<\/li>\n<li>Crea una password. Lettere mescolate con numeri e simboli, qualcosa che non hai gi\u00e0 utilizzato su altri siti web.<\/li>\n<li>Spunta la casella che conferma che hai pi\u00f9 di 18 anni dopo aver letto i termini e le condizioni.<\/li>\n<li>Clicca sul pulsante per procedere.<\/li>\n<li>Compila il secondo modulo con le informazioni di base: nome, cognome e numero di telefono.<\/li>\n<\/ol>\n<p>Puoi giocare su Choco Spin Casino solo se ti trovi in un luogo in cui il gioco d&#8217;azzardo online \u00e8 legale. Il sito rileva automaticamente la tua posizione e la collega al tuo account. Le informazioni che puoi modificare includono il tuo nome, nome utente, sesso e dettagli di contatto. Puoi aggiornare la tua password tramite le impostazioni di sicurezza ogni volta che lo desideri.<\/p>\n<h2>Controlli di accesso e impostazioni su Chocospin<\/h2>\n<p>Il login a Chocospin \u00e8 ancora pi\u00f9 facile della creazione dell&#8217;account. Basta toccare il pulsante di login, inserire il tuo indirizzo e-mail e la password e cliccare ancora una volta per iniziare.<br \/>\nOltre alla schermata di accesso a Choco Spin, troverai migliaia di giochi da casin\u00f2 insieme a interfacce che mantengono tutto organizzato.<\/p>\n<table>\n<tbody>\n<tr>\n<td>Sezione<\/td>\n<td>Cosa c&#8217;\u00e8<\/td>\n<\/tr>\n<tr>\n<td>Portafoglio<\/td>\n<td>Il portafoglio \u00e8 il centro nevralgico della gestione del denaro, con i pulsanti di deposito e prelievo proprio dove servono. Mostra separatamente il denaro reale e quello bonus, in modo che non ci sia confusione, e indica esattamente quanto \u00e8 disponibile per il prelievo con i limiti di prelievo.<\/td>\n<\/tr>\n<tr>\n<td>Cronologia<\/td>\n<td>La sezione Cronologia registra tutto ci\u00f2 che hai fatto, comprese le sessioni di gioco, i movimenti di denaro in entrata e in uscita, i bonus che hai richiesto e utilizzato e le scommesse che hai piazzato. \u00c8 un registro completo se hai bisogno di controllare qualcosa.<\/td>\n<\/tr>\n<tr>\n<td>Profilo<\/td>\n<td>Diverse categorie di impostazioni: impostazioni generali dell&#8217;account Chocospin, opzioni di sicurezza e limiti di gioco che hai impostato per mantenere le cose ragionevoli.<\/td>\n<\/tr>\n<\/tbody>\n<\/table>\n<p>Se hai domande, puoi contattare il team di assistenza da qualsiasi sezione tramite la finestra nell&#8217;angolo in basso a destra.<\/p>\n<h3>Come reimpostare la password<\/h3>\n<p>Dimenticare la password \u00e8 qualcosa che capita a tutti, e Chocospin ha semplificato il processo di recupero. Se non riesci ad accedere, vai alla pagina di login di Chocospin e seleziona l&#8217;opzione di recupero della password. Inserisci l&#8217;indirizzo email collegato al tuo account e ti verr\u00e0 inviata un&#8217;email per reimpostare la password.<\/p>\n<p>Apri l&#8217;e-mail e segui il link per scegliere una nuova password che ti sia facile da ricordare ma che sia comunque sicura. Una volta salvata, potrai accedere immediatamente al tuo account Choco Spin e continuare da dove avevi interrotto. Se non riesci a vedere l&#8217;e-mail, controlla la cartella dello spam o aspetta un minuto prima di riprovare.<\/p>\n<h2>Processo di verifica del giocatore<\/h2>\n<p>Chocospin Casino non ti chieder\u00e0 la verifica dell&#8217;identit\u00e0 al momento della registrazione. Ti chiederemo i documenti solo quando proverai a prelevare denaro per la prima volta. I requisiti standard di verifica sono:<\/p>\n<ul>\n<li>Un documento di identit\u00e0 rilasciato dal governo, come un passaporto o una patente di guida, per dimostrare la tua identit\u00e0;<\/li>\n<li>Una bolletta recente per confermare che il tuo indirizzo corrisponde a quello fornito durante la registrazione;<\/li>\n<li>Foto della carta di debito utilizzata per i depositi (i numeri centrali possono essere nascosti per maggiore tranquillit\u00e0).<\/li>\n<\/ul>\n<p>Questo processo di verifica garantisce che non vengano violate leggi, accidentalmente o meno, e che l&#8217;account Chocospin sia stato creato utilizzando credenziali reali. Ci vogliono circa 48 ore dall&#8217;invio alla approvazione. Una volta approvata, i prelievi futuri non richiederanno la verifica ogni volta.<\/p>\n<h3>Come proteggiamo le tue informazioni<\/h3>\n<p>L&#8217;accesso a Chocospin \u00e8 monitorato per individuare eventuali modelli di attivit\u00e0 insoliti e prevenire l&#8217;aggravarsi dei problemi. Oltre al monitoraggio automatico, l&#8217;aggiornamento regolare della password nelle impostazioni di sicurezza fornisce un ulteriore livello di protezione personalizzata. Poich\u00e9 le password sono spesso compromesse in caso di violazioni dei dati, aggiornarle riduce il rischio di compromissioni sconosciute.<\/p>\n<p>L&#8217;autenticazione a due fattori \u00e8 facoltativa. Ci\u00f2 richiede l&#8217;inserimento della password e di un codice monouso inviato al tuo telefono o alla tua e-mail ogni volta che accedi a Chocospin. L&#8217;accesso non autorizzato diventa praticamente impossibile, poich\u00e9 non \u00e8 pi\u00f9 sufficiente violare la tua password: sarebbe necessario anche l&#8217;accesso al tuo dispositivo.<\/p>\n<h2>Domande frequenti<\/h2>\n<h3>Perch\u00e9 devo verificare il mio account su Chocospin?<\/h3>\n<p>La verifica del tuo account Chocospin Casino previene le frodi e garantisce la conformit\u00e0 alle normative sul gioco d&#8217;azzardo, che richiedono ai casin\u00f2 di confermare l&#8217;identit\u00e0 e l&#8217;et\u00e0 dei propri giocatori. Il processo di verifica protegge sia te che la piattaforma. Inoltre, soddisfa i requisiti legali per prevenire il gioco d&#8217;azzardo minorile e il riciclaggio di denaro.<\/p>\n<h3>Posso modificare le mie informazioni personali dopo la registrazione?<\/h3>\n<p>Dopo la registrazione, puoi modificare alcuni dettagli attraverso le impostazioni del tuo profilo Chocospin Casino. Puoi modificare il tuo nome, nome utente, sesso e dettagli di contatto ogni volta che \u00e8 necessario. Tuttavia, alcune informazioni non possono essere modificate senza contattare direttamente il nostro team di assistenza multilingue tramite la live chat, poich\u00e9 influiscono sulla conformit\u00e0 legale e sull&#8217;idoneit\u00e0 dell&#8217;account. Queste includono la tua posizione e la tua data di nascita.<\/p>\n<h3>Posso provare i giochi in modalit\u00e0 demo prima di registrarmi?<\/h3>\n<p>Una volta registrato un account, alcune slot online su Choco Spin Casino diventano accessibili in modalit\u00e0 demo, consentendo di provare i giochi senza spendere soldi. Il gioco demo utilizza monete virtuali. Tuttavia, non tutti i giochi offrono la modalit\u00e0 demo; alcuni richiedono il gioco con denaro reale. Le slot pi\u00f9 popolari, tuttavia, includono opzioni di prova gratuite.<\/p>\n<\/div><\/div><\/p>\n","protected":false},"excerpt":{"rendered":"<p>Accesso a Chocospin e configurazione del profilo Il Chocospin login processo non ti fa perdere tempo con inutili complicazioni. Ci vuole mezzo minuto dal clic al gioco. Bastano pochi clic per creare un account e i giocatori italiani possono giocare alle slot online e ai giochi da casin\u00f2.<\/p>\n","protected":false},"author":1,"featured_media":0,"parent":0,"menu_order":0,"comment_status":"closed","ping_status":"closed","template":"template-builder.php","meta":{"_acf_changed":false,"inline_featured_image":false,"footnotes":""},"class_list":["post-1471","page","type-page","status-publish","hentry"],"acf":[],"yoast_head":"<!-- This site is optimized with the Yoast SEO plugin v27.3 - https:\/\/yoast.com\/product\/yoast-seo-wordpress\/ -->\n<title>Chocospin Login e registrazione<\/title>\n<meta name=\"description\" content=\"Controlla il tuo saldo, monitora i bonus e gestisci il tuo profilo senza sforzo con Choco Spin Login. La registrazione \u00e8 rapida, cos\u00ec puoi iniziare a giocare subito senza problemi.\" \/>\n<meta name=\"robots\" content=\"index, follow, max-snippet:-1, max-image-preview:large, max-video-preview:-1\" \/>\n<link rel=\"canonical\" href=\"https:\/\/chocospin.org\/it\/accesso-e-registrazione\/\" \/>\n<meta property=\"og:locale\" content=\"it_IT\" \/>\n<meta property=\"og:type\" content=\"article\" \/>\n<meta property=\"og:title\" content=\"Chocospin Login e registrazione\" \/>\n<meta property=\"og:description\" content=\"Controlla il tuo saldo, monitora i bonus e gestisci il tuo profilo senza sforzo con Choco Spin Login. La registrazione \u00e8 rapida, cos\u00ec puoi iniziare a giocare subito senza problemi.\" \/>\n<meta property=\"og:url\" content=\"https:\/\/chocospin.org\/it\/accesso-e-registrazione\/\" \/>\n<meta property=\"og:site_name\" content=\"chocospin\" \/>\n<meta property=\"article:modified_time\" content=\"2026-02-19T13:32:54+00:00\" \/>\n<meta name=\"twitter:card\" content=\"summary_large_image\" \/>\n<meta name=\"twitter:label1\" content=\"Est. reading time\" \/>\n\t<meta name=\"twitter:data1\" content=\"1 minute\" \/>\n<script type=\"application\/ld+json\" class=\"yoast-schema-graph\">{\"@context\":\"https:\\\/\\\/schema.org\",\"@graph\":[{\"@type\":\"WebPage\",\"@id\":\"https:\\\/\\\/chocospin.org\\\/it\\\/accesso-e-registrazione\\\/\",\"url\":\"https:\\\/\\\/chocospin.org\\\/it\\\/accesso-e-registrazione\\\/\",\"name\":\"Chocospin Login e registrazione\",\"isPartOf\":{\"@id\":\"https:\\\/\\\/chocospin.org\\\/it\\\/#website\"},\"datePublished\":\"2026-02-19T10:11:00+00:00\",\"dateModified\":\"2026-02-19T13:32:54+00:00\",\"description\":\"Controlla il tuo saldo, monitora i bonus e gestisci il tuo profilo senza sforzo con Choco Spin Login. La registrazione \u00e8 rapida, cos\u00ec puoi iniziare a giocare subito senza problemi.\",\"breadcrumb\":{\"@id\":\"https:\\\/\\\/chocospin.org\\\/it\\\/accesso-e-registrazione\\\/#breadcrumb\"},\"inLanguage\":\"it-IT\",\"potentialAction\":[{\"@type\":\"ReadAction\",\"target\":[\"https:\\\/\\\/chocospin.org\\\/it\\\/accesso-e-registrazione\\\/\"]}]},{\"@type\":\"BreadcrumbList\",\"@id\":\"https:\\\/\\\/chocospin.org\\\/it\\\/accesso-e-registrazione\\\/#breadcrumb\",\"itemListElement\":[{\"@type\":\"ListItem\",\"position\":1,\"name\":\"Chocospin\",\"item\":\"https:\\\/\\\/chocospin.org\\\/it\\\/\"},{\"@type\":\"ListItem\",\"position\":2,\"name\":\"Accesso e registrazione\"}]},{\"@type\":\"WebSite\",\"@id\":\"https:\\\/\\\/chocospin.org\\\/it\\\/#website\",\"url\":\"https:\\\/\\\/chocospin.org\\\/it\\\/\",\"name\":\"Chocospin\",\"description\":\"\",\"publisher\":{\"@id\":\"https:\\\/\\\/chocospin.org\\\/it\\\/#organization\"},\"potentialAction\":[{\"@type\":\"SearchAction\",\"target\":{\"@type\":\"EntryPoint\",\"urlTemplate\":\"https:\\\/\\\/chocospin.org\\\/it\\\/?s={search_term_string}\"},\"query-input\":{\"@type\":\"PropertyValueSpecification\",\"valueRequired\":true,\"valueName\":\"search_term_string\"}}],\"inLanguage\":\"it-IT\"},{\"@type\":\"Organization\",\"@id\":\"https:\\\/\\\/chocospin.org\\\/it\\\/#organization\",\"name\":\"Chocospin\",\"url\":\"https:\\\/\\\/chocospin.org\\\/it\\\/\",\"logo\":{\"@type\":\"ImageObject\",\"inLanguage\":\"it-IT\",\"@id\":\"https:\\\/\\\/chocospin.org\\\/it\\\/#\\\/schema\\\/logo\\\/image\\\/\",\"url\":\"https:\\\/\\\/chocospin.org\\\/wp-content\\\/uploads\\\/2025\\\/07\\\/80u1FaquEZeR6OUTeJCc.png\",\"contentUrl\":\"https:\\\/\\\/chocospin.org\\\/wp-content\\\/uploads\\\/2025\\\/07\\\/80u1FaquEZeR6OUTeJCc.png\",\"width\":123,\"height\":20,\"caption\":\"Chocospin\"},\"image\":{\"@id\":\"https:\\\/\\\/chocospin.org\\\/it\\\/#\\\/schema\\\/logo\\\/image\\\/\"}}]}<\/script>\n<!-- \/ Yoast SEO plugin. -->","yoast_head_json":{"title":"Chocospin Login e registrazione","description":"Controlla il tuo saldo, monitora i bonus e gestisci il tuo profilo senza sforzo con Choco Spin Login. La registrazione \u00e8 rapida, cos\u00ec puoi iniziare a giocare subito senza problemi.","robots":{"index":"index","follow":"follow","max-snippet":"max-snippet:-1","max-image-preview":"max-image-preview:large","max-video-preview":"max-video-preview:-1"},"canonical":"https:\/\/chocospin.org\/it\/accesso-e-registrazione\/","og_locale":"it_IT","og_type":"article","og_title":"Chocospin Login e registrazione","og_description":"Controlla il tuo saldo, monitora i bonus e gestisci il tuo profilo senza sforzo con Choco Spin Login. La registrazione \u00e8 rapida, cos\u00ec puoi iniziare a giocare subito senza problemi.","og_url":"https:\/\/chocospin.org\/it\/accesso-e-registrazione\/","og_site_name":"chocospin","article_modified_time":"2026-02-19T13:32:54+00:00","twitter_card":"summary_large_image","twitter_misc":{"Est. reading time":"1 minute"},"schema":{"@context":"https:\/\/schema.org","@graph":[{"@type":"WebPage","@id":"https:\/\/chocospin.org\/it\/accesso-e-registrazione\/","url":"https:\/\/chocospin.org\/it\/accesso-e-registrazione\/","name":"Chocospin Login e registrazione","isPartOf":{"@id":"https:\/\/chocospin.org\/it\/#website"},"datePublished":"2026-02-19T10:11:00+00:00","dateModified":"2026-02-19T13:32:54+00:00","description":"Controlla il tuo saldo, monitora i bonus e gestisci il tuo profilo senza sforzo con Choco Spin Login. La registrazione \u00e8 rapida, cos\u00ec puoi iniziare a giocare subito senza problemi.","breadcrumb":{"@id":"https:\/\/chocospin.org\/it\/accesso-e-registrazione\/#breadcrumb"},"inLanguage":"it-IT","potentialAction":[{"@type":"ReadAction","target":["https:\/\/chocospin.org\/it\/accesso-e-registrazione\/"]}]},{"@type":"BreadcrumbList","@id":"https:\/\/chocospin.org\/it\/accesso-e-registrazione\/#breadcrumb","itemListElement":[{"@type":"ListItem","position":1,"name":"Chocospin","item":"https:\/\/chocospin.org\/it\/"},{"@type":"ListItem","position":2,"name":"Accesso e registrazione"}]},{"@type":"WebSite","@id":"https:\/\/chocospin.org\/it\/#website","url":"https:\/\/chocospin.org\/it\/","name":"Chocospin","description":"","publisher":{"@id":"https:\/\/chocospin.org\/it\/#organization"},"potentialAction":[{"@type":"SearchAction","target":{"@type":"EntryPoint","urlTemplate":"https:\/\/chocospin.org\/it\/?s={search_term_string}"},"query-input":{"@type":"PropertyValueSpecification","valueRequired":true,"valueName":"search_term_string"}}],"inLanguage":"it-IT"},{"@type":"Organization","@id":"https:\/\/chocospin.org\/it\/#organization","name":"Chocospin","url":"https:\/\/chocospin.org\/it\/","logo":{"@type":"ImageObject","inLanguage":"it-IT","@id":"https:\/\/chocospin.org\/it\/#\/schema\/logo\/image\/","url":"https:\/\/chocospin.org\/wp-content\/uploads\/2025\/07\/80u1FaquEZeR6OUTeJCc.png","contentUrl":"https:\/\/chocospin.org\/wp-content\/uploads\/2025\/07\/80u1FaquEZeR6OUTeJCc.png","width":123,"height":20,"caption":"Chocospin"},"image":{"@id":"https:\/\/chocospin.org\/it\/#\/schema\/logo\/image\/"}}]}},"_links":{"self":[{"href":"https:\/\/chocospin.org\/it\/wp-json\/wp\/v2\/pages\/1471","targetHints":{"allow":["GET"]}}],"collection":[{"href":"https:\/\/chocospin.org\/it\/wp-json\/wp\/v2\/pages"}],"about":[{"href":"https:\/\/chocospin.org\/it\/wp-json\/wp\/v2\/types\/page"}],"author":[{"embeddable":true,"href":"https:\/\/chocospin.org\/it\/wp-json\/wp\/v2\/users\/1"}],"replies":[{"embeddable":true,"href":"https:\/\/chocospin.org\/it\/wp-json\/wp\/v2\/comments?post=1471"}],"version-history":[{"count":2,"href":"https:\/\/chocospin.org\/it\/wp-json\/wp\/v2\/pages\/1471\/revisions"}],"predecessor-version":[{"id":1807,"href":"https:\/\/chocospin.org\/it\/wp-json\/wp\/v2\/pages\/1471\/revisions\/1807"}],"wp:attachment":[{"href":"https:\/\/chocospin.org\/it\/wp-json\/wp\/v2\/media?parent=1471"}],"curies":[{"name":"wp","href":"https:\/\/api.w.org\/{rel}","templated":true}]}}