{"id":1422,"date":"2026-02-19T10:07:18","date_gmt":"2026-02-19T10:07:18","guid":{"rendered":"https:\/\/chocospin.org\/app\/"},"modified":"2026-02-19T14:36:10","modified_gmt":"2026-02-19T14:36:10","slug":"applicazione","status":"publish","type":"page","link":"https:\/\/chocospin.org\/it\/applicazione\/","title":{"rendered":"Applicazione"},"content":{"rendered":"<h1>App Chocospin su piattaforme mobili e web<\/h1>\n<p>Con l&#8217;aiuto del Chocospin App, tutto, dalle slot online di tendenza ai tavoli con croupier dal vivo, diventa accessibile mentre fai qualsiasi cosa. Jackpot progressivi, giochi da tavolo, l&#8217;intero catalogo: tutto funziona mentre sei in viaggio o ti trovi da qualche parte. Funziona su qualsiasi dispositivo abbiano i giocatori italiani: iOS, Android, persino il tuo computer Windows o Mac, se lo desideri.<\/p>\n<div class=\"banner-wrap\" aria-label=\"Banner\"><img src=\"https:\/\/chocospin.org\/wp-content\/uploads\/2026\/02\/Chocospin-banner-desktop.webp\" class=\"w-100 d-none d-lg-block img-pc main-banner-img\" alt=\"Chocospin banner desktop\" fetchpriority=\"high\" decoding=\"async\"><img src=\"https:\/\/chocospin.org\/wp-content\/uploads\/2026\/02\/Chocospin-Banner-mobile.webp\" class=\"w-100 d-none d-md-block d-lg-none main-banner-img\" alt=\"Chocospin Banner mobile\" fetchpriority=\"high\" decoding=\"async\"><img src=\"https:\/\/chocospin.org\/wp-content\/uploads\/2026\/02\/Chocospin-Banner-mobile.webp\" class=\"w-100 d-md-none\" alt=\"Chocospin Banner mobile\" fetchpriority=\"high\" decoding=\"async\"><div class=\"banner-description\">\n<div class=\"banner-title\">Bonus di benvenuto<\/div>\n<p class=\"banner-header-title\">1500\u20ac<\/p>\n<div class=\"banner-header-AdditionalText\">+ 250 Giri gratuiti<\/div>\n<button data-item=\"homepage_banner_link\" class=\"goto m-button m-gradient-border m-button--primary m-button--large banner-button btn-orange\">\n            <div class=\"m-button-content\">\n                <span>Iscriviti ora<\/span>\n                <span><\/span>\n            <\/div>\n        <\/button>\n<\/div>\n<div class=\"WelcomePack\">\n<p><img loading=\"lazy\" decoding=\"async\" class=\"alignnone size-full wp-image-1392\" src=\"https:\/\/chocospin.org\/wp-content\/uploads\/2026\/02\/welcome-crown.png\" alt=\"welcome crown\" width=\"25\" height=\"26\" \/><\/p>\n<div class=\"WelcomePack-Info\">Cashback settimanale fino al 25%<\/div>\n<p><img loading=\"lazy\" decoding=\"async\" class=\"alignnone size-full wp-image-1392\" src=\"https:\/\/chocospin.org\/wp-content\/uploads\/2026\/02\/welcome-crown.png\" alt=\"welcome crown\" width=\"25\" height=\"26\" \/><\/p>\n<\/div>\n<\/div>\n<h2>Caratteristiche e vantaggi dell&#8217;app mobile Chocospin<\/h2>\n<p>Chocospin Casino ha strutturato l&#8217;app come un&#8217;applicazione web progressiva. Sembra tecnico, ma significa semplicemente un collegamento intelligente al sito web. Una volta installata sul tuo dispositivo Android o iOS, non avrai pi\u00f9 bisogno del browser: basta toccare l&#8217;icona e potrai giocare immediatamente.<\/p>\n<p>Il casin\u00f2 mobile Choco Spin rispecchia tutto ci\u00f2 che si trova sul sito web. Le funzionalit\u00e0 non scompaiono, le interfacce rimangono familiari e nulla viene ridotto a una versione base. \u00c8 semplicemente ottimizzato per le persone che preferiscono usare il telefono o il tablet piuttosto che sedersi al computer. La tua esperienza di gioco non ne risente solo perch\u00e9 hai uno schermo pi\u00f9 piccolo.<\/p>\n<p>I vantaggi dell&#8217;utilizzo dell&#8217;app Chocospin sono:<\/p>\n<ul>\n<li>Non sei pi\u00f9 vincolato alla tua posizione. Il gioco non richiede pi\u00f9 che tu rimanga a casa. L&#8217;azione di qualit\u00e0 del casin\u00f2 viaggia con te.<\/li>\n<li>L&#8217;accesso \u00e8 molto pi\u00f9 veloce. Un solo tocco dalla schermata iniziale batte l&#8217;intera routine del browser.<\/li>\n<li>Tutto si carica pi\u00f9 velocemente. La PWA memorizza in cache gli elementi importanti in modo intelligente, quindi le interfacce di Chocospin Casino appaiono quasi istantaneamente.<\/li>\n<li>Le notifiche sono utili. Se lo consenti, l&#8217;app Choco Spin ti avvisa delle nuove promozioni e dei bonus disponibili.<\/li>\n<li>Alcune azioni funzionano offline. Per controllare le informazioni del conto non \u00e8 sempre necessario Internet, poich\u00e9 i contenuti caricati in precedenza rimangono disponibili e sono visibili tramite la PWA.<\/li>\n<\/ul>\n<p>Puoi anche installare l&#8217;app Chocospin sul tuo desktop e tutto si sincronizza automaticamente tra i dispositivi. Inizia a giocare sul tuo laptop, continua pi\u00f9 tardi sul tuo telefono, passa a un tablet e i tuoi progressi ti seguiranno senza trasferimenti manuali o confusione su dove avevi interrotto.<\/p>\n<p><div class=\"scrollable-content-wrap my-5\"><div class=\"scrollable-content-inner\"><h2>Applicazione Choco Spin per iOS<\/h2>\n<p>I download su iPhone e iPad seguono fondamentalmente lo stesso semplice percorso. Una volta fatto ci\u00f2, il tuo account diventa accessibile da qualsiasi luogo. Effettua depositi, gioca alle slot online, unisciti ai tavoli con croupier dal vivo trasmessi da studi reali, il tutto mentre ti muovi durante la tua giornata. L&#8217;esperienza di gioco si traduce su iOS in modo fluido, senza sentirsi limitati o come se mancassero delle funzionalit\u00e0.<\/p>\n<h3>Scarica l&#8217;app su iOS<\/h3>\n<ol>\n<li>Apri il sito web nel browser del tuo dispositivo mobile: Safari \u00e8 il browser pi\u00f9 adatto per i dispositivi iOS.<\/li>\n<li>Accedi alle impostazioni del browser e individua l&#8217;opzione &#8220;Aggiungi alla schermata Home&#8221; nascosta al suo interno.<\/li>\n<li>Tocca il pulsante di installazione e attendi qualche secondo affinch\u00e9 l&#8217;icona del casin\u00f2 appaia.<\/li>\n<li>Inizia a utilizzare l&#8217;app Chocospin da qualsiasi luogo.<\/li>\n<\/ol>\n<p><img loading=\"lazy\" decoding=\"async\" class=\"alignnone size-full wp-image-1804\" src=\"https:\/\/chocospin.org\/wp-content\/uploads\/2026\/02\/Chocospin-iOS-App.webp\" alt=\"\" width=\"1248\" height=\"536\" srcset=\"https:\/\/chocospin.org\/wp-content\/uploads\/2026\/02\/Chocospin-iOS-App.webp 1248w, https:\/\/chocospin.org\/wp-content\/uploads\/2026\/02\/Chocospin-iOS-App-300x129.webp 300w, https:\/\/chocospin.org\/wp-content\/uploads\/2026\/02\/Chocospin-iOS-App-1024x440.webp 1024w, https:\/\/chocospin.org\/wp-content\/uploads\/2026\/02\/Chocospin-iOS-App-768x330.webp 768w\" sizes=\"auto, (max-width: 1248px) 100vw, 1248px\" \/><\/p>\n<\/div><\/div><div style=\"clear: both\"><\/div><div class=\"d-flex justify-content-center\"><button data-item=\"decouvrez_link\" data-group=\"website_links\" class=\"goto fw-bold rounded-pill btn btn-orange\" aria-label=\"Scarica l&#039;app Chocospin\" >Scarica l&#039;app Chocospin<\/button><\/div><div class=\"scrollable-content-wrap my-5\"><div class=\"scrollable-content-inner\"><h2>App mobile per dispositivi Android<\/h2>\n<p>I file APK erano il modo standard per distribuire le app su Android, ma le app web progressive funzionano meglio per i giochi da casin\u00f2.<\/p>\n<table>\n<tbody>\n<tr>\n<td>Cosa conta<\/td>\n<td>Vecchio metodo APK<\/td>\n<td>App web progressive<\/td>\n<\/tr>\n<tr>\n<td>Impatto sulla memoria<\/td>\n<td>Consuma spazio sul dispositivo, consuma RAM e riduce la durata della batteria<\/td>\n<td>Ingombro minimo che non consuma risorse n\u00e9 scarica la batteria<\/td>\n<\/tr>\n<tr>\n<td>Aggiornamenti<\/td>\n<td>Sei costretto a scaricare manualmente gli aggiornamenti e a reinstallare l&#8217;app quando gli sviluppatori apportano modifiche<\/td>\n<td>Gli aggiornamenti avvengono automaticamente mentre dormi o fai altro<\/td>\n<\/tr>\n<tr>\n<td>Da dove proviene<\/td>\n<td>Stai scaricando da risorse discutibili, sperando che non siano pericolose<\/td>\n<td>Si installa direttamente dal sito, senza file misteriosi provenienti da angoli casuali di Internet<\/td>\n<\/tr>\n<tr>\n<td>Velocit\u00e0 di apertura<\/td>\n<td>Pu\u00f2 richiedere alcuni secondi a seconda di quanto \u00e8 pesante l&#8217;app<\/td>\n<td>Si apre immediatamente ogni volta senza esitazioni<\/td>\n<\/tr>\n<\/tbody>\n<\/table>\n<h3>Come installare Chocospin<\/h3>\n<p>Per scaricare Chocospin Casino PWA sul tuo telefono o tablet Android bastano pochi minuti:<\/p>\n<p>Sul sito web di Choco Spin nel browser mobile che preferisci utilizzare, tocca i tre puntini presenti nella barra degli indirizzi del browser. Trova &#8220;Aggiungi alla schermata Home&#8221; in quel menu e toccalo. Conferma l&#8217;installazione e il gioco \u00e8 fatto.<\/p>\n<p>L&#8217;icona dell&#8217;app Chocospin apparir\u00e0 sullo schermo praticamente all&#8217;istante. Toccala ogni volta che vuoi giocare o dare un&#8217;occhiata ai dettagli del tuo account e potrai accedere senza dover utilizzare il browser.<\/p>\n<p><img loading=\"lazy\" decoding=\"async\" class=\"alignnone size-full wp-image-1423\" src=\"https:\/\/chocospin.org\/wp-content\/uploads\/2026\/02\/Chocospin-Android-App.webp\" alt=\"\" width=\"1248\" height=\"536\" srcset=\"https:\/\/chocospin.org\/wp-content\/uploads\/2026\/02\/Chocospin-Android-App.webp 1248w, https:\/\/chocospin.org\/wp-content\/uploads\/2026\/02\/Chocospin-Android-App-300x129.webp 300w, https:\/\/chocospin.org\/wp-content\/uploads\/2026\/02\/Chocospin-Android-App-1024x440.webp 1024w, https:\/\/chocospin.org\/wp-content\/uploads\/2026\/02\/Chocospin-Android-App-768x330.webp 768w\" sizes=\"auto, (max-width: 1248px) 100vw, 1248px\" \/><\/p>\n<\/div><\/div><div style=\"clear: both\"><\/div><div class=\"d-flex justify-content-center\"><button data-item=\"decouvrez_link\" data-group=\"website_links\" class=\"goto fw-bold rounded-pill btn btn-orange\" aria-label=\"Scarica Chocospin\" >Scarica Chocospin<\/button><\/div><div class=\"scrollable-content-wrap my-5\"><div class=\"scrollable-content-inner\"><h2>Gioca su Windows o Mac<\/h2>\n<p>L&#8217;app Chocospin non \u00e8 limitata a telefoni e tablet. Funziona perfettamente anche su computer con sistema operativo Windows o macOS, il che \u00e8 ottimo per chi preferisce uno schermo pi\u00f9 grande o sessioni pi\u00f9 lunghe alla scrivania. Installarla su un desktop fa risparmiare tempo nel lungo periodo.<\/p>\n<p>La configurazione \u00e8 semplice e non sembra di installare un software tradizionale. Una volta aggiunta, l&#8217;icona di Chocospin Casino rimane sul desktop proprio come qualsiasi altra app. Da l\u00ec, l&#8217;accesso \u00e8 immediato. Questa opzione \u00e8 utile se si passa spesso da un dispositivo all&#8217;altro, perch\u00e9 tutto rimane sincronizzato. \u00c8 possibile avviare una sessione sul laptop e poi continuare sul telefono senza perdere traccia dei saldi, dei bonus o delle attivit\u00e0 recenti.<\/p>\n<h3>Differenza tra la versione PC e quella mobile dell&#8217;app<\/h3>\n<p>Le versioni desktop e mobile dell&#8217;app Chocospin differiscono solo in termini di comodit\u00e0 e modalit\u00e0 di utilizzo. Entrambe offrono lo stesso accesso: stesse slot online, giochi con croupier dal vivo, strumenti di account e l&#8217;intero processo di verifica. Nulla viene bloccato o nascosto a seconda del dispositivo che utilizzi.<\/p>\n<p>La versione desktop \u00e8 ideale per le sessioni in cui ti vuoi rilassare, o quando vuoi leggere le regole del gioco senza strizzare gli occhi, o destreggiarti tra pi\u00f9 cose come scorrere i giochi mentre chatti contemporaneamente con l&#8217;assistenza. La versione mobile eccelle in termini di velocit\u00e0 e flessibilit\u00e0, adattandosi perfettamente a quei momenti di tempo libero casuali.<\/p>\n<p><img loading=\"lazy\" decoding=\"async\" class=\"alignnone size-full wp-image-1803\" src=\"https:\/\/chocospin.org\/wp-content\/uploads\/2026\/02\/Chocospin-Desktop.webp\" alt=\"\" width=\"1248\" height=\"536\" srcset=\"https:\/\/chocospin.org\/wp-content\/uploads\/2026\/02\/Chocospin-Desktop.webp 1248w, https:\/\/chocospin.org\/wp-content\/uploads\/2026\/02\/Chocospin-Desktop-300x129.webp 300w, https:\/\/chocospin.org\/wp-content\/uploads\/2026\/02\/Chocospin-Desktop-1024x440.webp 1024w, https:\/\/chocospin.org\/wp-content\/uploads\/2026\/02\/Chocospin-Desktop-768x330.webp 768w\" sizes=\"auto, (max-width: 1248px) 100vw, 1248px\" \/><\/p>\n<\/div><\/div><div style=\"clear: both\"><\/div><div class=\"d-flex justify-content-center\"><button data-item=\"decouvrez_link\" data-group=\"website_links\" class=\"goto fw-bold rounded-pill btn btn-orange\" aria-label=\"Scarica l&#039;app Chocospin\" >Scarica l&#039;app Chocospin<\/button><\/div><div class=\"scrollable-content-wrap my-5\"><div class=\"scrollable-content-inner\"><h2>Domande frequenti<\/h2>\n<h3>L&#8217;app Choco Spin \u00e8 la stessa sui dispositivi Android e iOS?<\/h3>\n<p>L&#8217;esperienza \u00e8 la stessa su entrambe le piattaforme. Il layout di Chocospin si adatta leggermente a ciascun sistema, ma i giochi, i pagamenti, la chat live e il team di assistenza sono disponibili esattamente allo stesso modo.<\/p>\n<h3>Quali sono i pro e i contro di giocare su un dispositivo mobile rispetto a un PC?<\/h3>\n<p>Il gioco mobile Chocospin \u00e8 pi\u00f9 veloce da accedere e pi\u00f9 facile quando sei lontano dal tuo computer. Il gioco su PC offre pi\u00f9 spazio sullo schermo e comfort per sessioni pi\u00f9 lunghe. Chocospin Casino non cambia le caratteristiche tra i dispositivi, quindi si tratta principalmente di quale formato si adatta meglio alla tua routine.<\/p>\n<h3>Posso accedere all&#8217;app Choco Spin con lo stesso account?<\/h3>\n<p>S\u00ec, un unico account funziona ovunque. Puoi utilizzare gli stessi dati di accesso su dispositivi mobili e desktop e tutto rimane sincronizzato automaticamente. Anche il processo di verifica si applica allo stesso modo, indipendentemente dal dispositivo da cui scegli di caricare i documenti.<\/p>\n<\/div><\/div><\/p>\n","protected":false},"excerpt":{"rendered":"<p>App Chocospin su piattaforme mobili e web Con l&#8217;aiuto del Chocospin App, tutto, dalle slot online di tendenza ai tavoli con croupier dal vivo, diventa accessibile mentre fai qualsiasi cosa. Jackpot progressivi, giochi da tavolo, l&#8217;intero catalogo: tutto funziona mentre sei in viaggio o ti trovi da qualche parte. Funziona su qualsiasi dispositivo abbiano i [&hellip;]<\/p>\n","protected":false},"author":1,"featured_media":0,"parent":0,"menu_order":0,"comment_status":"closed","ping_status":"closed","template":"template-builder.php","meta":{"_acf_changed":false,"inline_featured_image":false,"footnotes":""},"class_list":["post-1422","page","type-page","status-publish","hentry"],"acf":[],"yoast_head":"<!-- This site is optimized with the Yoast SEO plugin v27.3 - https:\/\/yoast.com\/product\/yoast-seo-wordpress\/ -->\n<title>Chocospin App | Scarica iOS e Android<\/title>\n<meta name=\"description\" content=\"Choco Spin App porta migliaia di giochi direttamente sul tuo smartphone o tablet con un design fluido e reattivo. La sincronizzazione dell&#039;account ti garantisce di non perdere mai un giro o un bonus, e i pagamenti rimangono sempre sicuri.\" \/>\n<meta name=\"robots\" content=\"index, follow, max-snippet:-1, max-image-preview:large, max-video-preview:-1\" \/>\n<link rel=\"canonical\" href=\"https:\/\/chocospin.org\/it\/applicazione\/\" \/>\n<meta property=\"og:locale\" content=\"it_IT\" \/>\n<meta property=\"og:type\" content=\"article\" \/>\n<meta property=\"og:title\" content=\"Chocospin App | Scarica iOS e Android\" \/>\n<meta property=\"og:description\" content=\"Choco Spin App porta migliaia di giochi direttamente sul tuo smartphone o tablet con un design fluido e reattivo. La sincronizzazione dell&#039;account ti garantisce di non perdere mai un giro o un bonus, e i pagamenti rimangono sempre sicuri.\" \/>\n<meta property=\"og:url\" content=\"https:\/\/chocospin.org\/it\/applicazione\/\" \/>\n<meta property=\"og:site_name\" content=\"chocospin\" \/>\n<meta property=\"article:modified_time\" content=\"2026-02-19T14:36:10+00:00\" \/>\n<meta name=\"twitter:card\" content=\"summary_large_image\" \/>\n<meta name=\"twitter:label1\" content=\"Est. reading time\" \/>\n\t<meta name=\"twitter:data1\" content=\"2 minutes\" \/>\n<script type=\"application\/ld+json\" class=\"yoast-schema-graph\">{\"@context\":\"https:\\\/\\\/schema.org\",\"@graph\":[{\"@type\":\"WebPage\",\"@id\":\"https:\\\/\\\/chocospin.org\\\/it\\\/applicazione\\\/\",\"url\":\"https:\\\/\\\/chocospin.org\\\/it\\\/applicazione\\\/\",\"name\":\"Chocospin App | Scarica iOS e Android\",\"isPartOf\":{\"@id\":\"https:\\\/\\\/chocospin.org\\\/it\\\/#website\"},\"datePublished\":\"2026-02-19T10:07:18+00:00\",\"dateModified\":\"2026-02-19T14:36:10+00:00\",\"description\":\"Choco Spin App porta migliaia di giochi direttamente sul tuo smartphone o tablet con un design fluido e reattivo. La sincronizzazione dell'account ti garantisce di non perdere mai un giro o un bonus, e i pagamenti rimangono sempre sicuri.\",\"breadcrumb\":{\"@id\":\"https:\\\/\\\/chocospin.org\\\/it\\\/applicazione\\\/#breadcrumb\"},\"inLanguage\":\"it-IT\",\"potentialAction\":[{\"@type\":\"ReadAction\",\"target\":[\"https:\\\/\\\/chocospin.org\\\/it\\\/applicazione\\\/\"]}]},{\"@type\":\"BreadcrumbList\",\"@id\":\"https:\\\/\\\/chocospin.org\\\/it\\\/applicazione\\\/#breadcrumb\",\"itemListElement\":[{\"@type\":\"ListItem\",\"position\":1,\"name\":\"Chocospin\",\"item\":\"https:\\\/\\\/chocospin.org\\\/it\\\/\"},{\"@type\":\"ListItem\",\"position\":2,\"name\":\"Applicazione\"}]},{\"@type\":\"WebSite\",\"@id\":\"https:\\\/\\\/chocospin.org\\\/it\\\/#website\",\"url\":\"https:\\\/\\\/chocospin.org\\\/it\\\/\",\"name\":\"Chocospin\",\"description\":\"\",\"publisher\":{\"@id\":\"https:\\\/\\\/chocospin.org\\\/it\\\/#organization\"},\"potentialAction\":[{\"@type\":\"SearchAction\",\"target\":{\"@type\":\"EntryPoint\",\"urlTemplate\":\"https:\\\/\\\/chocospin.org\\\/it\\\/?s={search_term_string}\"},\"query-input\":{\"@type\":\"PropertyValueSpecification\",\"valueRequired\":true,\"valueName\":\"search_term_string\"}}],\"inLanguage\":\"it-IT\"},{\"@type\":\"Organization\",\"@id\":\"https:\\\/\\\/chocospin.org\\\/it\\\/#organization\",\"name\":\"Chocospin\",\"url\":\"https:\\\/\\\/chocospin.org\\\/it\\\/\",\"logo\":{\"@type\":\"ImageObject\",\"inLanguage\":\"it-IT\",\"@id\":\"https:\\\/\\\/chocospin.org\\\/it\\\/#\\\/schema\\\/logo\\\/image\\\/\",\"url\":\"https:\\\/\\\/chocospin.org\\\/wp-content\\\/uploads\\\/2025\\\/07\\\/80u1FaquEZeR6OUTeJCc.png\",\"contentUrl\":\"https:\\\/\\\/chocospin.org\\\/wp-content\\\/uploads\\\/2025\\\/07\\\/80u1FaquEZeR6OUTeJCc.png\",\"width\":123,\"height\":20,\"caption\":\"Chocospin\"},\"image\":{\"@id\":\"https:\\\/\\\/chocospin.org\\\/it\\\/#\\\/schema\\\/logo\\\/image\\\/\"}}]}<\/script>\n<!-- \/ Yoast SEO plugin. -->","yoast_head_json":{"title":"Chocospin App | Scarica iOS e Android","description":"Choco Spin App porta migliaia di giochi direttamente sul tuo smartphone o tablet con un design fluido e reattivo. La sincronizzazione dell'account ti garantisce di non perdere mai un giro o un bonus, e i pagamenti rimangono sempre sicuri.","robots":{"index":"index","follow":"follow","max-snippet":"max-snippet:-1","max-image-preview":"max-image-preview:large","max-video-preview":"max-video-preview:-1"},"canonical":"https:\/\/chocospin.org\/it\/applicazione\/","og_locale":"it_IT","og_type":"article","og_title":"Chocospin App | Scarica iOS e Android","og_description":"Choco Spin App porta migliaia di giochi direttamente sul tuo smartphone o tablet con un design fluido e reattivo. La sincronizzazione dell'account ti garantisce di non perdere mai un giro o un bonus, e i pagamenti rimangono sempre sicuri.","og_url":"https:\/\/chocospin.org\/it\/applicazione\/","og_site_name":"chocospin","article_modified_time":"2026-02-19T14:36:10+00:00","twitter_card":"summary_large_image","twitter_misc":{"Est. reading time":"2 minutes"},"schema":{"@context":"https:\/\/schema.org","@graph":[{"@type":"WebPage","@id":"https:\/\/chocospin.org\/it\/applicazione\/","url":"https:\/\/chocospin.org\/it\/applicazione\/","name":"Chocospin App | Scarica iOS e Android","isPartOf":{"@id":"https:\/\/chocospin.org\/it\/#website"},"datePublished":"2026-02-19T10:07:18+00:00","dateModified":"2026-02-19T14:36:10+00:00","description":"Choco Spin App porta migliaia di giochi direttamente sul tuo smartphone o tablet con un design fluido e reattivo. La sincronizzazione dell'account ti garantisce di non perdere mai un giro o un bonus, e i pagamenti rimangono sempre sicuri.","breadcrumb":{"@id":"https:\/\/chocospin.org\/it\/applicazione\/#breadcrumb"},"inLanguage":"it-IT","potentialAction":[{"@type":"ReadAction","target":["https:\/\/chocospin.org\/it\/applicazione\/"]}]},{"@type":"BreadcrumbList","@id":"https:\/\/chocospin.org\/it\/applicazione\/#breadcrumb","itemListElement":[{"@type":"ListItem","position":1,"name":"Chocospin","item":"https:\/\/chocospin.org\/it\/"},{"@type":"ListItem","position":2,"name":"Applicazione"}]},{"@type":"WebSite","@id":"https:\/\/chocospin.org\/it\/#website","url":"https:\/\/chocospin.org\/it\/","name":"Chocospin","description":"","publisher":{"@id":"https:\/\/chocospin.org\/it\/#organization"},"potentialAction":[{"@type":"SearchAction","target":{"@type":"EntryPoint","urlTemplate":"https:\/\/chocospin.org\/it\/?s={search_term_string}"},"query-input":{"@type":"PropertyValueSpecification","valueRequired":true,"valueName":"search_term_string"}}],"inLanguage":"it-IT"},{"@type":"Organization","@id":"https:\/\/chocospin.org\/it\/#organization","name":"Chocospin","url":"https:\/\/chocospin.org\/it\/","logo":{"@type":"ImageObject","inLanguage":"it-IT","@id":"https:\/\/chocospin.org\/it\/#\/schema\/logo\/image\/","url":"https:\/\/chocospin.org\/wp-content\/uploads\/2025\/07\/80u1FaquEZeR6OUTeJCc.png","contentUrl":"https:\/\/chocospin.org\/wp-content\/uploads\/2025\/07\/80u1FaquEZeR6OUTeJCc.png","width":123,"height":20,"caption":"Chocospin"},"image":{"@id":"https:\/\/chocospin.org\/it\/#\/schema\/logo\/image\/"}}]}},"_links":{"self":[{"href":"https:\/\/chocospin.org\/it\/wp-json\/wp\/v2\/pages\/1422","targetHints":{"allow":["GET"]}}],"collection":[{"href":"https:\/\/chocospin.org\/it\/wp-json\/wp\/v2\/pages"}],"about":[{"href":"https:\/\/chocospin.org\/it\/wp-json\/wp\/v2\/types\/page"}],"author":[{"embeddable":true,"href":"https:\/\/chocospin.org\/it\/wp-json\/wp\/v2\/users\/1"}],"replies":[{"embeddable":true,"href":"https:\/\/chocospin.org\/it\/wp-json\/wp\/v2\/comments?post=1422"}],"version-history":[{"count":3,"href":"https:\/\/chocospin.org\/it\/wp-json\/wp\/v2\/pages\/1422\/revisions"}],"predecessor-version":[{"id":1950,"href":"https:\/\/chocospin.org\/it\/wp-json\/wp\/v2\/pages\/1422\/revisions\/1950"}],"wp:attachment":[{"href":"https:\/\/chocospin.org\/it\/wp-json\/wp\/v2\/media?parent=1422"}],"curies":[{"name":"wp","href":"https:\/\/api.w.org\/{rel}","templated":true}]}}