{"id":1468,"date":"2026-02-19T10:11:00","date_gmt":"2026-02-19T10:11:00","guid":{"rendered":"https:\/\/chocospin.org\/login-and-registration\/"},"modified":"2026-02-19T11:48:20","modified_gmt":"2026-02-19T11:48:20","slug":"connexion-et-inscription","status":"publish","type":"page","link":"https:\/\/chocospin.org\/fr\/connexion-et-inscription\/","title":{"rendered":"Connexion et inscription"},"content":{"rendered":"<h1>Connexion \u00e0 Chocospin et configuration du profil<\/h1>\n<p>Le Chocospin login processus ne vous fait pas perdre de temps avec des complexit\u00e9s inutiles. Il ne faut qu&rsquo;une demi-minute entre le clic et le jeu. Quelques clics suffisent pour cr\u00e9er votre compte, et vous pouvez commencer \u00e0 jouer aux machines \u00e0 sous et aux jeux de casino en ligne.<\/p>\n<p><div class=\"banner-wrap\" aria-label=\"Banner\"><img src=\"https:\/\/chocospin.org\/wp-content\/uploads\/2026\/02\/Chocospin-banner-desktop.webp\" class=\"w-100 d-none d-lg-block img-pc main-banner-img\" alt=\"Chocospin banner desktop\" fetchpriority=\"high\" decoding=\"async\"><img src=\"https:\/\/chocospin.org\/wp-content\/uploads\/2026\/02\/Chocospin-Banner-mobile.webp\" class=\"w-100 d-none d-md-block d-lg-none main-banner-img\" alt=\"Chocospin Banner mobile\" fetchpriority=\"high\" decoding=\"async\"><img src=\"https:\/\/chocospin.org\/wp-content\/uploads\/2026\/02\/Chocospin-Banner-mobile.webp\" class=\"w-100 d-md-none\" alt=\"Chocospin Banner mobile\" fetchpriority=\"high\" decoding=\"async\"><div class=\"banner-description\">\n<div class=\"banner-title\">Bonus de bienvenue<\/div>\n<p class=\"banner-header-title\">1500\u20ac<\/p>\n<div class=\"banner-header-AdditionalText\">+ 250 Tours gratuits<\/div>\n<button data-item=\"homepage_banner_link\" class=\"goto m-button m-gradient-border m-button--primary m-button--large banner-button btn-orange\">\n            <div class=\"m-button-content\">\n                <span>Inscrivez-vous d\u00e8s maintenant<\/span>\n                <span><\/span>\n            <\/div>\n        <\/button>\n<\/div>\n<div class=\"WelcomePack\">\n<p><img loading=\"lazy\" decoding=\"async\" class=\"alignnone size-full wp-image-1392\" src=\"https:\/\/chocospin.org\/wp-content\/uploads\/2026\/02\/welcome-crown.png\" alt=\"welcome crown\" width=\"25\" height=\"26\" \/><\/p>\n<div class=\"WelcomePack-Info\">Cashback hebdomadaire jusqu&rsquo;\u00e0 25 %<\/div>\n<p><img loading=\"lazy\" decoding=\"async\" class=\"alignnone size-full wp-image-1392\" src=\"https:\/\/chocospin.org\/wp-content\/uploads\/2026\/02\/welcome-crown.png\" alt=\"welcome crown\" width=\"25\" height=\"26\" \/><\/p>\n<\/div>\n<\/div><div class=\"scrollable-content-wrap my-5\"><div class=\"scrollable-content-inner\"><h2>Rejoignez Choco Spin en quelques \u00e9tapes rapides<\/h2>\n<p>L&rsquo;inscription \u00e0 Chocospin vous donne acc\u00e8s \u00e0 toute une s\u00e9rie d&rsquo;avantages qui en valent largement la peine. Vous pouvez essayer gratuitement les machines \u00e0 sous populaires en mode d\u00e9mo afin de vous faire une id\u00e9e des jeux avant de d\u00e9penser de l&rsquo;argent. Les nouveaux inscrits re\u00e7oivent \u00e9galement un bonus de bienvenue qui augmente consid\u00e9rablement la valeur de leur d\u00e9p\u00f4t initial. De plus, vous commencez imm\u00e9diatement \u00e0 gagner des points de fid\u00e9lit\u00e9 qui vous permettent de d\u00e9bloquer des avantages dont les simples visiteurs ne peuvent jamais profiter.<\/p>\n<h3>Guide de cr\u00e9ation de compte<\/h3>\n<p>La cr\u00e9ation d&rsquo;un compte Chocospin Casino ne n\u00e9cessite aucune connaissance particuli\u00e8re.<\/p>\n<ol>\n<li>Recherchez le bouton d&rsquo;inscription Chocospin situ\u00e9 dans le coin sup\u00e9rieur droit de la page d&rsquo;accueil.<\/li>\n<li>Saisissez votre adresse e-mail dans le formulaire qui s&rsquo;affiche.<\/li>\n<li>Cr\u00e9ez un mot de passe. Utilisez des lettres, des chiffres et des symboles que vous n&rsquo;avez pas d\u00e9j\u00e0 utilis\u00e9s sur d&rsquo;autres sites web.<\/li>\n<li>Cochez la case confirmant que vous avez plus de 18 ans apr\u00e8s avoir lu les conditions g\u00e9n\u00e9rales.<\/li>\n<li>Cliquez sur le bouton pour continuer.<\/li>\n<li>Remplissez la deuxi\u00e8me partie avec les informations de base : votre pr\u00e9nom, votre nom et votre num\u00e9ro de t\u00e9l\u00e9phone.<\/li>\n<\/ol>\n<p>Vous ne pouvez jouer sur Choco Spin Casino que si vous vous trouvez dans un endroit o\u00f9 les jeux d&rsquo;argent en ligne sont l\u00e9gaux. Le site d\u00e9tecte automatiquement votre emplacement et le relie \u00e0 votre compte. Les informations que vous pouvez modifier comprennent votre nom, votre nom d&rsquo;utilisateur, votre sexe et vos coordonn\u00e9es. Vous pouvez actualiser votre mot de passe \u00e0 tout moment dans les param\u00e8tres de s\u00e9curit\u00e9.<\/p>\n<h2>Contr\u00f4les de connexion et de param\u00e8tres sur Chocospin<\/h2>\n<p>La connexion \u00e0 Chocospin est encore plus simple que la cr\u00e9ation du compte. Il suffit d&rsquo;appuyer sur le bouton de connexion, d&rsquo;entrer votre adresse e-mail et votre mot de passe, puis de cliquer une nouvelle fois pour commencer.<br \/>\nAu-del\u00e0 de l&rsquo;\u00e9cran de connexion de Choco Spin, vous trouverez des milliers de jeux de casino ainsi que des interfaces qui permettent de tout organiser.<\/p>\n<table>\n<tbody>\n<tr>\n<td>Section<\/td>\n<td>Ce qu&rsquo;il y a<\/td>\n<\/tr>\n<tr>\n<td>Portefeuille<\/td>\n<td>Le portefeuille est le centre n\u00e9vralgique de la gestion de votre argent, avec des boutons de d\u00e9p\u00f4t et de retrait \u00e0 port\u00e9e de main. Il affiche s\u00e9par\u00e9ment votre argent r\u00e9el et vos bonus, afin d&rsquo;\u00e9viter toute confusion, et vous indique exactement ce qui est disponible pour \u00eatre retir\u00e9, avec les limites de retrait.<\/td>\n<\/tr>\n<tr>\n<td>Historique<\/td>\n<td>La section Historique enregistre tout ce que vous avez fait, y compris vos sessions de jeu, les mouvements d&rsquo;argent entrants et sortants, les bonus que vous avez r\u00e9clam\u00e9s et utilis\u00e9s, et les paris que vous avez plac\u00e9s. Il s&rsquo;agit d&rsquo;un enregistrement complet si vous avez besoin de v\u00e9rifier quelque chose.<\/td>\n<\/tr>\n<tr>\n<td>Profil<\/td>\n<td>Diff\u00e9rentes cat\u00e9gories de param\u00e8tres : param\u00e8tres g\u00e9n\u00e9raux du compte Chocospin, options de s\u00e9curit\u00e9 et limites de jeu que vous avez d\u00e9finies pour rester raisonnable.<\/td>\n<\/tr>\n<\/tbody>\n<\/table>\n<p>Si vous avez des questions, vous pouvez contacter l&rsquo;\u00e9quipe d&rsquo;assistance depuis n&rsquo;importe quelle section via la fen\u00eatre situ\u00e9e dans le coin inf\u00e9rieur droit.<\/p>\n<h3>Comment r\u00e9initialiser votre mot de passe<\/h3>\n<p>Tout le monde peut oublier son mot de passe, et Chocospin a simplifi\u00e9 le processus de r\u00e9cup\u00e9ration. Si vous ne parvenez pas \u00e0 vous connecter, rendez-vous sur la page de connexion Chocospin et s\u00e9lectionnez l&rsquo;option de r\u00e9cup\u00e9ration du mot de passe. Saisissez l&rsquo;adresse e-mail associ\u00e9e \u00e0 votre compte et un e-mail de r\u00e9initialisation du mot de passe vous sera envoy\u00e9.<\/p>\n<p>Ouvrez l&rsquo;e-mail et suivez le lien pour choisir un nouveau mot de passe que vous pourrez m\u00e9moriser tout en restant s\u00e9curis\u00e9. Une fois que vous l&rsquo;avez enregistr\u00e9, vous pouvez vous reconnecter imm\u00e9diatement \u00e0 votre compte Choco Spin et reprendre l\u00e0 o\u00f9 vous vous \u00e9tiez arr\u00eat\u00e9. Si vous ne voyez pas l&rsquo;e-mail, pensez \u00e0 v\u00e9rifier votre dossier spam ou \u00e0 attendre une minute avant de r\u00e9essayer.<\/p>\n<h2>Processus de v\u00e9rification des joueurs<\/h2>\n<p>Chocospin Casino ne vous demandera pas de v\u00e9rifier votre identit\u00e9 au moment de votre inscription. Nous ne vous demandons des documents que lorsque vous essayez de retirer de l&rsquo;argent pour la premi\u00e8re fois. Les exigences standard en mati\u00e8re de v\u00e9rification sont les suivantes :<\/p>\n<ul>\n<li>Une pi\u00e8ce d&rsquo;identit\u00e9 d\u00e9livr\u00e9e par le gouvernement, telle qu&rsquo;un passeport ou un permis de conduire, pour prouver votre identit\u00e9 ;<\/li>\n<li>Une facture r\u00e9cente d&rsquo;un service public pour confirmer que votre adresse correspond \u00e0 celle que vous avez fournie lors de votre inscription ;<\/li>\n<li>Des photos de la carte de d\u00e9bit que vous avez utilis\u00e9e pour effectuer vos d\u00e9p\u00f4ts (les chiffres du milieu peuvent \u00eatre masqu\u00e9s pour plus de tranquillit\u00e9 d&rsquo;esprit).<\/li>\n<\/ul>\n<p>Ce processus de v\u00e9rification permet de s&rsquo;assurer qu&rsquo;aucune loi n&rsquo;est enfreinte, accidentellement ou non, et que le compte Chocospin a \u00e9t\u00e9 cr\u00e9\u00e9 \u00e0 l&rsquo;aide d&rsquo;informations d&rsquo;identification r\u00e9elles. Le d\u00e9lai entre la soumission et l&rsquo;approbation est d&rsquo;environ 48 heures. Une fois la v\u00e9rification effectu\u00e9e, les futurs retraits ne n\u00e9cessiteront plus de v\u00e9rification \u00e0 chaque fois.<\/p>\n<h3>Comment nous prot\u00e9geons vos informations<\/h3>\n<p>La connexion \u00e0 Chocospin est surveill\u00e9e afin de d\u00e9tecter tout comportement inhabituel et d&rsquo;\u00e9viter que les probl\u00e8mes ne s&rsquo;aggravent. En plus de la surveillance automatis\u00e9e, la mise \u00e0 jour r\u00e9guli\u00e8re de votre mot de passe dans les param\u00e8tres de s\u00e9curit\u00e9 offre une protection personnalis\u00e9e suppl\u00e9mentaire. Les mots de passe \u00e9tant souvent compromis lors de violations de donn\u00e9es, la mise \u00e0 jour du v\u00f4tre r\u00e9duit le risque de compromissions inconnues.<\/p>\n<p>L&rsquo;authentification \u00e0 deux facteurs est facultative. Elle vous oblige \u00e0 saisir votre mot de passe ainsi qu&rsquo;un code \u00e0 usage unique envoy\u00e9 sur votre t\u00e9l\u00e9phone ou par e-mail \u00e0 chaque fois que vous vous connectez \u00e0 Chocospin. L&rsquo;acc\u00e8s non autoris\u00e9 devient pratiquement impossible, car il ne suffit plus de pirater votre mot de passe, il faudrait \u00e9galement avoir acc\u00e8s \u00e0 votre appareil.<\/p>\n<h2>FAQ<\/h2>\n<h3>Pourquoi dois-je v\u00e9rifier mon compte sur Chocospin ?<\/h3>\n<p>La v\u00e9rification de votre compte Chocospin Casino permet d&rsquo;\u00e9viter les fraudes et garantit le respect des r\u00e9glementations en mati\u00e8re de jeux d&rsquo;argent, qui obligent les casinos \u00e0 confirmer l&rsquo;identit\u00e9 et l&rsquo;\u00e2ge de leurs joueurs. Le processus de v\u00e9rification vous prot\u00e8ge, vous et la plateforme. Il r\u00e9pond \u00e9galement aux exigences l\u00e9gales visant \u00e0 emp\u00eacher les jeux d&rsquo;argent chez les mineurs et le blanchiment d&rsquo;argent.<\/p>\n<h3>Puis-je modifier mes informations personnelles apr\u00e8s mon inscription ?<\/h3>\n<p>Apr\u00e8s votre inscription, vous pouvez modifier certaines informations dans les param\u00e8tres de votre profil Chocospin Casino. Vous pouvez modifier votre nom, votre nom d&rsquo;utilisateur, votre sexe et vos coordonn\u00e9es \u00e0 tout moment. Cependant, certaines informations ne peuvent \u00eatre modifi\u00e9es sans contacter directement notre \u00e9quipe d&rsquo;assistance multilingue via le chat en direct, car elles ont une incidence sur la conformit\u00e9 l\u00e9gale et l&rsquo;\u00e9ligibilit\u00e9 du compte. Il s&rsquo;agit notamment de votre lieu de r\u00e9sidence et de votre date de naissance.<\/p>\n<h3>Puis-je essayer les jeux en mode d\u00e9mo avant de m&rsquo;inscrire ?<\/h3>\n<p>Une fois que vous avez cr\u00e9\u00e9 un compte, certaines machines \u00e0 sous en ligne de Choco Spin Casino deviennent accessibles en mode d\u00e9mo, ce qui vous permet de tester les jeux sans d\u00e9penser d&rsquo;argent. Le mode d\u00e9mo utilise des pi\u00e8ces virtuelles. Cependant, tous les jeux ne proposent pas le mode d\u00e9mo ; certains n\u00e9cessitent de jouer avec de l&rsquo;argent r\u00e9el. Les machines \u00e0 sous populaires, en revanche, offrent des options de test gratuites.<\/p>\n<\/div><\/div><\/p>\n","protected":false},"excerpt":{"rendered":"<p>Connexion \u00e0 Chocospin et configuration du profil Le Chocospin login processus ne vous fait pas perdre de temps avec des complexit\u00e9s inutiles. Il ne faut qu&rsquo;une demi-minute entre le clic et le jeu. Quelques clics suffisent pour cr\u00e9er votre compte, et vous pouvez commencer \u00e0 jouer aux machines \u00e0 sous et aux jeux de casino [&hellip;]<\/p>\n","protected":false},"author":1,"featured_media":0,"parent":0,"menu_order":0,"comment_status":"closed","ping_status":"closed","template":"template-builder.php","meta":{"_acf_changed":false,"inline_featured_image":false,"footnotes":""},"class_list":["post-1468","page","type-page","status-publish","hentry"],"acf":[],"yoast_head":"<!-- This site is optimized with the Yoast SEO plugin v27.3 - https:\/\/yoast.com\/product\/yoast-seo-wordpress\/ -->\n<title>Chocospin Login et inscription<\/title>\n<meta name=\"description\" content=\"Consultez votre solde, suivez vos bonus et g\u00e9rez votre profil en toute simplicit\u00e9 gr\u00e2ce \u00e0 Choco Spin Login. L&#039;inscription est rapide et vous permet de commencer \u00e0 jouer imm\u00e9diatement, sans aucun souci.\" \/>\n<meta name=\"robots\" content=\"index, follow, max-snippet:-1, max-image-preview:large, max-video-preview:-1\" \/>\n<link rel=\"canonical\" href=\"https:\/\/chocospin.org\/fr\/connexion-et-inscription\/\" \/>\n<meta property=\"og:locale\" content=\"fr_FR\" \/>\n<meta property=\"og:type\" content=\"article\" \/>\n<meta property=\"og:title\" content=\"Chocospin Login et inscription\" \/>\n<meta property=\"og:description\" content=\"Consultez votre solde, suivez vos bonus et g\u00e9rez votre profil en toute simplicit\u00e9 gr\u00e2ce \u00e0 Choco Spin Login. L&#039;inscription est rapide et vous permet de commencer \u00e0 jouer imm\u00e9diatement, sans aucun souci.\" \/>\n<meta property=\"og:url\" content=\"https:\/\/chocospin.org\/fr\/connexion-et-inscription\/\" \/>\n<meta property=\"og:site_name\" content=\"chocospin\" \/>\n<meta property=\"article:modified_time\" content=\"2026-02-19T11:48:20+00:00\" \/>\n<meta name=\"twitter:card\" content=\"summary_large_image\" \/>\n<meta name=\"twitter:label1\" content=\"Dur\u00e9e de lecture estim\u00e9e\" \/>\n\t<meta name=\"twitter:data1\" content=\"1 minute\" \/>\n<script type=\"application\/ld+json\" class=\"yoast-schema-graph\">{\"@context\":\"https:\\\/\\\/schema.org\",\"@graph\":[{\"@type\":\"WebPage\",\"@id\":\"https:\\\/\\\/chocospin.org\\\/fr\\\/connexion-et-inscription\\\/\",\"url\":\"https:\\\/\\\/chocospin.org\\\/fr\\\/connexion-et-inscription\\\/\",\"name\":\"Chocospin Login et inscription\",\"isPartOf\":{\"@id\":\"https:\\\/\\\/chocospin.org\\\/fr\\\/#website\"},\"datePublished\":\"2026-02-19T10:11:00+00:00\",\"dateModified\":\"2026-02-19T11:48:20+00:00\",\"description\":\"Consultez votre solde, suivez vos bonus et g\u00e9rez votre profil en toute simplicit\u00e9 gr\u00e2ce \u00e0 Choco Spin Login. L'inscription est rapide et vous permet de commencer \u00e0 jouer imm\u00e9diatement, sans aucun souci.\",\"breadcrumb\":{\"@id\":\"https:\\\/\\\/chocospin.org\\\/fr\\\/connexion-et-inscription\\\/#breadcrumb\"},\"inLanguage\":\"fr-FR\",\"potentialAction\":[{\"@type\":\"ReadAction\",\"target\":[\"https:\\\/\\\/chocospin.org\\\/fr\\\/connexion-et-inscription\\\/\"]}]},{\"@type\":\"BreadcrumbList\",\"@id\":\"https:\\\/\\\/chocospin.org\\\/fr\\\/connexion-et-inscription\\\/#breadcrumb\",\"itemListElement\":[{\"@type\":\"ListItem\",\"position\":1,\"name\":\"Chocospin\",\"item\":\"https:\\\/\\\/chocospin.org\\\/fr\\\/\"},{\"@type\":\"ListItem\",\"position\":2,\"name\":\"Connexion et inscription\"}]},{\"@type\":\"WebSite\",\"@id\":\"https:\\\/\\\/chocospin.org\\\/fr\\\/#website\",\"url\":\"https:\\\/\\\/chocospin.org\\\/fr\\\/\",\"name\":\"Chocospin\",\"description\":\"\",\"publisher\":{\"@id\":\"https:\\\/\\\/chocospin.org\\\/fr\\\/#organization\"},\"potentialAction\":[{\"@type\":\"SearchAction\",\"target\":{\"@type\":\"EntryPoint\",\"urlTemplate\":\"https:\\\/\\\/chocospin.org\\\/fr\\\/?s={search_term_string}\"},\"query-input\":{\"@type\":\"PropertyValueSpecification\",\"valueRequired\":true,\"valueName\":\"search_term_string\"}}],\"inLanguage\":\"fr-FR\"},{\"@type\":\"Organization\",\"@id\":\"https:\\\/\\\/chocospin.org\\\/fr\\\/#organization\",\"name\":\"Chocospin\",\"url\":\"https:\\\/\\\/chocospin.org\\\/fr\\\/\",\"logo\":{\"@type\":\"ImageObject\",\"inLanguage\":\"fr-FR\",\"@id\":\"https:\\\/\\\/chocospin.org\\\/fr\\\/#\\\/schema\\\/logo\\\/image\\\/\",\"url\":\"https:\\\/\\\/chocospin.org\\\/wp-content\\\/uploads\\\/2025\\\/07\\\/80u1FaquEZeR6OUTeJCc.png\",\"contentUrl\":\"https:\\\/\\\/chocospin.org\\\/wp-content\\\/uploads\\\/2025\\\/07\\\/80u1FaquEZeR6OUTeJCc.png\",\"width\":123,\"height\":20,\"caption\":\"Chocospin\"},\"image\":{\"@id\":\"https:\\\/\\\/chocospin.org\\\/fr\\\/#\\\/schema\\\/logo\\\/image\\\/\"}}]}<\/script>\n<!-- \/ Yoast SEO plugin. -->","yoast_head_json":{"title":"Chocospin Login et inscription","description":"Consultez votre solde, suivez vos bonus et g\u00e9rez votre profil en toute simplicit\u00e9 gr\u00e2ce \u00e0 Choco Spin Login. L'inscription est rapide et vous permet de commencer \u00e0 jouer imm\u00e9diatement, sans aucun souci.","robots":{"index":"index","follow":"follow","max-snippet":"max-snippet:-1","max-image-preview":"max-image-preview:large","max-video-preview":"max-video-preview:-1"},"canonical":"https:\/\/chocospin.org\/fr\/connexion-et-inscription\/","og_locale":"fr_FR","og_type":"article","og_title":"Chocospin Login et inscription","og_description":"Consultez votre solde, suivez vos bonus et g\u00e9rez votre profil en toute simplicit\u00e9 gr\u00e2ce \u00e0 Choco Spin Login. L'inscription est rapide et vous permet de commencer \u00e0 jouer imm\u00e9diatement, sans aucun souci.","og_url":"https:\/\/chocospin.org\/fr\/connexion-et-inscription\/","og_site_name":"chocospin","article_modified_time":"2026-02-19T11:48:20+00:00","twitter_card":"summary_large_image","twitter_misc":{"Dur\u00e9e de lecture estim\u00e9e":"1 minute"},"schema":{"@context":"https:\/\/schema.org","@graph":[{"@type":"WebPage","@id":"https:\/\/chocospin.org\/fr\/connexion-et-inscription\/","url":"https:\/\/chocospin.org\/fr\/connexion-et-inscription\/","name":"Chocospin Login et inscription","isPartOf":{"@id":"https:\/\/chocospin.org\/fr\/#website"},"datePublished":"2026-02-19T10:11:00+00:00","dateModified":"2026-02-19T11:48:20+00:00","description":"Consultez votre solde, suivez vos bonus et g\u00e9rez votre profil en toute simplicit\u00e9 gr\u00e2ce \u00e0 Choco Spin Login. L'inscription est rapide et vous permet de commencer \u00e0 jouer imm\u00e9diatement, sans aucun souci.","breadcrumb":{"@id":"https:\/\/chocospin.org\/fr\/connexion-et-inscription\/#breadcrumb"},"inLanguage":"fr-FR","potentialAction":[{"@type":"ReadAction","target":["https:\/\/chocospin.org\/fr\/connexion-et-inscription\/"]}]},{"@type":"BreadcrumbList","@id":"https:\/\/chocospin.org\/fr\/connexion-et-inscription\/#breadcrumb","itemListElement":[{"@type":"ListItem","position":1,"name":"Chocospin","item":"https:\/\/chocospin.org\/fr\/"},{"@type":"ListItem","position":2,"name":"Connexion et inscription"}]},{"@type":"WebSite","@id":"https:\/\/chocospin.org\/fr\/#website","url":"https:\/\/chocospin.org\/fr\/","name":"Chocospin","description":"","publisher":{"@id":"https:\/\/chocospin.org\/fr\/#organization"},"potentialAction":[{"@type":"SearchAction","target":{"@type":"EntryPoint","urlTemplate":"https:\/\/chocospin.org\/fr\/?s={search_term_string}"},"query-input":{"@type":"PropertyValueSpecification","valueRequired":true,"valueName":"search_term_string"}}],"inLanguage":"fr-FR"},{"@type":"Organization","@id":"https:\/\/chocospin.org\/fr\/#organization","name":"Chocospin","url":"https:\/\/chocospin.org\/fr\/","logo":{"@type":"ImageObject","inLanguage":"fr-FR","@id":"https:\/\/chocospin.org\/fr\/#\/schema\/logo\/image\/","url":"https:\/\/chocospin.org\/wp-content\/uploads\/2025\/07\/80u1FaquEZeR6OUTeJCc.png","contentUrl":"https:\/\/chocospin.org\/wp-content\/uploads\/2025\/07\/80u1FaquEZeR6OUTeJCc.png","width":123,"height":20,"caption":"Chocospin"},"image":{"@id":"https:\/\/chocospin.org\/fr\/#\/schema\/logo\/image\/"}}]}},"_links":{"self":[{"href":"https:\/\/chocospin.org\/fr\/wp-json\/wp\/v2\/pages\/1468","targetHints":{"allow":["GET"]}}],"collection":[{"href":"https:\/\/chocospin.org\/fr\/wp-json\/wp\/v2\/pages"}],"about":[{"href":"https:\/\/chocospin.org\/fr\/wp-json\/wp\/v2\/types\/page"}],"author":[{"embeddable":true,"href":"https:\/\/chocospin.org\/fr\/wp-json\/wp\/v2\/users\/1"}],"replies":[{"embeddable":true,"href":"https:\/\/chocospin.org\/fr\/wp-json\/wp\/v2\/comments?post=1468"}],"version-history":[{"count":1,"href":"https:\/\/chocospin.org\/fr\/wp-json\/wp\/v2\/pages\/1468\/revisions"}],"predecessor-version":[{"id":1604,"href":"https:\/\/chocospin.org\/fr\/wp-json\/wp\/v2\/pages\/1468\/revisions\/1604"}],"wp:attachment":[{"href":"https:\/\/chocospin.org\/fr\/wp-json\/wp\/v2\/media?parent=1468"}],"curies":[{"name":"wp","href":"https:\/\/api.w.org\/{rel}","templated":true}]}}