{"id":1430,"date":"2026-02-19T10:20:53","date_gmt":"2026-02-19T10:20:53","guid":{"rendered":"https:\/\/chocospin.org\/bonus\/"},"modified":"2026-02-19T11:52:57","modified_gmt":"2026-02-19T11:52:57","slug":"bonus","status":"publish","type":"page","link":"https:\/\/chocospin.org\/fr\/bonus\/","title":{"rendered":"Bonus"},"content":{"rendered":"<h1>Promotions et bonus Chocospin<\/h1>\n<p>Le Chocospin bonus syst\u00e8me donne \u00e0 chaque joueur la possibilit\u00e9 de gagner des prix en argent et des tours gratuits. Des tournois et des loteries sont organis\u00e9s en permanence au casino, vous donnant la possibilit\u00e9 de gagner des prix que vous ne gagneriez pas normalement en jouant r\u00e9guli\u00e8rement. Restez dans les parages et grimpez les \u00e9chelons du programme de fid\u00e9lit\u00e9, o\u00f9 les avantages deviennent vraiment substantiels.<\/p>\n<p><div class=\"banner-wrap\" aria-label=\"Banner\"><img src=\"https:\/\/chocospin.org\/wp-content\/uploads\/2026\/02\/Chocospin-banner-desktop.webp\" class=\"w-100 d-none d-lg-block img-pc main-banner-img\" alt=\"Chocospin banner desktop\" fetchpriority=\"high\" decoding=\"async\"><img src=\"https:\/\/chocospin.org\/wp-content\/uploads\/2026\/02\/Chocospin-Banner-mobile.webp\" class=\"w-100 d-none d-md-block d-lg-none main-banner-img\" alt=\"Chocospin Banner mobile\" fetchpriority=\"high\" decoding=\"async\"><img src=\"https:\/\/chocospin.org\/wp-content\/uploads\/2026\/02\/Chocospin-Banner-mobile.webp\" class=\"w-100 d-md-none\" alt=\"Chocospin Banner mobile\" fetchpriority=\"high\" decoding=\"async\"><div class=\"banner-description\">\n<div class=\"banner-title\">Bonus de bienvenue<\/div>\n<p class=\"banner-header-title\">1500\u20ac<\/p>\n<div class=\"banner-header-AdditionalText\">+ 250 Tours gratuits<\/div>\n<button data-item=\"homepage_banner_link\" class=\"goto m-button m-gradient-border m-button--primary m-button--large banner-button btn-orange\">\n            <div class=\"m-button-content\">\n                <span>Inscrivez-vous d\u00e8s maintenant<\/span>\n                <span><\/span>\n            <\/div>\n        <\/button>\n<\/div>\n<div class=\"WelcomePack\">\n<p><img loading=\"lazy\" decoding=\"async\" class=\"alignnone size-full wp-image-1392\" src=\"https:\/\/chocospin.org\/wp-content\/uploads\/2026\/02\/welcome-crown.png\" alt=\"welcome crown\" width=\"25\" height=\"26\" \/><\/p>\n<div class=\"WelcomePack-Info\">Cashback hebdomadaire jusqu&rsquo;\u00e0 25 %<\/div>\n<p><img loading=\"lazy\" decoding=\"async\" class=\"alignnone size-full wp-image-1392\" src=\"https:\/\/chocospin.org\/wp-content\/uploads\/2026\/02\/welcome-crown.png\" alt=\"welcome crown\" width=\"25\" height=\"26\" \/><\/p>\n<\/div>\n<\/div><div class=\"promotions-wrap\"><div class=\"promotion-card\" style=\"background-image: url(https:\/\/chocospin.org\/wp-content\/uploads\/2026\/02\/First-deposit.webp);\"><h2 class=\"promotion-card__title\">Bonus sur premier d\u00e9p\u00f4t<\/h2><label class=\"promotion-card__offer\">100 % jusqu&#039;\u00e0 500 \u20ac + 150 tours gratuits<\/label><label class=\"promotion-card__description\"><\/label><div class=\"promotion-card__actions\"><button data-item=\"payments_link\" data-group=\"website_links\" class=\"goto btn btn-orange rounded-pill fw-bold px-4 m-button m-gradient-border m-button--primary m-button--large promotion-button promotion-card__action-btn\" aria-label=\"S&#039;inscrire\"><div class=\"m-button-content\"><span class=\"promotion-button__content\">S&#039;inscrire<\/span><\/div><\/button><button data-item=\"http:\/\/bonus_link\" data-group=\"website_links\" class=\"goto m-button m-gradient-border m-button--secondary m-button--medium promotion-card__info-btn\" aria-label=\"More information\"><div class=\"m-button-content\"><svg viewBox=\"0 0 24 24\" fill=\"none\" xmlns=\"http:\/\/www.w3.org\/2000\/svg\" class=\"m-icon m-icon-loadable\" name=\"Attention\" loading=\"false\" aria-hidden=\"true\"><path d=\"M12 22C6.477 22 2 17.522 2 12S6.477 2 12 2s10 4.478 10 10-4.477 10-10 10m-.002-13.004a.999.999 0 1 0 0-1.997.999.999 0 0 0 0 1.997M12 17a1 1 0 0 0 .993-.884L13 16l-.002-5.001-.007-.117a1 1 0 0 0-1.986 0l-.007.117L11 16l.007.117A1 1 0 0 0 12 17\" fill=\"currentColor\"><\/path><\/svg><\/div><\/button><\/div><\/div><div class=\"promotion-card\" style=\"background-image: url(https:\/\/chocospin.org\/wp-content\/uploads\/2026\/02\/Second-deposit.webp);\"><h2 class=\"promotion-card__title\">Bonus sur le deuxi\u00e8me d\u00e9p\u00f4t<\/h2><label class=\"promotion-card__offer\">55 % jusqu&#039;\u00e0 500 \u20ac + 100 tours gratuits<\/label><label class=\"promotion-card__description\"><\/label><div class=\"promotion-card__actions\"><button data-item=\"payments_link\" data-group=\"website_links\" class=\"goto btn btn-orange rounded-pill fw-bold px-4 m-button m-gradient-border m-button--primary m-button--large promotion-button promotion-card__action-btn\" aria-label=\"S&#039;inscrire\"><div class=\"m-button-content\"><span class=\"promotion-button__content\">S&#039;inscrire<\/span><\/div><\/button><button data-item=\"http:\/\/bonus_link\" data-group=\"website_links\" class=\"goto m-button m-gradient-border m-button--secondary m-button--medium promotion-card__info-btn\" aria-label=\"More information\"><div class=\"m-button-content\"><svg viewBox=\"0 0 24 24\" fill=\"none\" xmlns=\"http:\/\/www.w3.org\/2000\/svg\" class=\"m-icon m-icon-loadable\" name=\"Attention\" loading=\"false\" aria-hidden=\"true\"><path d=\"M12 22C6.477 22 2 17.522 2 12S6.477 2 12 2s10 4.478 10 10-4.477 10-10 10m-.002-13.004a.999.999 0 1 0 0-1.997.999.999 0 0 0 0 1.997M12 17a1 1 0 0 0 .993-.884L13 16l-.002-5.001-.007-.117a1 1 0 0 0-1.986 0l-.007.117L11 16l.007.117A1 1 0 0 0 12 17\" fill=\"currentColor\"><\/path><\/svg><\/div><\/button><\/div><\/div><div class=\"promotion-card\" style=\"background-image: url(https:\/\/chocospin.org\/wp-content\/uploads\/2026\/02\/Third-deposit.webp);\"><h2 class=\"promotion-card__title\">Bonus sur le troisi\u00e8me d\u00e9p\u00f4t<\/h2><label class=\"promotion-card__offer\">100 % jusqu&#039;\u00e0 500 \u20ac<\/label><label class=\"promotion-card__description\"><\/label><div class=\"promotion-card__actions\"><button data-item=\"payments_link\" data-group=\"website_links\" class=\"goto btn btn-orange rounded-pill fw-bold px-4 m-button m-gradient-border m-button--primary m-button--large promotion-button promotion-card__action-btn\" aria-label=\"S&#039;inscrire\"><div class=\"m-button-content\"><span class=\"promotion-button__content\">S&#039;inscrire<\/span><\/div><\/button><button data-item=\"http:\/\/bonus_link\" data-group=\"website_links\" class=\"goto m-button m-gradient-border m-button--secondary m-button--medium promotion-card__info-btn\" aria-label=\"More information\"><div class=\"m-button-content\"><svg viewBox=\"0 0 24 24\" fill=\"none\" xmlns=\"http:\/\/www.w3.org\/2000\/svg\" class=\"m-icon m-icon-loadable\" name=\"Attention\" loading=\"false\" aria-hidden=\"true\"><path d=\"M12 22C6.477 22 2 17.522 2 12S6.477 2 12 2s10 4.478 10 10-4.477 10-10 10m-.002-13.004a.999.999 0 1 0 0-1.997.999.999 0 0 0 0 1.997M12 17a1 1 0 0 0 .993-.884L13 16l-.002-5.001-.007-.117a1 1 0 0 0-1.986 0l-.007.117L11 16l.007.117A1 1 0 0 0 12 17\" fill=\"currentColor\"><\/path><\/svg><\/div><\/button><\/div><\/div><div class=\"promotion-card\" style=\"background-image: url(https:\/\/chocospin.org\/wp-content\/uploads\/2026\/02\/Cashback.webp);\"><h2 class=\"promotion-card__title\">Cashback hebdomadaire<\/h2><label class=\"promotion-card__offer\">jusqu&#039;\u00e0 25 %<\/label><label class=\"promotion-card__description\"><\/label><div class=\"promotion-card__actions\"><button data-item=\"payments_link\" data-group=\"website_links\" class=\"goto btn btn-orange rounded-pill fw-bold px-4 m-button m-gradient-border m-button--primary m-button--large promotion-button promotion-card__action-btn\" aria-label=\"S&#039;inscrire\"><div class=\"m-button-content\"><span class=\"promotion-button__content\">S&#039;inscrire<\/span><\/div><\/button><button data-item=\"http:\/\/bonus_link\" data-group=\"website_links\" class=\"goto m-button m-gradient-border m-button--secondary m-button--medium promotion-card__info-btn\" aria-label=\"More information\"><div class=\"m-button-content\"><svg viewBox=\"0 0 24 24\" fill=\"none\" xmlns=\"http:\/\/www.w3.org\/2000\/svg\" class=\"m-icon m-icon-loadable\" name=\"Attention\" loading=\"false\" aria-hidden=\"true\"><path d=\"M12 22C6.477 22 2 17.522 2 12S6.477 2 12 2s10 4.478 10 10-4.477 10-10 10m-.002-13.004a.999.999 0 1 0 0-1.997.999.999 0 0 0 0 1.997M12 17a1 1 0 0 0 .993-.884L13 16l-.002-5.001-.007-.117a1 1 0 0 0-1.986 0l-.007.117L11 16l.007.117A1 1 0 0 0 12 17\" fill=\"currentColor\"><\/path><\/svg><\/div><\/button><\/div><\/div><div class=\"promotion-card\" style=\"background-image: url(https:\/\/chocospin.org\/wp-content\/uploads\/2026\/02\/Sunday-reload.webp);\"><h2 class=\"promotion-card__title\">Recharge du dimanche<\/h2><label class=\"promotion-card__offer\">25 % jusqu&#039;\u00e0 100 \u20ac<\/label><label class=\"promotion-card__description\"><\/label><div class=\"promotion-card__actions\"><button data-item=\"payments_link\" data-group=\"website_links\" class=\"goto btn btn-orange rounded-pill fw-bold px-4 m-button m-gradient-border m-button--primary m-button--large promotion-button promotion-card__action-btn\" aria-label=\"S&#039;inscrire\"><div class=\"m-button-content\"><span class=\"promotion-button__content\">S&#039;inscrire<\/span><\/div><\/button><button data-item=\"http:\/\/bonus_link\" data-group=\"website_links\" class=\"goto m-button m-gradient-border m-button--secondary m-button--medium promotion-card__info-btn\" aria-label=\"More information\"><div class=\"m-button-content\"><svg viewBox=\"0 0 24 24\" fill=\"none\" xmlns=\"http:\/\/www.w3.org\/2000\/svg\" class=\"m-icon m-icon-loadable\" name=\"Attention\" loading=\"false\" aria-hidden=\"true\"><path d=\"M12 22C6.477 22 2 17.522 2 12S6.477 2 12 2s10 4.478 10 10-4.477 10-10 10m-.002-13.004a.999.999 0 1 0 0-1.997.999.999 0 0 0 0 1.997M12 17a1 1 0 0 0 .993-.884L13 16l-.002-5.001-.007-.117a1 1 0 0 0-1.986 0l-.007.117L11 16l.007.117A1 1 0 0 0 12 17\" fill=\"currentColor\"><\/path><\/svg><\/div><\/button><\/div><\/div><\/div><div class=\"scrollable-content-wrap my-5\"><div class=\"scrollable-content-inner\"><h2>Options de bonus pour tous les joueurs<\/h2>\n<p>Choco Spin Casino propose des promotions \u00e0 tous les joueurs. L&rsquo;offre de bienvenue peut atteindre 1 500 \u20ac plus 250 tours gratuits, ce qui vous donne de nombreuses occasions d&rsquo;explorer la biblioth\u00e8que de jeux en utilisant l&rsquo;argent bonus. Au-del\u00e0 de ce package initial, les promotions en cours vous permettent de r\u00e9cup\u00e9rer une partie de votre investissement dans le jeu, ce qui att\u00e9nue les in\u00e9vitables p\u00e9riodes difficiles.<\/p>\n<ul>\n<li>Le cashback hebdomadaire vous permet de r\u00e9cup\u00e9rer un pourcentage des pertes subies lors des sessions o\u00f9 rien ne s&rsquo;est bien pass\u00e9, ce qui att\u00e9nue le choc financier.<\/li>\n<li>Le rechargement du dimanche compl\u00e8te les d\u00e9p\u00f4ts du week-end, vous ne jouez donc pas uniquement avec ce que vous avez mis\u00e9.<\/li>\n<\/ul>\n<p>Les tournois et les loteries de Chocospin multiplient vos chances de gagner au-del\u00e0 de ce qu&rsquo;offre le jeu standard. Les campagnes se d\u00e9roulent sur les machines \u00e0 sous en ligne et les tables avec croupier en direct, vous donnant la possibilit\u00e9 de gagner des cagnottes \u00e9normes simplement en jouant aux jeux auxquels vous joueriez de toute fa\u00e7on. Des roues de prix apparaissent lorsque vous effectuez un d\u00e9p\u00f4t : tournez-les pour obtenir des tours bonus, des tours gratuits et d&rsquo;autres avantages al\u00e9atoires.<\/p>\n<p>Le programme de fid\u00e9lit\u00e9 r\u00e9compense la fid\u00e9lit\u00e9. Le syst\u00e8me comporte quatre niveaux, les niveaux sup\u00e9rieurs offrant des avantages VIP aux habitu\u00e9s du casino Chocospin qui changeront v\u00e9ritablement votre exp\u00e9rience. Le Rakeback hebdomadaire est un exemple de ce que vous d\u00e9bloquez lorsque vous atteignez le sommet. Pour y parvenir, il faut effectuer des d\u00e9p\u00f4ts importants et miser des sommes consid\u00e9rables.<\/p>\n<h2>Offre de bienvenue Choco Spin<\/h2>\n<p>Les nouveaux inscrits re\u00e7oivent un bonus Chocospin sp\u00e9cial. Au total, 1 500 \u20ac et 250 tours gratuits sont r\u00e9partis sur vos trois premiers d\u00e9p\u00f4ts.<\/p>\n<p>Le premier d\u00e9p\u00f4t donne droit \u00e0 un bonus de 100 % jusqu&rsquo;\u00e0 500 \u20ac, plus 150 tours gratuits. D\u00e9posez la totalit\u00e9 des 500 \u20ac et vous disposerez imm\u00e9diatement de 1 000 \u20ac pour jouer. Le deuxi\u00e8me d\u00e9p\u00f4t donne droit \u00e0 un bonus de 55 % jusqu&rsquo;\u00e0 500 \u20ac plus 100 tours gratuits. Pour profiter au maximum de ce qui est disponible, vous devez d\u00e9poser environ 910 \u20ac. Le troisi\u00e8me d\u00e9p\u00f4t offre un bonus de 100 % jusqu&rsquo;\u00e0 500 \u20ac, mais r\u00e9duit le nombre de tours gratuits. Il double tout de m\u00eame votre argent si vous d\u00e9posez la totalit\u00e9 du montant.<\/p>\n<p>Plus votre d\u00e9p\u00f4t est important, plus vous recevrez de bonus en esp\u00e8ces et de tours gratuits Choco Spin. Les offres de bienvenue sont plafonn\u00e9es \u00e0 500 \u20ac par paiement, quel que soit le montant d\u00e9pos\u00e9. Cependant, les d\u00e9p\u00f4ts plus importants acc\u00e9l\u00e8rent l&rsquo;accumulation de points de fid\u00e9lit\u00e9, vous rapprochant des avantages VIP qui finiront par \u00e9clipser les bonus de bienvenue une fois que vous serez \u00e9ligible.<\/p>\n<h2>Comp\u00e9titions et tournois Chocospin<\/h2>\n<p>Les tournois constituent une grande partie des bonus offerts par Chocospin. Les campagnes r\u00e9guli\u00e8res et saisonni\u00e8res se chevauchent constamment, offrant aux joueurs comp\u00e9titifs des opportunit\u00e9s infinies.<\/p>\n<table>\n<tbody>\n<tr>\n<td>Nom du tournoi<\/td>\n<td>Prix<\/td>\n<td>\u00c0 quoi s&rsquo;attendre<\/td>\n<\/tr>\n<tr>\n<td>Spinoleague<\/td>\n<td>12 000 000 \u20ac<\/td>\n<td>Une gigantesque comp\u00e9tition organis\u00e9e par Chocospin Casino qui couvre toutes les machines \u00e0 sous des principaux fournisseurs. Elle se d\u00e9roule sous forme de manches connect\u00e9es qui durent plusieurs mois. Votre part du prize pool collectif d\u00e9pendra de vos performances par rapport \u00e0 vos concurrents et de votre position dans le classement.<\/td>\n<\/tr>\n<tr>\n<td>Tournoi en direct<\/td>\n<td>10 000 \u20ac<\/td>\n<td>Une comp\u00e9tition plus petite r\u00e9serv\u00e9e exclusivement aux jeux de casino en direct Chocospin. La cagnotte est r\u00e9initialis\u00e9e tous les trois jours, ce qui multiplie vos chances de gagner.<\/td>\n<\/tr>\n<\/tbody>\n<\/table>\n<h2>Conditions g\u00e9n\u00e9rales des bonus<\/h2>\n<p>Chaque bonus Chocospin est assorti de conditions que vous devez remplir avant de pouvoir retirer vos gains. D\u00e9tails communs \u00e0 la plupart des offres :<\/p>\n<ul>\n<li>Conditions de mise, qui pr\u00e9cisent le montant que vous devez miser avant de pouvoir retirer vos gains<\/li>\n<li>Les d\u00e9lais d&rsquo;expiration, qui indiquent le temps dont vous disposez avant que le bonus Choco Spin n&rsquo;expire si vous ne l&rsquo;utilisez pas<\/li>\n<li>Les restrictions de jeu, qui vous indiquent quels titres comptent r\u00e9ellement pour d\u00e9bloquer le bonus<\/li>\n<li>Montants minimums de d\u00e9p\u00f4t, qui sont n\u00e9cessaires pour d\u00e9clencher le bonus<\/li>\n<li>Limites de fr\u00e9quence de r\u00e9clamation, qui contr\u00f4lent la fr\u00e9quence \u00e0 laquelle vous pouvez r\u00e9clamer la m\u00eame offre<\/li>\n<li>Les directives de fair-play, qui emp\u00eachent les joueurs de tricher<\/li>\n<\/ul>\n<p>Le bonus de bienvenue du casino Chocospin reste actif pendant sept jours apr\u00e8s son activation. Vous pouvez le r\u00e9clamer une fois apr\u00e8s votre inscription, puis miser 35 fois le montant du bonus. Cela signifie qu&rsquo;un bonus de 500 \u20ac n\u00e9cessite un total de 17 500 \u20ac de paris avant que vous puissiez effectuer un retrait. Les machines \u00e0 sous en ligne comptent int\u00e9gralement dans ce total, ce qui en fait l&rsquo;option la plus rapide par rapport aux jeux de table, o\u00f9 chaque pari ne contribue que pour une petite partie.<\/p>\n<h2>FAQ<\/h2>\n<h3>Combien de fois devez-vous miser le bonus avant de pouvoir l&rsquo;encaisser ?<\/h3>\n<p>Cela d\u00e9pend du bonus que vous avez obtenu. Chaque bonus Chocospin est assorti d&rsquo;une condition de mise, qui vous indique le montant que vous devez jouer avant de pouvoir retirer des fonds. Cette information figure toujours dans les conditions du bonus, vous connaissez donc le multiplicateur exact \u00e0 l&rsquo;avance, avant de d\u00e9cider de l&rsquo;activer ou non. Une fois que vous avez rempli les conditions de mise, tous les gains restants peuvent \u00eatre retir\u00e9s.<\/p>\n<h3>Les r\u00e8gles des tournois et des promotions sont-elles diff\u00e9rentes ?<\/h3>\n<p>Elles fonctionnent diff\u00e9remment. Les tournois Chocospin fonctionnent selon leurs propres r\u00e8gles, notamment en ce qui concerne le calcul des points, la r\u00e9partition des prix et les jeux pris en compte. Les promotions telles que les bonus de d\u00e9p\u00f4t ou les tours gratuits se concentrent davantage sur les conditions de mise et les limites de temps. Chocospin Casino s\u00e9pare clairement ces r\u00e8gles, afin que vous sachiez toujours quelles conditions s&rsquo;appliquent \u00e0 votre activit\u00e9.<\/p>\n<h3>Puis-je retirer instantan\u00e9ment mes gains bonus ?<\/h3>\n<p>Les gains bonus ne sont pas d\u00e9bloqu\u00e9s imm\u00e9diatement. Vous devez d&rsquo;abord remplir les conditions de mise, puis effectuer la proc\u00e9dure de v\u00e9rification si vous ne l&rsquo;avez pas d\u00e9j\u00e0 fait. Une fois ces deux \u00e9tapes franchies, vous pouvez demander un retrait en utilisant le mode de paiement de votre choix, \u00e0 condition de respecter les limites de retrait standard fix\u00e9es par Choco Spin Casino.<\/p>\n<\/div><\/div><\/p>\n","protected":false},"excerpt":{"rendered":"<p>Promotions et bonus Chocospin Le Chocospin bonus syst\u00e8me donne \u00e0 chaque joueur la possibilit\u00e9 de gagner des prix en argent et des tours gratuits. Des tournois et des loteries sont organis\u00e9s en permanence au casino, vous donnant la possibilit\u00e9 de gagner des prix que vous ne gagneriez pas normalement en jouant r\u00e9guli\u00e8rement. Restez dans les [&hellip;]<\/p>\n","protected":false},"author":1,"featured_media":0,"parent":0,"menu_order":0,"comment_status":"closed","ping_status":"closed","template":"template-builder.php","meta":{"_acf_changed":false,"inline_featured_image":false,"footnotes":""},"class_list":["post-1430","page","type-page","status-publish","hentry"],"acf":[],"yoast_head":"<!-- This site is optimized with the Yoast SEO plugin v27.3 - https:\/\/yoast.com\/product\/yoast-seo-wordpress\/ -->\n<title>Bonuses et promotions - Chocospin Casino<\/title>\n<meta name=\"description\" content=\"Choco Spin bonuses propose des bonus tels que des offres de bienvenue, des bonus sur d\u00e9p\u00f4t et des tours gratuits. Tournois et programmes de fid\u00e9lit\u00e9 garantissent un divertissement permanent. Des r\u00e8gles simples et claires rendent chaque promotion accessible \u00e0 tous.\" \/>\n<meta name=\"robots\" content=\"index, follow, max-snippet:-1, max-image-preview:large, max-video-preview:-1\" \/>\n<link rel=\"canonical\" href=\"https:\/\/chocospin.org\/fr\/bonus\/\" \/>\n<meta property=\"og:locale\" content=\"fr_FR\" \/>\n<meta property=\"og:type\" content=\"article\" \/>\n<meta property=\"og:title\" content=\"Bonuses et promotions - Chocospin Casino\" \/>\n<meta property=\"og:description\" content=\"Choco Spin bonuses propose des bonus tels que des offres de bienvenue, des bonus sur d\u00e9p\u00f4t et des tours gratuits. Tournois et programmes de fid\u00e9lit\u00e9 garantissent un divertissement permanent. Des r\u00e8gles simples et claires rendent chaque promotion accessible \u00e0 tous.\" \/>\n<meta property=\"og:url\" content=\"https:\/\/chocospin.org\/fr\/bonus\/\" \/>\n<meta property=\"og:site_name\" content=\"chocospin\" \/>\n<meta property=\"article:modified_time\" content=\"2026-02-19T11:52:57+00:00\" \/>\n<meta name=\"twitter:card\" content=\"summary_large_image\" \/>\n<meta name=\"twitter:label1\" content=\"Dur\u00e9e de lecture estim\u00e9e\" \/>\n\t<meta name=\"twitter:data1\" content=\"1 minute\" \/>\n<script type=\"application\/ld+json\" class=\"yoast-schema-graph\">{\"@context\":\"https:\\\/\\\/schema.org\",\"@graph\":[{\"@type\":\"WebPage\",\"@id\":\"https:\\\/\\\/chocospin.org\\\/fr\\\/bonus\\\/\",\"url\":\"https:\\\/\\\/chocospin.org\\\/fr\\\/bonus\\\/\",\"name\":\"Bonuses et promotions - Chocospin Casino\",\"isPartOf\":{\"@id\":\"https:\\\/\\\/chocospin.org\\\/fr\\\/#website\"},\"datePublished\":\"2026-02-19T10:20:53+00:00\",\"dateModified\":\"2026-02-19T11:52:57+00:00\",\"description\":\"Choco Spin bonuses propose des bonus tels que des offres de bienvenue, des bonus sur d\u00e9p\u00f4t et des tours gratuits. Tournois et programmes de fid\u00e9lit\u00e9 garantissent un divertissement permanent. Des r\u00e8gles simples et claires rendent chaque promotion accessible \u00e0 tous.\",\"breadcrumb\":{\"@id\":\"https:\\\/\\\/chocospin.org\\\/fr\\\/bonus\\\/#breadcrumb\"},\"inLanguage\":\"fr-FR\",\"potentialAction\":[{\"@type\":\"ReadAction\",\"target\":[\"https:\\\/\\\/chocospin.org\\\/fr\\\/bonus\\\/\"]}]},{\"@type\":\"BreadcrumbList\",\"@id\":\"https:\\\/\\\/chocospin.org\\\/fr\\\/bonus\\\/#breadcrumb\",\"itemListElement\":[{\"@type\":\"ListItem\",\"position\":1,\"name\":\"Chocospin\",\"item\":\"https:\\\/\\\/chocospin.org\\\/fr\\\/\"},{\"@type\":\"ListItem\",\"position\":2,\"name\":\"Bonus\"}]},{\"@type\":\"WebSite\",\"@id\":\"https:\\\/\\\/chocospin.org\\\/fr\\\/#website\",\"url\":\"https:\\\/\\\/chocospin.org\\\/fr\\\/\",\"name\":\"Chocospin\",\"description\":\"\",\"publisher\":{\"@id\":\"https:\\\/\\\/chocospin.org\\\/fr\\\/#organization\"},\"potentialAction\":[{\"@type\":\"SearchAction\",\"target\":{\"@type\":\"EntryPoint\",\"urlTemplate\":\"https:\\\/\\\/chocospin.org\\\/fr\\\/?s={search_term_string}\"},\"query-input\":{\"@type\":\"PropertyValueSpecification\",\"valueRequired\":true,\"valueName\":\"search_term_string\"}}],\"inLanguage\":\"fr-FR\"},{\"@type\":\"Organization\",\"@id\":\"https:\\\/\\\/chocospin.org\\\/fr\\\/#organization\",\"name\":\"Chocospin\",\"url\":\"https:\\\/\\\/chocospin.org\\\/fr\\\/\",\"logo\":{\"@type\":\"ImageObject\",\"inLanguage\":\"fr-FR\",\"@id\":\"https:\\\/\\\/chocospin.org\\\/fr\\\/#\\\/schema\\\/logo\\\/image\\\/\",\"url\":\"https:\\\/\\\/chocospin.org\\\/wp-content\\\/uploads\\\/2025\\\/07\\\/80u1FaquEZeR6OUTeJCc.png\",\"contentUrl\":\"https:\\\/\\\/chocospin.org\\\/wp-content\\\/uploads\\\/2025\\\/07\\\/80u1FaquEZeR6OUTeJCc.png\",\"width\":123,\"height\":20,\"caption\":\"Chocospin\"},\"image\":{\"@id\":\"https:\\\/\\\/chocospin.org\\\/fr\\\/#\\\/schema\\\/logo\\\/image\\\/\"}}]}<\/script>\n<!-- \/ Yoast SEO plugin. -->","yoast_head_json":{"title":"Bonuses et promotions - Chocospin Casino","description":"Choco Spin bonuses propose des bonus tels que des offres de bienvenue, des bonus sur d\u00e9p\u00f4t et des tours gratuits. Tournois et programmes de fid\u00e9lit\u00e9 garantissent un divertissement permanent. Des r\u00e8gles simples et claires rendent chaque promotion accessible \u00e0 tous.","robots":{"index":"index","follow":"follow","max-snippet":"max-snippet:-1","max-image-preview":"max-image-preview:large","max-video-preview":"max-video-preview:-1"},"canonical":"https:\/\/chocospin.org\/fr\/bonus\/","og_locale":"fr_FR","og_type":"article","og_title":"Bonuses et promotions - Chocospin Casino","og_description":"Choco Spin bonuses propose des bonus tels que des offres de bienvenue, des bonus sur d\u00e9p\u00f4t et des tours gratuits. Tournois et programmes de fid\u00e9lit\u00e9 garantissent un divertissement permanent. Des r\u00e8gles simples et claires rendent chaque promotion accessible \u00e0 tous.","og_url":"https:\/\/chocospin.org\/fr\/bonus\/","og_site_name":"chocospin","article_modified_time":"2026-02-19T11:52:57+00:00","twitter_card":"summary_large_image","twitter_misc":{"Dur\u00e9e de lecture estim\u00e9e":"1 minute"},"schema":{"@context":"https:\/\/schema.org","@graph":[{"@type":"WebPage","@id":"https:\/\/chocospin.org\/fr\/bonus\/","url":"https:\/\/chocospin.org\/fr\/bonus\/","name":"Bonuses et promotions - Chocospin Casino","isPartOf":{"@id":"https:\/\/chocospin.org\/fr\/#website"},"datePublished":"2026-02-19T10:20:53+00:00","dateModified":"2026-02-19T11:52:57+00:00","description":"Choco Spin bonuses propose des bonus tels que des offres de bienvenue, des bonus sur d\u00e9p\u00f4t et des tours gratuits. Tournois et programmes de fid\u00e9lit\u00e9 garantissent un divertissement permanent. Des r\u00e8gles simples et claires rendent chaque promotion accessible \u00e0 tous.","breadcrumb":{"@id":"https:\/\/chocospin.org\/fr\/bonus\/#breadcrumb"},"inLanguage":"fr-FR","potentialAction":[{"@type":"ReadAction","target":["https:\/\/chocospin.org\/fr\/bonus\/"]}]},{"@type":"BreadcrumbList","@id":"https:\/\/chocospin.org\/fr\/bonus\/#breadcrumb","itemListElement":[{"@type":"ListItem","position":1,"name":"Chocospin","item":"https:\/\/chocospin.org\/fr\/"},{"@type":"ListItem","position":2,"name":"Bonus"}]},{"@type":"WebSite","@id":"https:\/\/chocospin.org\/fr\/#website","url":"https:\/\/chocospin.org\/fr\/","name":"Chocospin","description":"","publisher":{"@id":"https:\/\/chocospin.org\/fr\/#organization"},"potentialAction":[{"@type":"SearchAction","target":{"@type":"EntryPoint","urlTemplate":"https:\/\/chocospin.org\/fr\/?s={search_term_string}"},"query-input":{"@type":"PropertyValueSpecification","valueRequired":true,"valueName":"search_term_string"}}],"inLanguage":"fr-FR"},{"@type":"Organization","@id":"https:\/\/chocospin.org\/fr\/#organization","name":"Chocospin","url":"https:\/\/chocospin.org\/fr\/","logo":{"@type":"ImageObject","inLanguage":"fr-FR","@id":"https:\/\/chocospin.org\/fr\/#\/schema\/logo\/image\/","url":"https:\/\/chocospin.org\/wp-content\/uploads\/2025\/07\/80u1FaquEZeR6OUTeJCc.png","contentUrl":"https:\/\/chocospin.org\/wp-content\/uploads\/2025\/07\/80u1FaquEZeR6OUTeJCc.png","width":123,"height":20,"caption":"Chocospin"},"image":{"@id":"https:\/\/chocospin.org\/fr\/#\/schema\/logo\/image\/"}}]}},"_links":{"self":[{"href":"https:\/\/chocospin.org\/fr\/wp-json\/wp\/v2\/pages\/1430","targetHints":{"allow":["GET"]}}],"collection":[{"href":"https:\/\/chocospin.org\/fr\/wp-json\/wp\/v2\/pages"}],"about":[{"href":"https:\/\/chocospin.org\/fr\/wp-json\/wp\/v2\/types\/page"}],"author":[{"embeddable":true,"href":"https:\/\/chocospin.org\/fr\/wp-json\/wp\/v2\/users\/1"}],"replies":[{"embeddable":true,"href":"https:\/\/chocospin.org\/fr\/wp-json\/wp\/v2\/comments?post=1430"}],"version-history":[{"count":2,"href":"https:\/\/chocospin.org\/fr\/wp-json\/wp\/v2\/pages\/1430\/revisions"}],"predecessor-version":[{"id":1610,"href":"https:\/\/chocospin.org\/fr\/wp-json\/wp\/v2\/pages\/1430\/revisions\/1610"}],"wp:attachment":[{"href":"https:\/\/chocospin.org\/fr\/wp-json\/wp\/v2\/media?parent=1430"}],"curies":[{"name":"wp","href":"https:\/\/api.w.org\/{rel}","templated":true}]}}