{"id":1416,"date":"2026-02-19T10:07:18","date_gmt":"2026-02-19T10:07:18","guid":{"rendered":"https:\/\/chocospin.org\/app\/"},"modified":"2026-02-19T14:31:39","modified_gmt":"2026-02-19T14:31:39","slug":"app","status":"publish","type":"page","link":"https:\/\/chocospin.org\/fr\/app\/","title":{"rendered":"App"},"content":{"rendered":"<h1>Application Chocospin sur les plateformes mobiles et web<\/h1>\n<p>Gr\u00e2ce \u00e0 Chocospin App, tout, des machines \u00e0 sous en ligne \u00e0 la mode aux tables avec croupiers en direct, devient accessible pendant que vous faites autre chose. Jackpots progressifs, jeux de table, catalogue complet : tout fonctionne pendant que vous vous d\u00e9placez ou que vous vous d\u00e9tendez quelque part. Elle fonctionne sur n&rsquo;importe quel appareil : iOS, Android, et m\u00eame votre ordinateur Windows ou Mac si vous le souhaitez.<\/p>\n<div class=\"banner-wrap\" aria-label=\"Banner\"><img src=\"https:\/\/chocospin.org\/wp-content\/uploads\/2026\/02\/Chocospin-banner-desktop.webp\" class=\"w-100 d-none d-lg-block img-pc main-banner-img\" alt=\"Chocospin banner desktop\" fetchpriority=\"high\" decoding=\"async\"><img src=\"https:\/\/chocospin.org\/wp-content\/uploads\/2026\/02\/Chocospin-Banner-mobile.webp\" class=\"w-100 d-none d-md-block d-lg-none main-banner-img\" alt=\"Chocospin Banner mobile\" fetchpriority=\"high\" decoding=\"async\"><img src=\"https:\/\/chocospin.org\/wp-content\/uploads\/2026\/02\/Chocospin-Banner-mobile.webp\" class=\"w-100 d-md-none\" alt=\"Chocospin Banner mobile\" fetchpriority=\"high\" decoding=\"async\"><div class=\"banner-description\">\n<div class=\"banner-title\">Bonus de bienvenue<\/div>\n<p class=\"banner-header-title\">1500\u20ac<\/p>\n<div class=\"banner-header-AdditionalText\">+ 250 Tours gratuits<\/div>\n<button data-item=\"homepage_banner_link\" class=\"goto m-button m-gradient-border m-button--primary m-button--large banner-button btn-orange\">\n            <div class=\"m-button-content\">\n                <span>Inscrivez-vous d\u00e8s maintenant<\/span>\n                <span><\/span>\n            <\/div>\n        <\/button>\n<\/div>\n<div class=\"WelcomePack\">\n<p><img loading=\"lazy\" decoding=\"async\" class=\"alignnone size-full wp-image-1392\" src=\"https:\/\/chocospin.org\/wp-content\/uploads\/2026\/02\/welcome-crown.png\" alt=\"welcome crown\" width=\"25\" height=\"26\" \/><\/p>\n<div class=\"WelcomePack-Info\">Cashback hebdomadaire jusqu&rsquo;\u00e0 25 %<\/div>\n<p><img loading=\"lazy\" decoding=\"async\" class=\"alignnone size-full wp-image-1392\" src=\"https:\/\/chocospin.org\/wp-content\/uploads\/2026\/02\/welcome-crown.png\" alt=\"welcome crown\" width=\"25\" height=\"26\" \/><\/p>\n<\/div>\n<\/div>\n<h2>Caract\u00e9ristiques et avantages de l&rsquo;application mobile Chocospin<\/h2>\n<p>Chocospin Casino a con\u00e7u l&rsquo;application comme une application web progressive. Cela peut sembler technique, mais il s&rsquo;agit en fait d&rsquo;un raccourci intelligent vers le site web. Une fois l&rsquo;application install\u00e9e sur votre appareil Android ou iOS, vous n&rsquo;avez plus besoin d&rsquo;utiliser de navigateur : il vous suffit d&rsquo;appuyer sur l&rsquo;ic\u00f4ne pour commencer \u00e0 jouer imm\u00e9diatement.<\/p>\n<p>Le casino mobile Choco Spin refl\u00e8te tout ce qui se trouve sur le site web. Les fonctionnalit\u00e9s ne disparaissent pas, les interfaces restent famili\u00e8res et rien n&rsquo;est r\u00e9duit \u00e0 une version basique. Il est simplement optimis\u00e9 pour les personnes qui pr\u00e9f\u00e8rent utiliser leur t\u00e9l\u00e9phone ou leur tablette plut\u00f4t que de s&rsquo;asseoir devant un ordinateur. Votre exp\u00e9rience de jeu ne souffre pas du fait que vous utilisez un \u00e9cran plus petit.<\/p>\n<p>Les avantages de l&rsquo;application Chocospin sont les suivants :<\/p>\n<ul>\n<li>Vous n&rsquo;\u00eates plus limit\u00e9 par votre emplacement. Vous n&rsquo;avez plus besoin de rester chez vous pour jouer. Vous pouvez emporter avec vous l&rsquo;action d&rsquo;un casino de qualit\u00e9.<\/li>\n<li>L&rsquo;acc\u00e8s est beaucoup plus rapide. Un simple clic depuis votre \u00e9cran d&rsquo;accueil remplace toute la routine du navigateur.<\/li>\n<li>Tout se charge plus rapidement. La PWA met intelligemment en cache les \u00e9l\u00e9ments importants, de sorte que les interfaces du casino Chocospin s&rsquo;affichent presque instantan\u00e9ment.<\/li>\n<li>Les notifications sont utiles. Si vous l&rsquo;autorisez, l&rsquo;application Choco Spin vous informe des nouvelles promotions et des nouveaux bonus disponibles.<\/li>\n<li>Certaines actions fonctionnent hors ligne. La consultation des informations de votre compte ne n\u00e9cessite pas toujours une connexion Internet, car le contenu pr\u00e9c\u00e9demment charg\u00e9 reste disponible et visible via la PWA.<\/li>\n<\/ul>\n<p>Vous pouvez \u00e9galement installer l&rsquo;application Chocospin sur votre ordinateur de bureau et tout se synchronise automatiquement entre les appareils. Commencez \u00e0 jouer sur votre ordinateur portable, continuez plus tard sur votre t\u00e9l\u00e9phone, passez \u00e0 une tablette, et votre progression vous suit sans transfert manuel ni confusion quant \u00e0 l&rsquo;endroit o\u00f9 vous vous \u00eates arr\u00eat\u00e9.<\/p>\n<p><div class=\"scrollable-content-wrap my-5\"><div class=\"scrollable-content-inner\"><h2>Application Choco Spin pour iOS<\/h2>\n<p>Les t\u00e9l\u00e9chargements sur iPhone et iPad suivent essentiellement le m\u00eame cheminement simple. Une fois cela fait, votre compte devient accessible de n&rsquo;importe o\u00f9. Effectuez des d\u00e9p\u00f4ts, jouez aux machines \u00e0 sous en ligne, rejoignez des tables de croupiers en direct diffus\u00e9es depuis de v\u00e9ritables studios, tout en vaquant \u00e0 vos occupations quotidiennes. L&rsquo;exp\u00e9rience de jeu se traduit de mani\u00e8re fluide sur iOS, sans que vous vous sentiez \u00e0 l&rsquo;\u00e9troit ou que vous ayez l&rsquo;impression de manquer des fonctionnalit\u00e9s.<\/p>\n<h3>T\u00e9l\u00e9chargez l&rsquo;application sur iOS<\/h3>\n<ol>\n<li>Ouvrez le site web dans le navigateur de votre mobile. Safari est le plus adapt\u00e9 aux appareils iOS.<\/li>\n<li>Acc\u00e9dez aux param\u00e8tres de votre navigateur et recherchez l&rsquo;option \u00ab Ajouter \u00e0 l&rsquo;\u00e9cran d&rsquo;accueil \u00bb qui s&rsquo;y cache.<\/li>\n<li>Appuyez sur le bouton d&rsquo;installation et attendez quelques secondes que l&rsquo;ic\u00f4ne du casino apparaisse.<\/li>\n<li>Commencez \u00e0 utiliser l&rsquo;application Chocospin o\u00f9 que vous soyez.<\/li>\n<\/ol>\n<p><img loading=\"lazy\" decoding=\"async\" class=\"alignnone size-full wp-image-1602\" src=\"https:\/\/chocospin.org\/wp-content\/uploads\/2026\/02\/Chocospin-iOS-App.webp\" alt=\"\" width=\"1248\" height=\"536\" srcset=\"https:\/\/chocospin.org\/wp-content\/uploads\/2026\/02\/Chocospin-iOS-App.webp 1248w, https:\/\/chocospin.org\/wp-content\/uploads\/2026\/02\/Chocospin-iOS-App-300x129.webp 300w, https:\/\/chocospin.org\/wp-content\/uploads\/2026\/02\/Chocospin-iOS-App-1024x440.webp 1024w, https:\/\/chocospin.org\/wp-content\/uploads\/2026\/02\/Chocospin-iOS-App-768x330.webp 768w\" sizes=\"auto, (max-width: 1248px) 100vw, 1248px\" \/><\/p>\n<\/div><\/div><div style=\"clear: both\"><\/div><div class=\"d-flex justify-content-center\"><button data-item=\"decouvrez_link\" data-group=\"website_links\" class=\"goto fw-bold rounded-pill btn btn-orange\" aria-label=\"T\u00e9l\u00e9chargez l&#039;application Chocospin\" >T\u00e9l\u00e9chargez l&#039;application Chocospin<\/button><\/div><div class=\"scrollable-content-wrap my-5\"><div class=\"scrollable-content-inner\"><h2>Application mobile pour appareils Android<\/h2>\n<p>Les fichiers Android Package Kit \u00e9taient autrefois le moyen standard de distribuer les applications sur Android, mais les applications web progressives fonctionnent mieux pour les jeux de casino.<\/p>\n<table>\n<tbody>\n<tr>\n<td>Ce qui compte<\/td>\n<td>Ancienne m\u00e9thode APK<\/td>\n<td>Application web progressive<\/td>\n<\/tr>\n<tr>\n<td>Impact sur le stockage<\/td>\n<td>Gourmande en espace sur votre appareil, elle consomme beaucoup de RAM et r\u00e9duit consid\u00e9rablement l&rsquo;autonomie de votre batterie.<\/td>\n<td>Faible empreinte qui ne monopolise pas les ressources et ne consomme pas d&rsquo;\u00e9nergie<\/td>\n<\/tr>\n<tr>\n<td>Rester \u00e0 jour<\/td>\n<td>Vous devez t\u00e9l\u00e9charger manuellement les mises \u00e0 jour et r\u00e9installer l&rsquo;application lorsque les d\u00e9veloppeurs publient des modifications<\/td>\n<td>Les mises \u00e0 jour s&rsquo;effectuent automatiquement pendant que vous dormez ou faites autre chose<\/td>\n<\/tr>\n<tr>\n<td>D&rsquo;o\u00f9 cela vient-il ?<\/td>\n<td>Vous t\u00e9l\u00e9chargez \u00e0 partir de ressources douteuses, en esp\u00e9rant qu&rsquo;elles ne soient pas compromettantes<\/td>\n<td>Installez directement depuis le site, sans fichiers myst\u00e9rieux provenant de coins al\u00e9atoires d&rsquo;Internet<\/td>\n<\/tr>\n<tr>\n<td>Vitesse d&rsquo;ouverture<\/td>\n<td>Peut prendre quelques secondes selon le poids de l&rsquo;application<\/td>\n<td>S&rsquo;ouvre imm\u00e9diatement \u00e0 chaque fois, sans h\u00e9sitation<\/td>\n<\/tr>\n<\/tbody>\n<\/table>\n<h3>Comment installer Chocospin<\/h3>\n<p>L&rsquo;installation de l&rsquo;application PWA Chocospin Casino sur votre t\u00e9l\u00e9phone ou tablette Android ne prend que quelques minutes :<\/p>\n<p>Sur le site web Choco Spin, dans le navigateur mobile que vous utilisez, appuyez sur les trois points situ\u00e9s dans la barre d&rsquo;adresse de votre navigateur. Recherchez \u00ab Ajouter \u00e0 l&rsquo;\u00e9cran d&rsquo;accueil \u00bb dans ce menu et appuyez dessus. Confirmez l&rsquo;installation et vous avez termin\u00e9.<\/p>\n<p>L&rsquo;ic\u00f4ne de l&rsquo;application Chocospin appara\u00eet instantan\u00e9ment sur votre \u00e9cran. Appuyez dessus lorsque vous souhaitez jouer ou consulter les d\u00e9tails de votre compte, et vous y acc\u00e9dez sans passer par le navigateur.<\/p>\n<p><img loading=\"lazy\" decoding=\"async\" class=\"alignnone size-full wp-image-1417\" src=\"https:\/\/chocospin.org\/wp-content\/uploads\/2026\/02\/Chocospin-Android-App.webp\" alt=\"\" width=\"1248\" height=\"536\" srcset=\"https:\/\/chocospin.org\/wp-content\/uploads\/2026\/02\/Chocospin-Android-App.webp 1248w, https:\/\/chocospin.org\/wp-content\/uploads\/2026\/02\/Chocospin-Android-App-300x129.webp 300w, https:\/\/chocospin.org\/wp-content\/uploads\/2026\/02\/Chocospin-Android-App-1024x440.webp 1024w, https:\/\/chocospin.org\/wp-content\/uploads\/2026\/02\/Chocospin-Android-App-768x330.webp 768w\" sizes=\"auto, (max-width: 1248px) 100vw, 1248px\" \/><\/p>\n<\/div><\/div><div style=\"clear: both\"><\/div><div class=\"d-flex justify-content-center\"><button data-item=\"decouvrez_link\" data-group=\"website_links\" class=\"goto fw-bold rounded-pill btn btn-orange\" aria-label=\"T\u00e9l\u00e9charger Chocospin\" >T\u00e9l\u00e9charger Chocospin<\/button><\/div><div class=\"scrollable-content-wrap my-5\"><div class=\"scrollable-content-inner\"><h2>Jouez sur Windows ou Mac<\/h2>\n<p>L&rsquo;application Chocospin n&rsquo;est pas limit\u00e9e aux t\u00e9l\u00e9phones et tablettes. Elle fonctionne \u00e9galement parfaitement sur les ordinateurs \u00e9quip\u00e9s de Windows ou macOS, ce qui est id\u00e9al pour ceux qui pr\u00e9f\u00e8rent un \u00e9cran plus grand ou des sessions plus longues \u00e0 leur bureau. L&rsquo;installer sur un ordinateur de bureau permet de gagner du temps \u00e0 long terme.<\/p>\n<p>La configuration est simple et ne ressemble pas \u00e0 l&rsquo;installation d&rsquo;un logiciel traditionnel. Une fois ajout\u00e9e, l&rsquo;ic\u00f4ne Chocospin Casino s&rsquo;affiche sur votre bureau comme n&rsquo;importe quelle autre application. \u00c0 partir de l\u00e0, l&rsquo;acc\u00e8s est instantan\u00e9. Cette option est int\u00e9ressante si vous passez souvent d&rsquo;un appareil \u00e0 l&rsquo;autre, car tout reste synchronis\u00e9. Vous pouvez commencer une session sur votre ordinateur portable et la poursuivre plus tard sur votre t\u00e9l\u00e9phone sans perdre la trace de vos soldes, bonus ou activit\u00e9s r\u00e9centes.<\/p>\n<h3>Diff\u00e9rence entre les versions PC et mobile de l&rsquo;application<\/h3>\n<p>Les versions bureau et mobile de l&rsquo;application Chocospin diff\u00e8rent uniquement en termes de confort et d&rsquo;utilisation. Les deux vous offrent un acc\u00e8s identique : m\u00eames machines \u00e0 sous en ligne, jeux avec croupier en direct, outils de compte et processus de v\u00e9rification complet. Rien n&rsquo;est verrouill\u00e9 ou cach\u00e9 en fonction de l&rsquo;appareil que vous utilisez.<\/p>\n<p>La version pour ordinateur de bureau est id\u00e9ale pour les sessions o\u00f9 vous vous installez confortablement, ou lorsque vous souhaitez lire les r\u00e8gles du jeu sans plisser les yeux, ou jongler entre plusieurs t\u00e2ches, comme faire d\u00e9filer les jeux tout en discutant simultan\u00e9ment avec le service d&rsquo;assistance. La version mobile mise sur la rapidit\u00e9 et la flexibilit\u00e9, s&rsquo;adaptant parfaitement aux moments de temps libre impr\u00e9visibles.<\/p>\n<p><img loading=\"lazy\" decoding=\"async\" class=\"alignnone size-full wp-image-1601\" src=\"https:\/\/chocospin.org\/wp-content\/uploads\/2026\/02\/Chocospin-Desktop.webp\" alt=\"\" width=\"1248\" height=\"536\" srcset=\"https:\/\/chocospin.org\/wp-content\/uploads\/2026\/02\/Chocospin-Desktop.webp 1248w, https:\/\/chocospin.org\/wp-content\/uploads\/2026\/02\/Chocospin-Desktop-300x129.webp 300w, https:\/\/chocospin.org\/wp-content\/uploads\/2026\/02\/Chocospin-Desktop-1024x440.webp 1024w, https:\/\/chocospin.org\/wp-content\/uploads\/2026\/02\/Chocospin-Desktop-768x330.webp 768w\" sizes=\"auto, (max-width: 1248px) 100vw, 1248px\" \/><\/p>\n<\/div><\/div><div style=\"clear: both\"><\/div><div class=\"d-flex justify-content-center\"><button data-item=\"decouvrez_link\" data-group=\"website_links\" class=\"goto fw-bold rounded-pill btn btn-orange\" aria-label=\"T\u00e9l\u00e9chargez l&#039;application Chocospin\" >T\u00e9l\u00e9chargez l&#039;application Chocospin<\/button><\/div><div class=\"scrollable-content-wrap my-5\"><div class=\"scrollable-content-inner\"><h2>FAQ<\/h2>\n<h3>L&rsquo;application Choco Spin est-elle identique sur les appareils Android et iOS ?<\/h3>\n<p>L&rsquo;exp\u00e9rience est la m\u00eame sur les deux plateformes. La mise en page de Chocospin s&rsquo;adapte l\u00e9g\u00e8rement \u00e0 chaque syst\u00e8me, mais les jeux, les paiements, le chat en direct et l&rsquo;\u00e9quipe d&rsquo;assistance sont tous disponibles exactement de la m\u00eame mani\u00e8re.<\/p>\n<h3>Quels sont les avantages et les inconv\u00e9nients de jouer sur un appareil mobile par rapport \u00e0 un PC ?<\/h3>\n<p>Le jeu mobile Chocospin est plus rapide d&rsquo;acc\u00e8s et plus facile lorsque vous n&rsquo;\u00eates pas devant votre ordinateur. Le jeu sur PC offre plus d&rsquo;espace \u00e0 l&rsquo;\u00e9cran et plus de confort pour les sessions plus longues. Chocospin Casino ne change pas de fonctionnalit\u00e9s d&rsquo;un appareil \u00e0 l&rsquo;autre, il s&rsquo;agit donc principalement de choisir le format qui correspond le mieux \u00e0 votre routine.<\/p>\n<h3>Puis-je me connecter \u00e0 l&rsquo;application Choco Spin avec le m\u00eame compte ?<\/h3>\n<p>Oui, un seul compte fonctionne partout. Vous pouvez utiliser les m\u00eames identifiants de connexion sur mobile et sur ordinateur, et tout reste synchronis\u00e9 automatiquement. Le processus de v\u00e9rification s&rsquo;applique \u00e9galement de la m\u00eame mani\u00e8re, quel que soit l&rsquo;appareil \u00e0 partir duquel vous choisissez de t\u00e9l\u00e9charger des documents.<\/p>\n<\/div><\/div><\/p>\n","protected":false},"excerpt":{"rendered":"<p>Application Chocospin sur les plateformes mobiles et web Gr\u00e2ce \u00e0 Chocospin App, tout, des machines \u00e0 sous en ligne \u00e0 la mode aux tables avec croupiers en direct, devient accessible pendant que vous faites autre chose. Jackpots progressifs, jeux de table, catalogue complet : tout fonctionne pendant que vous vous d\u00e9placez ou que vous vous [&hellip;]<\/p>\n","protected":false},"author":1,"featured_media":0,"parent":0,"menu_order":0,"comment_status":"closed","ping_status":"closed","template":"template-builder.php","meta":{"_acf_changed":false,"inline_featured_image":false,"footnotes":""},"class_list":["post-1416","page","type-page","status-publish","hentry"],"acf":[],"yoast_head":"<!-- This site is optimized with the Yoast SEO plugin v27.3 - https:\/\/yoast.com\/product\/yoast-seo-wordpress\/ -->\n<title>Chocospin App | T\u00e9l\u00e9chargement iOS et Android<\/title>\n<meta name=\"description\" content=\"Choco Spin App vous propose des milliers de jeux directement sur votre smartphone ou tablette gr\u00e2ce \u00e0 une interface fluide et r\u00e9active. La synchronisation de votre compte vous garantit de ne jamais manquer un tour ou un bonus, et vos paiements restent s\u00e9curis\u00e9s en permanence.\" \/>\n<meta name=\"robots\" content=\"index, follow, max-snippet:-1, max-image-preview:large, max-video-preview:-1\" \/>\n<link rel=\"canonical\" href=\"https:\/\/chocospin.org\/fr\/app\/\" \/>\n<meta property=\"og:locale\" content=\"fr_FR\" \/>\n<meta property=\"og:type\" content=\"article\" \/>\n<meta property=\"og:title\" content=\"Chocospin App | T\u00e9l\u00e9chargement iOS et Android\" \/>\n<meta property=\"og:description\" content=\"Choco Spin App vous propose des milliers de jeux directement sur votre smartphone ou tablette gr\u00e2ce \u00e0 une interface fluide et r\u00e9active. La synchronisation de votre compte vous garantit de ne jamais manquer un tour ou un bonus, et vos paiements restent s\u00e9curis\u00e9s en permanence.\" \/>\n<meta property=\"og:url\" content=\"https:\/\/chocospin.org\/fr\/app\/\" \/>\n<meta property=\"og:site_name\" content=\"chocospin\" \/>\n<meta property=\"article:modified_time\" content=\"2026-02-19T14:31:39+00:00\" \/>\n<meta name=\"twitter:card\" content=\"summary_large_image\" \/>\n<meta name=\"twitter:label1\" content=\"Dur\u00e9e de lecture estim\u00e9e\" \/>\n\t<meta name=\"twitter:data1\" content=\"2 minutes\" \/>\n<script type=\"application\/ld+json\" class=\"yoast-schema-graph\">{\"@context\":\"https:\\\/\\\/schema.org\",\"@graph\":[{\"@type\":\"WebPage\",\"@id\":\"https:\\\/\\\/chocospin.org\\\/fr\\\/app\\\/\",\"url\":\"https:\\\/\\\/chocospin.org\\\/fr\\\/app\\\/\",\"name\":\"Chocospin App | T\u00e9l\u00e9chargement iOS et Android\",\"isPartOf\":{\"@id\":\"https:\\\/\\\/chocospin.org\\\/fr\\\/#website\"},\"datePublished\":\"2026-02-19T10:07:18+00:00\",\"dateModified\":\"2026-02-19T14:31:39+00:00\",\"description\":\"Choco Spin App vous propose des milliers de jeux directement sur votre smartphone ou tablette gr\u00e2ce \u00e0 une interface fluide et r\u00e9active. La synchronisation de votre compte vous garantit de ne jamais manquer un tour ou un bonus, et vos paiements restent s\u00e9curis\u00e9s en permanence.\",\"breadcrumb\":{\"@id\":\"https:\\\/\\\/chocospin.org\\\/fr\\\/app\\\/#breadcrumb\"},\"inLanguage\":\"fr-FR\",\"potentialAction\":[{\"@type\":\"ReadAction\",\"target\":[\"https:\\\/\\\/chocospin.org\\\/fr\\\/app\\\/\"]}]},{\"@type\":\"BreadcrumbList\",\"@id\":\"https:\\\/\\\/chocospin.org\\\/fr\\\/app\\\/#breadcrumb\",\"itemListElement\":[{\"@type\":\"ListItem\",\"position\":1,\"name\":\"Chocospin\",\"item\":\"https:\\\/\\\/chocospin.org\\\/fr\\\/\"},{\"@type\":\"ListItem\",\"position\":2,\"name\":\"App\"}]},{\"@type\":\"WebSite\",\"@id\":\"https:\\\/\\\/chocospin.org\\\/fr\\\/#website\",\"url\":\"https:\\\/\\\/chocospin.org\\\/fr\\\/\",\"name\":\"Chocospin\",\"description\":\"\",\"publisher\":{\"@id\":\"https:\\\/\\\/chocospin.org\\\/fr\\\/#organization\"},\"potentialAction\":[{\"@type\":\"SearchAction\",\"target\":{\"@type\":\"EntryPoint\",\"urlTemplate\":\"https:\\\/\\\/chocospin.org\\\/fr\\\/?s={search_term_string}\"},\"query-input\":{\"@type\":\"PropertyValueSpecification\",\"valueRequired\":true,\"valueName\":\"search_term_string\"}}],\"inLanguage\":\"fr-FR\"},{\"@type\":\"Organization\",\"@id\":\"https:\\\/\\\/chocospin.org\\\/fr\\\/#organization\",\"name\":\"Chocospin\",\"url\":\"https:\\\/\\\/chocospin.org\\\/fr\\\/\",\"logo\":{\"@type\":\"ImageObject\",\"inLanguage\":\"fr-FR\",\"@id\":\"https:\\\/\\\/chocospin.org\\\/fr\\\/#\\\/schema\\\/logo\\\/image\\\/\",\"url\":\"https:\\\/\\\/chocospin.org\\\/wp-content\\\/uploads\\\/2025\\\/07\\\/80u1FaquEZeR6OUTeJCc.png\",\"contentUrl\":\"https:\\\/\\\/chocospin.org\\\/wp-content\\\/uploads\\\/2025\\\/07\\\/80u1FaquEZeR6OUTeJCc.png\",\"width\":123,\"height\":20,\"caption\":\"Chocospin\"},\"image\":{\"@id\":\"https:\\\/\\\/chocospin.org\\\/fr\\\/#\\\/schema\\\/logo\\\/image\\\/\"}}]}<\/script>\n<!-- \/ Yoast SEO plugin. -->","yoast_head_json":{"title":"Chocospin App | T\u00e9l\u00e9chargement iOS et Android","description":"Choco Spin App vous propose des milliers de jeux directement sur votre smartphone ou tablette gr\u00e2ce \u00e0 une interface fluide et r\u00e9active. La synchronisation de votre compte vous garantit de ne jamais manquer un tour ou un bonus, et vos paiements restent s\u00e9curis\u00e9s en permanence.","robots":{"index":"index","follow":"follow","max-snippet":"max-snippet:-1","max-image-preview":"max-image-preview:large","max-video-preview":"max-video-preview:-1"},"canonical":"https:\/\/chocospin.org\/fr\/app\/","og_locale":"fr_FR","og_type":"article","og_title":"Chocospin App | T\u00e9l\u00e9chargement iOS et Android","og_description":"Choco Spin App vous propose des milliers de jeux directement sur votre smartphone ou tablette gr\u00e2ce \u00e0 une interface fluide et r\u00e9active. La synchronisation de votre compte vous garantit de ne jamais manquer un tour ou un bonus, et vos paiements restent s\u00e9curis\u00e9s en permanence.","og_url":"https:\/\/chocospin.org\/fr\/app\/","og_site_name":"chocospin","article_modified_time":"2026-02-19T14:31:39+00:00","twitter_card":"summary_large_image","twitter_misc":{"Dur\u00e9e de lecture estim\u00e9e":"2 minutes"},"schema":{"@context":"https:\/\/schema.org","@graph":[{"@type":"WebPage","@id":"https:\/\/chocospin.org\/fr\/app\/","url":"https:\/\/chocospin.org\/fr\/app\/","name":"Chocospin App | T\u00e9l\u00e9chargement iOS et Android","isPartOf":{"@id":"https:\/\/chocospin.org\/fr\/#website"},"datePublished":"2026-02-19T10:07:18+00:00","dateModified":"2026-02-19T14:31:39+00:00","description":"Choco Spin App vous propose des milliers de jeux directement sur votre smartphone ou tablette gr\u00e2ce \u00e0 une interface fluide et r\u00e9active. La synchronisation de votre compte vous garantit de ne jamais manquer un tour ou un bonus, et vos paiements restent s\u00e9curis\u00e9s en permanence.","breadcrumb":{"@id":"https:\/\/chocospin.org\/fr\/app\/#breadcrumb"},"inLanguage":"fr-FR","potentialAction":[{"@type":"ReadAction","target":["https:\/\/chocospin.org\/fr\/app\/"]}]},{"@type":"BreadcrumbList","@id":"https:\/\/chocospin.org\/fr\/app\/#breadcrumb","itemListElement":[{"@type":"ListItem","position":1,"name":"Chocospin","item":"https:\/\/chocospin.org\/fr\/"},{"@type":"ListItem","position":2,"name":"App"}]},{"@type":"WebSite","@id":"https:\/\/chocospin.org\/fr\/#website","url":"https:\/\/chocospin.org\/fr\/","name":"Chocospin","description":"","publisher":{"@id":"https:\/\/chocospin.org\/fr\/#organization"},"potentialAction":[{"@type":"SearchAction","target":{"@type":"EntryPoint","urlTemplate":"https:\/\/chocospin.org\/fr\/?s={search_term_string}"},"query-input":{"@type":"PropertyValueSpecification","valueRequired":true,"valueName":"search_term_string"}}],"inLanguage":"fr-FR"},{"@type":"Organization","@id":"https:\/\/chocospin.org\/fr\/#organization","name":"Chocospin","url":"https:\/\/chocospin.org\/fr\/","logo":{"@type":"ImageObject","inLanguage":"fr-FR","@id":"https:\/\/chocospin.org\/fr\/#\/schema\/logo\/image\/","url":"https:\/\/chocospin.org\/wp-content\/uploads\/2025\/07\/80u1FaquEZeR6OUTeJCc.png","contentUrl":"https:\/\/chocospin.org\/wp-content\/uploads\/2025\/07\/80u1FaquEZeR6OUTeJCc.png","width":123,"height":20,"caption":"Chocospin"},"image":{"@id":"https:\/\/chocospin.org\/fr\/#\/schema\/logo\/image\/"}}]}},"_links":{"self":[{"href":"https:\/\/chocospin.org\/fr\/wp-json\/wp\/v2\/pages\/1416","targetHints":{"allow":["GET"]}}],"collection":[{"href":"https:\/\/chocospin.org\/fr\/wp-json\/wp\/v2\/pages"}],"about":[{"href":"https:\/\/chocospin.org\/fr\/wp-json\/wp\/v2\/types\/page"}],"author":[{"embeddable":true,"href":"https:\/\/chocospin.org\/fr\/wp-json\/wp\/v2\/users\/1"}],"replies":[{"embeddable":true,"href":"https:\/\/chocospin.org\/fr\/wp-json\/wp\/v2\/comments?post=1416"}],"version-history":[{"count":3,"href":"https:\/\/chocospin.org\/fr\/wp-json\/wp\/v2\/pages\/1416\/revisions"}],"predecessor-version":[{"id":1947,"href":"https:\/\/chocospin.org\/fr\/wp-json\/wp\/v2\/pages\/1416\/revisions\/1947"}],"wp:attachment":[{"href":"https:\/\/chocospin.org\/fr\/wp-json\/wp\/v2\/media?parent=1416"}],"curies":[{"name":"wp","href":"https:\/\/api.w.org\/{rel}","templated":true}]}}