{"id":1473,"date":"2026-02-19T10:11:00","date_gmt":"2026-02-19T10:11:00","guid":{"rendered":"https:\/\/chocospin.org\/login-and-registration\/"},"modified":"2026-02-19T14:16:47","modified_gmt":"2026-02-19T14:16:47","slug":"inicio-de-sesion-y-registro","status":"publish","type":"page","link":"https:\/\/chocospin.org\/es\/inicio-de-sesion-y-registro\/","title":{"rendered":"Inicio de sesi\u00f3n y Registro"},"content":{"rendered":"<h1>Inicio de sesi\u00f3n y configuraci\u00f3n del perfil en Chocospin<\/h1>\n<p>El Chocospin login proceso no te hace perder el tiempo con complicaciones innecesarias. Se tarda medio minuto desde que haces clic hasta que empiezas a jugar. Con unos pocos clics para crear una cuenta, los jugadores espa\u00f1oles pueden empezar a jugar a las tragaperras y a los juegos de casino online.<\/p>\n<p><div class=\"banner-wrap\" aria-label=\"Banner\"><img src=\"https:\/\/chocospin.org\/wp-content\/uploads\/2026\/02\/Chocospin-banner-desktop.webp\" class=\"w-100 d-none d-lg-block img-pc main-banner-img\" alt=\"Chocospin banner desktop\" fetchpriority=\"high\" decoding=\"async\"><img src=\"https:\/\/chocospin.org\/wp-content\/uploads\/2026\/02\/Chocospin-Banner-mobile.webp\" class=\"w-100 d-none d-md-block d-lg-none main-banner-img\" alt=\"Chocospin Banner mobile\" fetchpriority=\"high\" decoding=\"async\"><img src=\"https:\/\/chocospin.org\/wp-content\/uploads\/2026\/02\/Chocospin-Banner-mobile.webp\" class=\"w-100 d-md-none\" alt=\"Chocospin Banner mobile\" fetchpriority=\"high\" decoding=\"async\"><div class=\"banner-description\">\n<div class=\"banner-title\">Bonos de bienvenida<\/div>\n<p class=\"banner-header-title\">1500\u20ac<\/p>\n<div class=\"banner-header-AdditionalText\">+ 250 Tiradas gratis<\/div>\n<button data-item=\"homepage_banner_link\" class=\"goto m-button m-gradient-border m-button--primary m-button--large banner-button btn-orange\">\n            <div class=\"m-button-content\">\n                <span>Reg\u00edstrate ahora<\/span>\n                <span><\/span>\n            <\/div>\n        <\/button>\n<\/div>\n<div class=\"WelcomePack\">\n<p><img loading=\"lazy\" decoding=\"async\" class=\"alignnone size-full wp-image-1392\" src=\"https:\/\/chocospin.org\/wp-content\/uploads\/2026\/02\/welcome-crown.png\" alt=\"welcome crown\" width=\"25\" height=\"26\" \/><\/p>\n<div class=\"WelcomePack-Info\">Reembolso semanal de hasta el 25 %<\/div>\n<p><img loading=\"lazy\" decoding=\"async\" class=\"alignnone size-full wp-image-1392\" src=\"https:\/\/chocospin.org\/wp-content\/uploads\/2026\/02\/welcome-crown.png\" alt=\"welcome crown\" width=\"25\" height=\"26\" \/><\/p>\n<\/div>\n<\/div><div class=\"scrollable-content-wrap my-5\"><div class=\"scrollable-content-inner\"><h2>\u00danete a Choco Spin en unos pocos pasos<\/h2>\n<p>Registrarse en Chocospin te da acceso a una serie de ventajas que hacen que el m\u00ednimo esfuerzo merezca la pena. Puedes probar las tragamonedas m\u00e1s populares en modo demo de forma gratuita para que te hagas una idea de los juegos antes de gastar dinero. Los nuevos usuarios tambi\u00e9n reciben un bono de bienvenida que aumenta significativamente el valor de su dep\u00f3sito inicial. Adem\u00e1s, empezar\u00e1s a ganar inmediatamente puntos del programa de fidelidad que, con el tiempo, te dar\u00e1n acceso a ventajas que los usuarios ocasionales nunca llegan a experimentar.<\/p>\n<h3>Gu\u00eda para crear una cuenta<\/h3>\n<p>Crear tu cuenta en Chocospin Casino no requiere conocimientos especiales.<\/p>\n<ol>\n<li>Busca el bot\u00f3n de registro de Chocospin situado en la esquina superior derecha de la p\u00e1gina de inicio.<\/li>\n<li>Introduce tu correo electr\u00f3nico en el formulario que aparece.<\/li>\n<li>Crea una contrase\u00f1a. Utiliza letras mezcladas con n\u00fameros y s\u00edmbolos, algo que no hayas utilizado ya en otros sitios web.<\/li>\n<li>Marca la casilla que confirma que eres mayor de 18 a\u00f1os despu\u00e9s de leer los t\u00e9rminos y condiciones.<\/li>\n<li>Pulsa el bot\u00f3n para continuar.<\/li>\n<li>Rellena la segunda ronda con los datos b\u00e1sicos: tu nombre, apellidos y n\u00famero de tel\u00e9fono.<\/li>\n<\/ol>\n<p>Solo puedes jugar en Choco Spin Casino si te encuentras en un lugar donde el juego online es legal. El sitio detecta autom\u00e1ticamente tu ubicaci\u00f3n y la vincula a tu cuenta. La informaci\u00f3n que puedes editar incluye tu nombre, nombre de usuario, sexo y datos de contacto. Puedes actualizar tu contrase\u00f1a a trav\u00e9s de la configuraci\u00f3n de seguridad cuando lo desees.<\/p>\n<h2>Controles de inicio de sesi\u00f3n y configuraci\u00f3n en Chocospin<\/h2>\n<p>Iniciar sesi\u00f3n en Chocospin es a\u00fan m\u00e1s f\u00e1cil que crear la cuenta. Solo tienes que pulsar el bot\u00f3n de inicio de sesi\u00f3n, introducir tu direcci\u00f3n de correo electr\u00f3nico y contrase\u00f1a, y hacer clic una vez m\u00e1s para empezar.<br \/>\nM\u00e1s all\u00e1 de la pantalla de inicio de sesi\u00f3n de Choco Spin, encontrar\u00e1s miles de juegos de casino junto con interfaces que mantienen todo organizado.<\/p>\n<table>\n<tbody>\n<tr>\n<td>Secci\u00f3n<\/td>\n<td>Qu\u00e9 hay<\/td>\n<\/tr>\n<tr>\n<td>Cartera<\/td>\n<td>La cartera es el centro neur\u00e1lgico de la gesti\u00f3n del dinero, con botones de dep\u00f3sito y retirada justo donde los necesitas. Muestra tu dinero real y el dinero de bonificaci\u00f3n por separado, para que no haya confusi\u00f3n, y te indica exactamente lo que est\u00e1 disponible para cobrar con l\u00edmites de retirada.<\/td>\n<\/tr>\n<tr>\n<td>Historial<\/td>\n<td>La secci\u00f3n de historial registra todo lo que has hecho, incluyendo sesiones de juego, entradas y salidas de dinero, bonos que has reclamado y utilizado, y apuestas que has realizado. Es un registro completo por si necesitas consultar algo.<\/td>\n<\/tr>\n<tr>\n<td>Perfil<\/td>\n<td>Diferentes categor\u00edas de configuraci\u00f3n: configuraci\u00f3n general de la cuenta de Chocospin, opciones de seguridad y l\u00edmites de juego que has establecido para mantener las cosas bajo control.<\/td>\n<\/tr>\n<\/tbody>\n<\/table>\n<p>Si tienes alguna pregunta, puedes ponerte en contacto con el equipo de asistencia desde cualquier secci\u00f3n a trav\u00e9s de la ventana situada en la esquina inferior derecha.<\/p>\n<h3>C\u00f3mo restablecer tu contrase\u00f1a<\/h3>\n<p>Olvidar la contrase\u00f1a es algo que le pasa a todo el mundo, y Chocospin ha simplificado el proceso de recuperaci\u00f3n. Si no puedes iniciar sesi\u00f3n, ve a la p\u00e1gina de inicio de sesi\u00f3n de Chocospin y selecciona la opci\u00f3n de recuperaci\u00f3n de contrase\u00f1a. Introduce la direcci\u00f3n de correo electr\u00f3nico vinculada a tu cuenta y se te enviar\u00e1 un correo electr\u00f3nico para restablecer la contrase\u00f1a a tu bandeja de entrada.<\/p>\n<p>Abre el correo electr\u00f3nico y sigue el enlace para elegir una nueva contrase\u00f1a que puedas recordar pero que te parezca segura. Una vez que la hayas guardado, podr\u00e1s volver a iniciar sesi\u00f3n en tu cuenta de Choco Spin inmediatamente y continuar donde lo hab\u00edas dejado. Si no ves el correo electr\u00f3nico, vale la pena que compruebes tu carpeta de spam o esperes un minuto antes de volver a intentarlo.<\/p>\n<h2>Proceso de verificaci\u00f3n del jugador<\/h2>\n<p>Chocospin Casino no le pedir\u00e1 la verificaci\u00f3n de su identidad en el momento del registro. Solo le pediremos documentos cuando intente retirar dinero por primera vez. Los requisitos de verificaci\u00f3n est\u00e1ndar son:<\/p>\n<ul>\n<li>Un documento de identidad emitido por el gobierno, como un pasaporte o un permiso de conducir, para demostrar tu identidad.<\/li>\n<li>Una factura reciente de servicios p\u00fablicos para confirmar que tu direcci\u00f3n coincide con la que proporcionaste durante el registro.<\/li>\n<li>Fotos de la tarjeta de d\u00e9bito que utilizaste para los dep\u00f3sitos (los n\u00fameros del medio se pueden ocultar para mayor tranquilidad).<\/li>\n<\/ul>\n<p>Este proceso de verificaci\u00f3n garantiza que no se infrinja ninguna ley, ya sea de forma accidental o de otro tipo, y que la cuenta de Chocospin se haya creado con credenciales reales. El proceso de aprobaci\u00f3n tarda unas 48 horas desde el env\u00edo. Una vez aprobada, las futuras retiradas no requerir\u00e1n verificaci\u00f3n cada vez.<\/p>\n<h3>C\u00f3mo protegemos su informaci\u00f3n<\/h3>\n<p>El inicio de sesi\u00f3n en Chocospin se supervisa para detectar patrones de actividad inusuales y evitar que los problemas se agraven. Adem\u00e1s de la supervisi\u00f3n automatizada, actualizar su contrase\u00f1a peri\u00f3dicamente en la configuraci\u00f3n de seguridad proporciona una capa adicional de protecci\u00f3n personalizada. Dado que las contrase\u00f1as se ven comprometidas con frecuencia en las violaciones de datos, actualizar la suya reduce el riesgo de compromisos desconocidos.<\/p>\n<p>La autenticaci\u00f3n de dos factores es opcional. Para ello, es necesario introducir la contrase\u00f1a y un c\u00f3digo de un solo uso que se env\u00eda al tel\u00e9fono o al correo electr\u00f3nico cada vez que se inicia sesi\u00f3n en Chocospin. El acceso no autorizado se vuelve pr\u00e1cticamente imposible, ya que ya no basta con descifrar la contrase\u00f1a, sino que tambi\u00e9n se necesita acceder al dispositivo real.<\/p>\n<h2>Preguntas frecuentes<\/h2>\n<h3>\u00bfPor qu\u00e9 tengo que verificar mi cuenta en Chocospin?<\/h3>\n<p>La verificaci\u00f3n de su cuenta de Chocospin Casino evita el fraude y garantiza el cumplimiento de la normativa sobre juegos de azar, que exige a los casinos confirmar la identidad y la edad de sus jugadores. El proceso de verificaci\u00f3n le protege tanto a usted como a la plataforma. Tambi\u00e9n cumple con los requisitos legales para evitar el juego de menores y el blanqueo de capitales.<\/p>\n<h3>\u00bfPuedo cambiar mi informaci\u00f3n personal despu\u00e9s de registrarme?<\/h3>\n<p>Despu\u00e9s del registro, puedes editar ciertos datos a trav\u00e9s de la configuraci\u00f3n de tu perfil de Chocospin Casino. Puedes modificar tu nombre, nombre de usuario, sexo y datos de contacto siempre que sea necesario. Sin embargo, algunos datos no se pueden cambiar sin ponerse en contacto directamente con nuestro equipo de asistencia multiling\u00fce a trav\u00e9s del chat en vivo, ya que afectan al cumplimiento de la normativa legal y a la elegibilidad de la cuenta. Esto incluye tu ubicaci\u00f3n y fecha de nacimiento.<\/p>\n<h3>\u00bfPuedo probar los juegos en modo demo antes de registrarme?<\/h3>\n<p>Una vez que haya registrado una cuenta, algunas tragamonedas en l\u00ednea de Choco Spin Casino estar\u00e1n disponibles en modo demo, lo que le permitir\u00e1 probar los juegos sin gastar dinero. El juego demo utiliza monedas virtuales. Sin embargo, no todos los juegos ofrecen modo demo; algunos requieren jugar con dinero real. No obstante, las tragamonedas populares incluyen opciones de prueba gratuitas.<\/p>\n<\/div><\/div><\/p>\n","protected":false},"excerpt":{"rendered":"<p>Inicio de sesi\u00f3n y configuraci\u00f3n del perfil en Chocospin El Chocospin login proceso no te hace perder el tiempo con complicaciones innecesarias. Se tarda medio minuto desde que haces clic hasta que empiezas a jugar. Con unos pocos clics para crear una cuenta, los jugadores espa\u00f1oles pueden empezar a jugar a las tragaperras y a [&hellip;]<\/p>\n","protected":false},"author":1,"featured_media":0,"parent":0,"menu_order":0,"comment_status":"closed","ping_status":"closed","template":"template-builder.php","meta":{"_acf_changed":false,"inline_featured_image":false,"footnotes":""},"class_list":["post-1473","page","type-page","status-publish","hentry"],"acf":[],"yoast_head":"<!-- This site is optimized with the Yoast SEO plugin v27.3 - https:\/\/yoast.com\/product\/yoast-seo-wordpress\/ -->\n<title>Chocospin Login y registro<\/title>\n<meta name=\"description\" content=\"Revisa tu saldo, haz seguimiento de tus bonos y gestiona tu perfil f\u00e1cilmente con Choco Spin Login. Registrarse es r\u00e1pido, as\u00ed que puedes empezar a jugar de inmediato sin complicaciones.\" \/>\n<meta name=\"robots\" content=\"index, follow, max-snippet:-1, max-image-preview:large, max-video-preview:-1\" \/>\n<link rel=\"canonical\" href=\"https:\/\/chocospin.org\/es\/inicio-de-sesion-y-registro\/\" \/>\n<meta property=\"og:locale\" content=\"es_ES\" \/>\n<meta property=\"og:type\" content=\"article\" \/>\n<meta property=\"og:title\" content=\"Chocospin Login y registro\" \/>\n<meta property=\"og:description\" content=\"Revisa tu saldo, haz seguimiento de tus bonos y gestiona tu perfil f\u00e1cilmente con Choco Spin Login. Registrarse es r\u00e1pido, as\u00ed que puedes empezar a jugar de inmediato sin complicaciones.\" \/>\n<meta property=\"og:url\" content=\"https:\/\/chocospin.org\/es\/inicio-de-sesion-y-registro\/\" \/>\n<meta property=\"og:site_name\" content=\"chocospin\" \/>\n<meta property=\"article:modified_time\" content=\"2026-02-19T14:16:47+00:00\" \/>\n<meta name=\"twitter:card\" content=\"summary_large_image\" \/>\n<meta name=\"twitter:label1\" content=\"Est. reading time\" \/>\n\t<meta name=\"twitter:data1\" content=\"1 minute\" \/>\n<script type=\"application\/ld+json\" class=\"yoast-schema-graph\">{\"@context\":\"https:\\\/\\\/schema.org\",\"@graph\":[{\"@type\":\"WebPage\",\"@id\":\"https:\\\/\\\/chocospin.org\\\/es\\\/inicio-de-sesion-y-registro\\\/\",\"url\":\"https:\\\/\\\/chocospin.org\\\/es\\\/inicio-de-sesion-y-registro\\\/\",\"name\":\"Chocospin Login y registro\",\"isPartOf\":{\"@id\":\"https:\\\/\\\/chocospin.org\\\/es\\\/#website\"},\"datePublished\":\"2026-02-19T10:11:00+00:00\",\"dateModified\":\"2026-02-19T14:16:47+00:00\",\"description\":\"Revisa tu saldo, haz seguimiento de tus bonos y gestiona tu perfil f\u00e1cilmente con Choco Spin Login. Registrarse es r\u00e1pido, as\u00ed que puedes empezar a jugar de inmediato sin complicaciones.\",\"breadcrumb\":{\"@id\":\"https:\\\/\\\/chocospin.org\\\/es\\\/inicio-de-sesion-y-registro\\\/#breadcrumb\"},\"inLanguage\":\"es-ES\",\"potentialAction\":[{\"@type\":\"ReadAction\",\"target\":[\"https:\\\/\\\/chocospin.org\\\/es\\\/inicio-de-sesion-y-registro\\\/\"]}]},{\"@type\":\"BreadcrumbList\",\"@id\":\"https:\\\/\\\/chocospin.org\\\/es\\\/inicio-de-sesion-y-registro\\\/#breadcrumb\",\"itemListElement\":[{\"@type\":\"ListItem\",\"position\":1,\"name\":\"Chocospin\",\"item\":\"https:\\\/\\\/chocospin.org\\\/es\\\/\"},{\"@type\":\"ListItem\",\"position\":2,\"name\":\"Inicio de sesi\u00f3n y Registro\"}]},{\"@type\":\"WebSite\",\"@id\":\"https:\\\/\\\/chocospin.org\\\/es\\\/#website\",\"url\":\"https:\\\/\\\/chocospin.org\\\/es\\\/\",\"name\":\"Chocospin\",\"description\":\"\",\"publisher\":{\"@id\":\"https:\\\/\\\/chocospin.org\\\/es\\\/#organization\"},\"potentialAction\":[{\"@type\":\"SearchAction\",\"target\":{\"@type\":\"EntryPoint\",\"urlTemplate\":\"https:\\\/\\\/chocospin.org\\\/es\\\/?s={search_term_string}\"},\"query-input\":{\"@type\":\"PropertyValueSpecification\",\"valueRequired\":true,\"valueName\":\"search_term_string\"}}],\"inLanguage\":\"es-ES\"},{\"@type\":\"Organization\",\"@id\":\"https:\\\/\\\/chocospin.org\\\/es\\\/#organization\",\"name\":\"Chocospin\",\"url\":\"https:\\\/\\\/chocospin.org\\\/es\\\/\",\"logo\":{\"@type\":\"ImageObject\",\"inLanguage\":\"es-ES\",\"@id\":\"https:\\\/\\\/chocospin.org\\\/es\\\/#\\\/schema\\\/logo\\\/image\\\/\",\"url\":\"https:\\\/\\\/chocospin.org\\\/wp-content\\\/uploads\\\/2025\\\/07\\\/80u1FaquEZeR6OUTeJCc.png\",\"contentUrl\":\"https:\\\/\\\/chocospin.org\\\/wp-content\\\/uploads\\\/2025\\\/07\\\/80u1FaquEZeR6OUTeJCc.png\",\"width\":123,\"height\":20,\"caption\":\"Chocospin\"},\"image\":{\"@id\":\"https:\\\/\\\/chocospin.org\\\/es\\\/#\\\/schema\\\/logo\\\/image\\\/\"}}]}<\/script>\n<!-- \/ Yoast SEO plugin. -->","yoast_head_json":{"title":"Chocospin Login y registro","description":"Revisa tu saldo, haz seguimiento de tus bonos y gestiona tu perfil f\u00e1cilmente con Choco Spin Login. Registrarse es r\u00e1pido, as\u00ed que puedes empezar a jugar de inmediato sin complicaciones.","robots":{"index":"index","follow":"follow","max-snippet":"max-snippet:-1","max-image-preview":"max-image-preview:large","max-video-preview":"max-video-preview:-1"},"canonical":"https:\/\/chocospin.org\/es\/inicio-de-sesion-y-registro\/","og_locale":"es_ES","og_type":"article","og_title":"Chocospin Login y registro","og_description":"Revisa tu saldo, haz seguimiento de tus bonos y gestiona tu perfil f\u00e1cilmente con Choco Spin Login. Registrarse es r\u00e1pido, as\u00ed que puedes empezar a jugar de inmediato sin complicaciones.","og_url":"https:\/\/chocospin.org\/es\/inicio-de-sesion-y-registro\/","og_site_name":"chocospin","article_modified_time":"2026-02-19T14:16:47+00:00","twitter_card":"summary_large_image","twitter_misc":{"Est. reading time":"1 minute"},"schema":{"@context":"https:\/\/schema.org","@graph":[{"@type":"WebPage","@id":"https:\/\/chocospin.org\/es\/inicio-de-sesion-y-registro\/","url":"https:\/\/chocospin.org\/es\/inicio-de-sesion-y-registro\/","name":"Chocospin Login y registro","isPartOf":{"@id":"https:\/\/chocospin.org\/es\/#website"},"datePublished":"2026-02-19T10:11:00+00:00","dateModified":"2026-02-19T14:16:47+00:00","description":"Revisa tu saldo, haz seguimiento de tus bonos y gestiona tu perfil f\u00e1cilmente con Choco Spin Login. Registrarse es r\u00e1pido, as\u00ed que puedes empezar a jugar de inmediato sin complicaciones.","breadcrumb":{"@id":"https:\/\/chocospin.org\/es\/inicio-de-sesion-y-registro\/#breadcrumb"},"inLanguage":"es-ES","potentialAction":[{"@type":"ReadAction","target":["https:\/\/chocospin.org\/es\/inicio-de-sesion-y-registro\/"]}]},{"@type":"BreadcrumbList","@id":"https:\/\/chocospin.org\/es\/inicio-de-sesion-y-registro\/#breadcrumb","itemListElement":[{"@type":"ListItem","position":1,"name":"Chocospin","item":"https:\/\/chocospin.org\/es\/"},{"@type":"ListItem","position":2,"name":"Inicio de sesi\u00f3n y Registro"}]},{"@type":"WebSite","@id":"https:\/\/chocospin.org\/es\/#website","url":"https:\/\/chocospin.org\/es\/","name":"Chocospin","description":"","publisher":{"@id":"https:\/\/chocospin.org\/es\/#organization"},"potentialAction":[{"@type":"SearchAction","target":{"@type":"EntryPoint","urlTemplate":"https:\/\/chocospin.org\/es\/?s={search_term_string}"},"query-input":{"@type":"PropertyValueSpecification","valueRequired":true,"valueName":"search_term_string"}}],"inLanguage":"es-ES"},{"@type":"Organization","@id":"https:\/\/chocospin.org\/es\/#organization","name":"Chocospin","url":"https:\/\/chocospin.org\/es\/","logo":{"@type":"ImageObject","inLanguage":"es-ES","@id":"https:\/\/chocospin.org\/es\/#\/schema\/logo\/image\/","url":"https:\/\/chocospin.org\/wp-content\/uploads\/2025\/07\/80u1FaquEZeR6OUTeJCc.png","contentUrl":"https:\/\/chocospin.org\/wp-content\/uploads\/2025\/07\/80u1FaquEZeR6OUTeJCc.png","width":123,"height":20,"caption":"Chocospin"},"image":{"@id":"https:\/\/chocospin.org\/es\/#\/schema\/logo\/image\/"}}]}},"_links":{"self":[{"href":"https:\/\/chocospin.org\/es\/wp-json\/wp\/v2\/pages\/1473","targetHints":{"allow":["GET"]}}],"collection":[{"href":"https:\/\/chocospin.org\/es\/wp-json\/wp\/v2\/pages"}],"about":[{"href":"https:\/\/chocospin.org\/es\/wp-json\/wp\/v2\/types\/page"}],"author":[{"embeddable":true,"href":"https:\/\/chocospin.org\/es\/wp-json\/wp\/v2\/users\/1"}],"replies":[{"embeddable":true,"href":"https:\/\/chocospin.org\/es\/wp-json\/wp\/v2\/comments?post=1473"}],"version-history":[{"count":1,"href":"https:\/\/chocospin.org\/es\/wp-json\/wp\/v2\/pages\/1473\/revisions"}],"predecessor-version":[{"id":1929,"href":"https:\/\/chocospin.org\/es\/wp-json\/wp\/v2\/pages\/1473\/revisions\/1929"}],"wp:attachment":[{"href":"https:\/\/chocospin.org\/es\/wp-json\/wp\/v2\/media?parent=1473"}],"curies":[{"name":"wp","href":"https:\/\/api.w.org\/{rel}","templated":true}]}}