{"id":1440,"date":"2026-02-19T10:20:53","date_gmt":"2026-02-19T10:20:53","guid":{"rendered":"https:\/\/chocospin.org\/bonus\/"},"modified":"2026-02-19T14:19:08","modified_gmt":"2026-02-19T14:19:08","slug":"bonificacion","status":"publish","type":"page","link":"https:\/\/chocospin.org\/es\/bonificacion\/","title":{"rendered":"Bonificaci\u00f3n"},"content":{"rendered":"<h1>Promociones y bonificaciones de Chocospin<\/h1>\n<p>El Chocospin bonus sistema ofrece a todos los jugadores espa\u00f1oles la oportunidad de ganar premios en efectivo y tiradas gratis. En el casino se celebran constantemente torneos y loter\u00edas, lo que te da la oportunidad de ganar premios que normalmente no obtendr\u00edas jugando de forma habitual. Qu\u00e9date y asciende en el programa de fidelidad, donde las ventajas son realmente sustanciales.<\/p>\n<p><div class=\"banner-wrap\" aria-label=\"Banner\"><img src=\"https:\/\/chocospin.org\/wp-content\/uploads\/2026\/02\/Chocospin-banner-desktop.webp\" class=\"w-100 d-none d-lg-block img-pc main-banner-img\" alt=\"Chocospin banner desktop\" fetchpriority=\"high\" decoding=\"async\"><img src=\"https:\/\/chocospin.org\/wp-content\/uploads\/2026\/02\/Chocospin-Banner-mobile.webp\" class=\"w-100 d-none d-md-block d-lg-none main-banner-img\" alt=\"Chocospin Banner mobile\" fetchpriority=\"high\" decoding=\"async\"><img src=\"https:\/\/chocospin.org\/wp-content\/uploads\/2026\/02\/Chocospin-Banner-mobile.webp\" class=\"w-100 d-md-none\" alt=\"Chocospin Banner mobile\" fetchpriority=\"high\" decoding=\"async\"><div class=\"banner-description\">\n<div class=\"banner-title\">Bonos de bienvenida<\/div>\n<p class=\"banner-header-title\">1500\u20ac<\/p>\n<div class=\"banner-header-AdditionalText\">+ 250 Tiradas gratis<\/div>\n<button data-item=\"homepage_banner_link\" class=\"goto m-button m-gradient-border m-button--primary m-button--large banner-button btn-orange\">\n            <div class=\"m-button-content\">\n                <span>Reg\u00edstrate ahora<\/span>\n                <span><\/span>\n            <\/div>\n        <\/button>\n<\/div>\n<div class=\"WelcomePack\">\n<p><img loading=\"lazy\" decoding=\"async\" class=\"alignnone size-full wp-image-1392\" src=\"https:\/\/chocospin.org\/wp-content\/uploads\/2026\/02\/welcome-crown.png\" alt=\"welcome crown\" width=\"25\" height=\"26\" \/><\/p>\n<div class=\"WelcomePack-Info\">Reembolso semanal de hasta el 25 %<\/div>\n<p><img loading=\"lazy\" decoding=\"async\" class=\"alignnone size-full wp-image-1392\" src=\"https:\/\/chocospin.org\/wp-content\/uploads\/2026\/02\/welcome-crown.png\" alt=\"welcome crown\" width=\"25\" height=\"26\" \/><\/p>\n<\/div>\n<\/div><div class=\"promotions-wrap\"><div class=\"promotion-card\" style=\"background-image: url(https:\/\/chocospin.org\/wp-content\/uploads\/2026\/02\/First-deposit.webp);\"><h2 class=\"promotion-card__title\">Bono por primer dep\u00f3sito<\/h2><label class=\"promotion-card__offer\">100 % hasta 500 \u20ac + 150 tiradas gratis<\/label><label class=\"promotion-card__description\"><\/label><div class=\"promotion-card__actions\"><button data-item=\"payments_link\" data-group=\"website_links\" class=\"goto btn btn-orange rounded-pill fw-bold px-4 m-button m-gradient-border m-button--primary m-button--large promotion-button promotion-card__action-btn\" aria-label=\"Registrarse\"><div class=\"m-button-content\"><span class=\"promotion-button__content\">Registrarse<\/span><\/div><\/button><button data-item=\"http:\/\/bonus_link\" data-group=\"website_links\" class=\"goto m-button m-gradient-border m-button--secondary m-button--medium promotion-card__info-btn\" aria-label=\"More information\"><div class=\"m-button-content\"><svg viewBox=\"0 0 24 24\" fill=\"none\" xmlns=\"http:\/\/www.w3.org\/2000\/svg\" class=\"m-icon m-icon-loadable\" name=\"Attention\" loading=\"false\" aria-hidden=\"true\"><path d=\"M12 22C6.477 22 2 17.522 2 12S6.477 2 12 2s10 4.478 10 10-4.477 10-10 10m-.002-13.004a.999.999 0 1 0 0-1.997.999.999 0 0 0 0 1.997M12 17a1 1 0 0 0 .993-.884L13 16l-.002-5.001-.007-.117a1 1 0 0 0-1.986 0l-.007.117L11 16l.007.117A1 1 0 0 0 12 17\" fill=\"currentColor\"><\/path><\/svg><\/div><\/button><\/div><\/div><div class=\"promotion-card\" style=\"background-image: url(https:\/\/chocospin.org\/wp-content\/uploads\/2026\/02\/Second-deposit.webp);\"><h2 class=\"promotion-card__title\">Bono por segundo dep\u00f3sito<\/h2><label class=\"promotion-card__offer\">55 % hasta 500 \u20ac + 100 tiradas gratis<\/label><label class=\"promotion-card__description\"><\/label><div class=\"promotion-card__actions\"><button data-item=\"payments_link\" data-group=\"website_links\" class=\"goto btn btn-orange rounded-pill fw-bold px-4 m-button m-gradient-border m-button--primary m-button--large promotion-button promotion-card__action-btn\" aria-label=\"Registrarse\"><div class=\"m-button-content\"><span class=\"promotion-button__content\">Registrarse<\/span><\/div><\/button><button data-item=\"http:\/\/bonus_link\" data-group=\"website_links\" class=\"goto m-button m-gradient-border m-button--secondary m-button--medium promotion-card__info-btn\" aria-label=\"More information\"><div class=\"m-button-content\"><svg viewBox=\"0 0 24 24\" fill=\"none\" xmlns=\"http:\/\/www.w3.org\/2000\/svg\" class=\"m-icon m-icon-loadable\" name=\"Attention\" loading=\"false\" aria-hidden=\"true\"><path d=\"M12 22C6.477 22 2 17.522 2 12S6.477 2 12 2s10 4.478 10 10-4.477 10-10 10m-.002-13.004a.999.999 0 1 0 0-1.997.999.999 0 0 0 0 1.997M12 17a1 1 0 0 0 .993-.884L13 16l-.002-5.001-.007-.117a1 1 0 0 0-1.986 0l-.007.117L11 16l.007.117A1 1 0 0 0 12 17\" fill=\"currentColor\"><\/path><\/svg><\/div><\/button><\/div><\/div><div class=\"promotion-card\" style=\"background-image: url(https:\/\/chocospin.org\/wp-content\/uploads\/2026\/02\/Third-deposit.webp);\"><h2 class=\"promotion-card__title\">Bono por tercer dep\u00f3sito<\/h2><label class=\"promotion-card__offer\">100 % hasta 500 \u20ac<\/label><label class=\"promotion-card__description\"><\/label><div class=\"promotion-card__actions\"><button data-item=\"payments_link\" data-group=\"website_links\" class=\"goto btn btn-orange rounded-pill fw-bold px-4 m-button m-gradient-border m-button--primary m-button--large promotion-button promotion-card__action-btn\" aria-label=\"Registrarse\"><div class=\"m-button-content\"><span class=\"promotion-button__content\">Registrarse<\/span><\/div><\/button><button data-item=\"http:\/\/bonus_link\" data-group=\"website_links\" class=\"goto m-button m-gradient-border m-button--secondary m-button--medium promotion-card__info-btn\" aria-label=\"More information\"><div class=\"m-button-content\"><svg viewBox=\"0 0 24 24\" fill=\"none\" xmlns=\"http:\/\/www.w3.org\/2000\/svg\" class=\"m-icon m-icon-loadable\" name=\"Attention\" loading=\"false\" aria-hidden=\"true\"><path d=\"M12 22C6.477 22 2 17.522 2 12S6.477 2 12 2s10 4.478 10 10-4.477 10-10 10m-.002-13.004a.999.999 0 1 0 0-1.997.999.999 0 0 0 0 1.997M12 17a1 1 0 0 0 .993-.884L13 16l-.002-5.001-.007-.117a1 1 0 0 0-1.986 0l-.007.117L11 16l.007.117A1 1 0 0 0 12 17\" fill=\"currentColor\"><\/path><\/svg><\/div><\/button><\/div><\/div><div class=\"promotion-card\" style=\"background-image: url(https:\/\/chocospin.org\/wp-content\/uploads\/2026\/02\/Cashback.webp);\"><h2 class=\"promotion-card__title\">Reembolso semanal<\/h2><label class=\"promotion-card__offer\">hasta el 25 %<\/label><label class=\"promotion-card__description\"><\/label><div class=\"promotion-card__actions\"><button data-item=\"payments_link\" data-group=\"website_links\" class=\"goto btn btn-orange rounded-pill fw-bold px-4 m-button m-gradient-border m-button--primary m-button--large promotion-button promotion-card__action-btn\" aria-label=\"Registrarse\"><div class=\"m-button-content\"><span class=\"promotion-button__content\">Registrarse<\/span><\/div><\/button><button data-item=\"http:\/\/bonus_link\" data-group=\"website_links\" class=\"goto m-button m-gradient-border m-button--secondary m-button--medium promotion-card__info-btn\" aria-label=\"More information\"><div class=\"m-button-content\"><svg viewBox=\"0 0 24 24\" fill=\"none\" xmlns=\"http:\/\/www.w3.org\/2000\/svg\" class=\"m-icon m-icon-loadable\" name=\"Attention\" loading=\"false\" aria-hidden=\"true\"><path d=\"M12 22C6.477 22 2 17.522 2 12S6.477 2 12 2s10 4.478 10 10-4.477 10-10 10m-.002-13.004a.999.999 0 1 0 0-1.997.999.999 0 0 0 0 1.997M12 17a1 1 0 0 0 .993-.884L13 16l-.002-5.001-.007-.117a1 1 0 0 0-1.986 0l-.007.117L11 16l.007.117A1 1 0 0 0 12 17\" fill=\"currentColor\"><\/path><\/svg><\/div><\/button><\/div><\/div><div class=\"promotion-card\" style=\"background-image: url(https:\/\/chocospin.org\/wp-content\/uploads\/2026\/02\/Sunday-reload.webp);\"><h2 class=\"promotion-card__title\">Recarga del domingo<\/h2><label class=\"promotion-card__offer\">25 % hasta 100 \u20ac<\/label><label class=\"promotion-card__description\"><\/label><div class=\"promotion-card__actions\"><button data-item=\"payments_link\" data-group=\"website_links\" class=\"goto btn btn-orange rounded-pill fw-bold px-4 m-button m-gradient-border m-button--primary m-button--large promotion-button promotion-card__action-btn\" aria-label=\"Registrarse\"><div class=\"m-button-content\"><span class=\"promotion-button__content\">Registrarse<\/span><\/div><\/button><button data-item=\"http:\/\/bonus_link\" data-group=\"website_links\" class=\"goto m-button m-gradient-border m-button--secondary m-button--medium promotion-card__info-btn\" aria-label=\"More information\"><div class=\"m-button-content\"><svg viewBox=\"0 0 24 24\" fill=\"none\" xmlns=\"http:\/\/www.w3.org\/2000\/svg\" class=\"m-icon m-icon-loadable\" name=\"Attention\" loading=\"false\" aria-hidden=\"true\"><path d=\"M12 22C6.477 22 2 17.522 2 12S6.477 2 12 2s10 4.478 10 10-4.477 10-10 10m-.002-13.004a.999.999 0 1 0 0-1.997.999.999 0 0 0 0 1.997M12 17a1 1 0 0 0 .993-.884L13 16l-.002-5.001-.007-.117a1 1 0 0 0-1.986 0l-.007.117L11 16l.007.117A1 1 0 0 0 12 17\" fill=\"currentColor\"><\/path><\/svg><\/div><\/button><\/div><\/div><\/div><div class=\"scrollable-content-wrap my-5\"><div class=\"scrollable-content-inner\"><h2>Opciones de bonificaci\u00f3n para todos los jugadores<\/h2>\n<p>Choco Spin Casino ofrece promociones a todos los jugadores. La oferta de bienvenida tiene un valor de hasta 1.500 \u20ac m\u00e1s 250 giros gratis, lo que te da muchas oportunidades de explorar la biblioteca de juegos utilizando el dinero del bono. M\u00e1s all\u00e1 de ese paquete inicial, las promociones continuas te devuelven una parte de tu inversi\u00f3n en el juego, amortiguando los inevitables baches.<\/p>\n<ul>\n<li>El reembolso semanal te devuelve un porcentaje de las p\u00e9rdidas de las sesiones en las que nada sali\u00f3 bien, suavizando el golpe financiero.<\/li>\n<li>Sunday Reload recarga los dep\u00f3sitos del fin de semana, para que no juegues solo con lo que has ingresado.<\/li>\n<\/ul>\n<p>Los torneos y loter\u00edas de Chocospin multiplican tus posibilidades de ganar m\u00e1s all\u00e1 de lo que ofrece el juego est\u00e1ndar. Las campa\u00f1as se llevan a cabo en las tragamonedas en l\u00ednea y en las mesas con crupier en vivo, lo que te da la oportunidad de ganar enormes premios solo por jugar a los juegos a los que jugar\u00edas de todos modos. Las ruedas de premios aparecen cuando realizas un dep\u00f3sito: gira para obtener rondas de bonificaci\u00f3n, giros gratis y otras ventajas aleatorias.<\/p>\n<p>El programa de fidelidad recompensa la lealtad. Hay cuatro rangos en el sistema, y los niveles m\u00e1s altos ofrecen ventajas VIP a los clientes habituales de Chocospin Casino que cambiar\u00e1n realmente tu experiencia. El rakeback semanal es un ejemplo de lo que se desbloquea cuando se llega a la cima. Para llegar all\u00ed se requieren dep\u00f3sitos sustanciales y un volumen de apuestas considerable.<\/p>\n<h2>Oferta de bienvenida de Choco Spin<\/h2>\n<p>Los nuevos usuarios reciben un bono especial de Chocospin. Un total de 1.500 \u20ac m\u00e1s 250 giros gratis se reparten entre tus tres primeros dep\u00f3sitos.<\/p>\n<p>El primer dep\u00f3sito obtiene un 100 % hasta 500 \u20ac, m\u00e1s 150 tiradas gratis: deposita los 500 \u20ac completos y tendr\u00e1s inmediatamente 1.000 \u20ac para jugar. El segundo dep\u00f3sito obtiene un 55 % hasta 500 \u20ac m\u00e1s 100 tiradas gratis. Para aprovechar al m\u00e1ximo lo que hay disponible, debes depositar aproximadamente 910 \u20ac. El tercer dep\u00f3sito ofrece un 100 % hasta 500 \u20ac, pero reduce el n\u00famero de tiradas gratis. A\u00fan as\u00ed, duplica tu dinero si depositas la cantidad total.<\/p>\n<p>Cuanto mayor sea tu dep\u00f3sito, m\u00e1s bonificaciones en efectivo y tiradas gratis de Choco Spin recibir\u00e1s. Las ofertas de bienvenida tienen un l\u00edmite de 500 \u20ac por pago, independientemente de la cantidad depositada. Sin embargo, los dep\u00f3sitos m\u00e1s grandes aceleran la acumulaci\u00f3n de puntos de fidelidad, lo que te acerca a los beneficios VIP que, una vez que te califiques, acabar\u00e1n eclipsando los bonos de bienvenida.<\/p>\n<h2>Competiciones y torneos de Chocospin<\/h2>\n<p>Los torneos constituyen una gran parte del panorama de bonificaciones de Chocospin. Las campa\u00f1as regulares y de temporada se superponen constantemente, lo que ofrece a los jugadores competitivos un sinf\u00edn de oportunidades.<\/p>\n<table>\n<tbody>\n<tr>\n<td>Nombre del torneo<\/td>\n<td>Premio en met\u00e1lico<\/td>\n<td>Qu\u00e9 esperar<\/td>\n<\/tr>\n<tr>\n<td>Spinoleague<\/td>\n<td>12.000.000 \u20ac<\/td>\n<td>Una gigantesca competici\u00f3n de Chocospin Casino que abarca todas las tragaperras de los principales proveedores. Se desarrolla en rondas conectadas que duran meses. Tu parte del bote colectivo proviene de superar a la competencia y asegurar una posici\u00f3n alta en la clasificaci\u00f3n.<\/td>\n<\/tr>\n<tr>\n<td>Torneo en vivo<\/td>\n<td>10.000 \u20ac<\/td>\n<td>Una competici\u00f3n m\u00e1s peque\u00f1a exclusiva para los juegos de casino en vivo de Chocospin. El bote se reinicia cada tres d\u00edas, lo que multiplica tus posibilidades de ganar.<\/td>\n<\/tr>\n<\/tbody>\n<\/table>\n<h2>T\u00e9rminos y condiciones de los bonos<\/h2>\n<p>Todas las bonificaciones de Chocospin tienen condiciones que debes cumplir antes de poder retirar cualquier ganancia. Detalles comunes en la mayor\u00eda de las ofertas:<\/p>\n<ul>\n<li>Requisitos de apuesta, que especifican cu\u00e1nto debes apostar antes de poder retirar tus ganancias.<\/li>\n<li>Temporizadores de caducidad, que muestran cu\u00e1nto tiempo tienes antes de que caduque el bono de Choco Spin si no lo utilizas.<\/li>\n<li>Restricciones de juego, que te indican qu\u00e9 t\u00edtulos cuentan realmente para liberar el bono.<\/li>\n<li>Importes m\u00ednimos de dep\u00f3sito, que son necesarios para activar el bono en primer lugar.<\/li>\n<li>L\u00edmites de frecuencia de reclamaci\u00f3n, que controlan la frecuencia con la que puedes reclamar la misma oferta.<\/li>\n<li>Directrices de juego limpio, que impiden que la gente se aproveche del sistema.<\/li>\n<\/ul>\n<p>La bonificaci\u00f3n de bienvenida de Chocospin Casino permanece activa durante siete d\u00edas despu\u00e9s de activarla. Puedes reclamarla una vez despu\u00e9s de registrarte y, a continuaci\u00f3n, cumplir con el requisito de apuesta de 35 veces el importe de la bonificaci\u00f3n. Esto significa que una bonificaci\u00f3n de 500 \u20ac requiere un total de 17.500 \u20ac en apuestas antes de poder retirar nada. Las tragamonedas online cuentan \u00edntegramente para ese total, lo que las convierte en tu opci\u00f3n m\u00e1s r\u00e1pida en comparaci\u00f3n con los juegos de mesa, donde cada apuesta solo contribuye con una peque\u00f1a cantidad.<\/p>\n<h2>Preguntas frecuentes<\/h2>\n<h3>\u00bfCu\u00e1ntas veces tienes que apostar el bono antes de poder retirarlo?<\/h3>\n<p>Depende del bono que hayas obtenido. Cada bono de Chocospin tiene un requisito de apuesta, que te indica cu\u00e1nto debes jugar antes de poder retirar fondos. Esta informaci\u00f3n siempre aparece en los t\u00e9rminos del bono, por lo que sabes de antemano el multiplicador exacto antes de decidir si lo activas. Una vez que hayas cumplido los requisitos de apuesta, las ganancias restantes se pueden retirar.<\/p>\n<h3>\u00bfLas reglas de los torneos y las promociones son diferentes?<\/h3>\n<p>Funcionan de manera diferente. Los torneos de Chocospin se rigen por sus propias reglas, especialmente en lo que respecta a la puntuaci\u00f3n, el reparto de premios y los juegos que cuentan. Las promociones, como los bonos por dep\u00f3sito o los giros gratis, se centran m\u00e1s en los requisitos de apuesta y los l\u00edmites de tiempo. Chocospin Casino separa claramente estas reglas, para que siempre sepas qu\u00e9 condiciones se aplican a tu actividad.<\/p>\n<h3>\u00bfPuedo retirar las ganancias de los bonos al instante?<\/h3>\n<p>Las ganancias de bonos no se desbloquean inmediatamente. Primero, debes cumplir los requisitos de apuesta y, a continuaci\u00f3n, completar el proceso de verificaci\u00f3n si a\u00fan no lo has hecho. Una vez que hayas superado ambos obst\u00e1culos, podr\u00e1s solicitar un retiro utilizando el m\u00e9todo de pago que prefieras, siempre y cuando te mantengas dentro de los l\u00edmites de retiro est\u00e1ndar establecidos por Choco Spin Casino.<\/p>\n<\/div><\/div><\/p>\n","protected":false},"excerpt":{"rendered":"<p>Promociones y bonificaciones de Chocospin El Chocospin bonus sistema ofrece a todos los jugadores espa\u00f1oles la oportunidad de ganar premios en efectivo y tiradas gratis. En el casino se celebran constantemente torneos y loter\u00edas, lo que te da la oportunidad de ganar premios que normalmente no obtendr\u00edas jugando de forma habitual. Qu\u00e9date y asciende en [&hellip;]<\/p>\n","protected":false},"author":1,"featured_media":0,"parent":0,"menu_order":0,"comment_status":"closed","ping_status":"closed","template":"template-builder.php","meta":{"_acf_changed":false,"inline_featured_image":false,"footnotes":""},"class_list":["post-1440","page","type-page","status-publish","hentry"],"acf":[],"yoast_head":"<!-- This site is optimized with the Yoast SEO plugin v27.3 - https:\/\/yoast.com\/product\/yoast-seo-wordpress\/ -->\n<title>Bonuses y promociones - Chocospin \u0421asino<\/title>\n<meta name=\"description\" content=\"Los Choco Spin bonuses incluyen ofertas de bienvenida, bonos por dep\u00f3sito y giros gratis. Los torneos y las recompensas de fidelidad mantienen viva la emoci\u00f3n. Las reglas f\u00e1ciles de entender hacen que cada promoci\u00f3n sea clara y accesible.\" \/>\n<meta name=\"robots\" content=\"index, follow, max-snippet:-1, max-image-preview:large, max-video-preview:-1\" \/>\n<link rel=\"canonical\" href=\"https:\/\/chocospin.org\/es\/bonificacion\/\" \/>\n<meta property=\"og:locale\" content=\"es_ES\" \/>\n<meta property=\"og:type\" content=\"article\" \/>\n<meta property=\"og:title\" content=\"Bonuses y promociones - Chocospin \u0421asino\" \/>\n<meta property=\"og:description\" content=\"Los Choco Spin bonuses incluyen ofertas de bienvenida, bonos por dep\u00f3sito y giros gratis. Los torneos y las recompensas de fidelidad mantienen viva la emoci\u00f3n. Las reglas f\u00e1ciles de entender hacen que cada promoci\u00f3n sea clara y accesible.\" \/>\n<meta property=\"og:url\" content=\"https:\/\/chocospin.org\/es\/bonificacion\/\" \/>\n<meta property=\"og:site_name\" content=\"chocospin\" \/>\n<meta property=\"article:modified_time\" content=\"2026-02-19T14:19:08+00:00\" \/>\n<meta name=\"twitter:card\" content=\"summary_large_image\" \/>\n<meta name=\"twitter:label1\" content=\"Est. reading time\" \/>\n\t<meta name=\"twitter:data1\" content=\"1 minute\" \/>\n<script type=\"application\/ld+json\" class=\"yoast-schema-graph\">{\"@context\":\"https:\\\/\\\/schema.org\",\"@graph\":[{\"@type\":\"WebPage\",\"@id\":\"https:\\\/\\\/chocospin.org\\\/es\\\/bonificacion\\\/\",\"url\":\"https:\\\/\\\/chocospin.org\\\/es\\\/bonificacion\\\/\",\"name\":\"Bonuses y promociones - Chocospin \u0421asino\",\"isPartOf\":{\"@id\":\"https:\\\/\\\/chocospin.org\\\/es\\\/#website\"},\"datePublished\":\"2026-02-19T10:20:53+00:00\",\"dateModified\":\"2026-02-19T14:19:08+00:00\",\"description\":\"Los Choco Spin bonuses incluyen ofertas de bienvenida, bonos por dep\u00f3sito y giros gratis. Los torneos y las recompensas de fidelidad mantienen viva la emoci\u00f3n. Las reglas f\u00e1ciles de entender hacen que cada promoci\u00f3n sea clara y accesible.\",\"breadcrumb\":{\"@id\":\"https:\\\/\\\/chocospin.org\\\/es\\\/bonificacion\\\/#breadcrumb\"},\"inLanguage\":\"es-ES\",\"potentialAction\":[{\"@type\":\"ReadAction\",\"target\":[\"https:\\\/\\\/chocospin.org\\\/es\\\/bonificacion\\\/\"]}]},{\"@type\":\"BreadcrumbList\",\"@id\":\"https:\\\/\\\/chocospin.org\\\/es\\\/bonificacion\\\/#breadcrumb\",\"itemListElement\":[{\"@type\":\"ListItem\",\"position\":1,\"name\":\"Chocospin\",\"item\":\"https:\\\/\\\/chocospin.org\\\/es\\\/\"},{\"@type\":\"ListItem\",\"position\":2,\"name\":\"Bonificaci\u00f3n\"}]},{\"@type\":\"WebSite\",\"@id\":\"https:\\\/\\\/chocospin.org\\\/es\\\/#website\",\"url\":\"https:\\\/\\\/chocospin.org\\\/es\\\/\",\"name\":\"Chocospin\",\"description\":\"\",\"publisher\":{\"@id\":\"https:\\\/\\\/chocospin.org\\\/es\\\/#organization\"},\"potentialAction\":[{\"@type\":\"SearchAction\",\"target\":{\"@type\":\"EntryPoint\",\"urlTemplate\":\"https:\\\/\\\/chocospin.org\\\/es\\\/?s={search_term_string}\"},\"query-input\":{\"@type\":\"PropertyValueSpecification\",\"valueRequired\":true,\"valueName\":\"search_term_string\"}}],\"inLanguage\":\"es-ES\"},{\"@type\":\"Organization\",\"@id\":\"https:\\\/\\\/chocospin.org\\\/es\\\/#organization\",\"name\":\"Chocospin\",\"url\":\"https:\\\/\\\/chocospin.org\\\/es\\\/\",\"logo\":{\"@type\":\"ImageObject\",\"inLanguage\":\"es-ES\",\"@id\":\"https:\\\/\\\/chocospin.org\\\/es\\\/#\\\/schema\\\/logo\\\/image\\\/\",\"url\":\"https:\\\/\\\/chocospin.org\\\/wp-content\\\/uploads\\\/2025\\\/07\\\/80u1FaquEZeR6OUTeJCc.png\",\"contentUrl\":\"https:\\\/\\\/chocospin.org\\\/wp-content\\\/uploads\\\/2025\\\/07\\\/80u1FaquEZeR6OUTeJCc.png\",\"width\":123,\"height\":20,\"caption\":\"Chocospin\"},\"image\":{\"@id\":\"https:\\\/\\\/chocospin.org\\\/es\\\/#\\\/schema\\\/logo\\\/image\\\/\"}}]}<\/script>\n<!-- \/ Yoast SEO plugin. -->","yoast_head_json":{"title":"Bonuses y promociones - Chocospin \u0421asino","description":"Los Choco Spin bonuses incluyen ofertas de bienvenida, bonos por dep\u00f3sito y giros gratis. Los torneos y las recompensas de fidelidad mantienen viva la emoci\u00f3n. Las reglas f\u00e1ciles de entender hacen que cada promoci\u00f3n sea clara y accesible.","robots":{"index":"index","follow":"follow","max-snippet":"max-snippet:-1","max-image-preview":"max-image-preview:large","max-video-preview":"max-video-preview:-1"},"canonical":"https:\/\/chocospin.org\/es\/bonificacion\/","og_locale":"es_ES","og_type":"article","og_title":"Bonuses y promociones - Chocospin \u0421asino","og_description":"Los Choco Spin bonuses incluyen ofertas de bienvenida, bonos por dep\u00f3sito y giros gratis. Los torneos y las recompensas de fidelidad mantienen viva la emoci\u00f3n. Las reglas f\u00e1ciles de entender hacen que cada promoci\u00f3n sea clara y accesible.","og_url":"https:\/\/chocospin.org\/es\/bonificacion\/","og_site_name":"chocospin","article_modified_time":"2026-02-19T14:19:08+00:00","twitter_card":"summary_large_image","twitter_misc":{"Est. reading time":"1 minute"},"schema":{"@context":"https:\/\/schema.org","@graph":[{"@type":"WebPage","@id":"https:\/\/chocospin.org\/es\/bonificacion\/","url":"https:\/\/chocospin.org\/es\/bonificacion\/","name":"Bonuses y promociones - Chocospin \u0421asino","isPartOf":{"@id":"https:\/\/chocospin.org\/es\/#website"},"datePublished":"2026-02-19T10:20:53+00:00","dateModified":"2026-02-19T14:19:08+00:00","description":"Los Choco Spin bonuses incluyen ofertas de bienvenida, bonos por dep\u00f3sito y giros gratis. Los torneos y las recompensas de fidelidad mantienen viva la emoci\u00f3n. Las reglas f\u00e1ciles de entender hacen que cada promoci\u00f3n sea clara y accesible.","breadcrumb":{"@id":"https:\/\/chocospin.org\/es\/bonificacion\/#breadcrumb"},"inLanguage":"es-ES","potentialAction":[{"@type":"ReadAction","target":["https:\/\/chocospin.org\/es\/bonificacion\/"]}]},{"@type":"BreadcrumbList","@id":"https:\/\/chocospin.org\/es\/bonificacion\/#breadcrumb","itemListElement":[{"@type":"ListItem","position":1,"name":"Chocospin","item":"https:\/\/chocospin.org\/es\/"},{"@type":"ListItem","position":2,"name":"Bonificaci\u00f3n"}]},{"@type":"WebSite","@id":"https:\/\/chocospin.org\/es\/#website","url":"https:\/\/chocospin.org\/es\/","name":"Chocospin","description":"","publisher":{"@id":"https:\/\/chocospin.org\/es\/#organization"},"potentialAction":[{"@type":"SearchAction","target":{"@type":"EntryPoint","urlTemplate":"https:\/\/chocospin.org\/es\/?s={search_term_string}"},"query-input":{"@type":"PropertyValueSpecification","valueRequired":true,"valueName":"search_term_string"}}],"inLanguage":"es-ES"},{"@type":"Organization","@id":"https:\/\/chocospin.org\/es\/#organization","name":"Chocospin","url":"https:\/\/chocospin.org\/es\/","logo":{"@type":"ImageObject","inLanguage":"es-ES","@id":"https:\/\/chocospin.org\/es\/#\/schema\/logo\/image\/","url":"https:\/\/chocospin.org\/wp-content\/uploads\/2025\/07\/80u1FaquEZeR6OUTeJCc.png","contentUrl":"https:\/\/chocospin.org\/wp-content\/uploads\/2025\/07\/80u1FaquEZeR6OUTeJCc.png","width":123,"height":20,"caption":"Chocospin"},"image":{"@id":"https:\/\/chocospin.org\/es\/#\/schema\/logo\/image\/"}}]}},"_links":{"self":[{"href":"https:\/\/chocospin.org\/es\/wp-json\/wp\/v2\/pages\/1440","targetHints":{"allow":["GET"]}}],"collection":[{"href":"https:\/\/chocospin.org\/es\/wp-json\/wp\/v2\/pages"}],"about":[{"href":"https:\/\/chocospin.org\/es\/wp-json\/wp\/v2\/types\/page"}],"author":[{"embeddable":true,"href":"https:\/\/chocospin.org\/es\/wp-json\/wp\/v2\/users\/1"}],"replies":[{"embeddable":true,"href":"https:\/\/chocospin.org\/es\/wp-json\/wp\/v2\/comments?post=1440"}],"version-history":[{"count":2,"href":"https:\/\/chocospin.org\/es\/wp-json\/wp\/v2\/pages\/1440\/revisions"}],"predecessor-version":[{"id":1935,"href":"https:\/\/chocospin.org\/es\/wp-json\/wp\/v2\/pages\/1440\/revisions\/1935"}],"wp:attachment":[{"href":"https:\/\/chocospin.org\/es\/wp-json\/wp\/v2\/media?parent=1440"}],"curies":[{"name":"wp","href":"https:\/\/api.w.org\/{rel}","templated":true}]}}