{"id":1426,"date":"2026-02-19T10:07:18","date_gmt":"2026-02-19T10:07:18","guid":{"rendered":"https:\/\/chocospin.org\/app\/"},"modified":"2026-02-19T14:37:43","modified_gmt":"2026-02-19T14:37:43","slug":"aplicacion","status":"publish","type":"page","link":"https:\/\/chocospin.org\/es\/aplicacion\/","title":{"rendered":"Aplicaci\u00f3n"},"content":{"rendered":"<h1>Aplicaci\u00f3n Chocospin en plataformas m\u00f3viles y web<\/h1>\n<p>Con la ayuda de Chocospin App, podr\u00e1s acceder a todo, desde las tragamonedas online de moda hasta las mesas con crupier en vivo, mientras haces cualquier otra cosa. Jackpots progresivos, juegos de mesa, todo el cat\u00e1logo&#8230; Todo funciona mientras vas al trabajo o est\u00e1s en cualquier otro sitio. Funciona en cualquier dispositivo que tengan los jugadores espa\u00f1oles: iOS, Android, incluso tu ordenador Windows o Mac si lo deseas.<\/p>\n<div class=\"banner-wrap\" aria-label=\"Banner\"><img src=\"https:\/\/chocospin.org\/wp-content\/uploads\/2026\/02\/Chocospin-banner-desktop.webp\" class=\"w-100 d-none d-lg-block img-pc main-banner-img\" alt=\"Chocospin banner desktop\" fetchpriority=\"high\" decoding=\"async\"><img src=\"https:\/\/chocospin.org\/wp-content\/uploads\/2026\/02\/Chocospin-Banner-mobile.webp\" class=\"w-100 d-none d-md-block d-lg-none main-banner-img\" alt=\"Chocospin Banner mobile\" fetchpriority=\"high\" decoding=\"async\"><img src=\"https:\/\/chocospin.org\/wp-content\/uploads\/2026\/02\/Chocospin-Banner-mobile.webp\" class=\"w-100 d-md-none\" alt=\"Chocospin Banner mobile\" fetchpriority=\"high\" decoding=\"async\"><div class=\"banner-description\">\n<div class=\"banner-title\">Bonos de bienvenida<\/div>\n<p class=\"banner-header-title\">1500\u20ac<\/p>\n<div class=\"banner-header-AdditionalText\">+ 250 Tiradas gratis<\/div>\n<button data-item=\"homepage_banner_link\" class=\"goto m-button m-gradient-border m-button--primary m-button--large banner-button btn-orange\">\n            <div class=\"m-button-content\">\n                <span>Reg\u00edstrate ahora<\/span>\n                <span><\/span>\n            <\/div>\n        <\/button>\n<\/div>\n<div class=\"WelcomePack\">\n<p><img loading=\"lazy\" decoding=\"async\" class=\"alignnone size-full wp-image-1392\" src=\"https:\/\/chocospin.org\/wp-content\/uploads\/2026\/02\/welcome-crown.png\" alt=\"welcome crown\" width=\"25\" height=\"26\" \/><\/p>\n<div class=\"WelcomePack-Info\">Reembolso semanal de hasta el 25 %<\/div>\n<p><img loading=\"lazy\" decoding=\"async\" class=\"alignnone size-full wp-image-1392\" src=\"https:\/\/chocospin.org\/wp-content\/uploads\/2026\/02\/welcome-crown.png\" alt=\"welcome crown\" width=\"25\" height=\"26\" \/><\/p>\n<\/div>\n<\/div>\n<h2>Caracter\u00edsticas y ventajas de la aplicaci\u00f3n m\u00f3vil Chocospin<\/h2>\n<p>Chocospin Casino ha estructurado la aplicaci\u00f3n como una aplicaci\u00f3n web progresiva. Suena t\u00e9cnico, pero significa un acceso directo inteligente al sitio web. Una vez que la tienes en tu dispositivo Android o iOS, ya no necesitas navegadores; toca el icono y empezar\u00e1s a jugar inmediatamente.<\/p>\n<p>El casino m\u00f3vil Choco Spin refleja todo lo que hay en el sitio web. Las caracter\u00edsticas no desaparecen, las interfaces siguen siendo familiares y nada se reduce a una versi\u00f3n b\u00e1sica. Simplemente est\u00e1 optimizado para las personas que prefieren usar su tel\u00e9fono o tableta en lugar de sentarse frente a un ordenador. Tu experiencia de juego no se ve afectada solo porque tengas una pantalla m\u00e1s peque\u00f1a.<\/p>\n<p>Las ventajas de utilizar la aplicaci\u00f3n Chocospin son:<\/p>\n<ul>\n<li>Ya no est\u00e1s limitado por tu ubicaci\u00f3n. Los juegos ya no te obligan a quedarte en casa. La acci\u00f3n de un casino de calidad te acompa\u00f1a all\u00e1 donde vayas.<\/li>\n<li>El acceso es mucho m\u00e1s r\u00e1pido. Un solo toque desde la pantalla de inicio supera toda la rutina del navegador.<\/li>\n<li>Todo se carga m\u00e1s r\u00e1pido. La PWA almacena en cach\u00e9 los elementos importantes de forma inteligente, por lo que las interfaces de Chocospin Casino aparecen casi al instante.<\/li>\n<li>Las notificaciones ayudan. Si lo permites, la aplicaci\u00f3n Choco Spin te avisa de las nuevas promociones y bonificaciones que se activan.<\/li>\n<li>Algunas acciones funcionan sin conexi\u00f3n. Para consultar la informaci\u00f3n de la cuenta no siempre es necesario tener conexi\u00f3n a Internet, ya que el contenido cargado previamente permanece y es visible a trav\u00e9s de la PWA.<\/li>\n<\/ul>\n<p>Tambi\u00e9n puedes instalar la aplicaci\u00f3n Chocospin en tu ordenador y todo se sincroniza autom\u00e1ticamente entre dispositivos. Empieza a jugar en tu port\u00e1til, contin\u00faa m\u00e1s tarde en tu tel\u00e9fono, cambia a una tableta y tu progreso te seguir\u00e1 sin necesidad de transferencias manuales ni confusiones sobre d\u00f3nde lo dejaste.<\/p>\n<p><div class=\"scrollable-content-wrap my-5\"><div class=\"scrollable-content-inner\"><h2>Aplicaci\u00f3n Choco Spin para iOS<\/h2>\n<p>Las descargas para iPhone y iPad siguen b\u00e1sicamente el mismo sencillo procedimiento. Una vez hecho esto, podr\u00e1s acceder a tu cuenta desde cualquier lugar. Realiza dep\u00f3sitos, gira tragamonedas online, \u00fanete a mesas con crupieres en vivo que se retransmiten desde estudios reales, todo ello mientras te mueves a lo largo del d\u00eda. La experiencia de juego se traduce a iOS de forma fluida, sin que te sientas limitado o como si te estuvieras perdiendo funciones.<\/p>\n<h3>Descarga la aplicaci\u00f3n en iOS<\/h3>\n<ol>\n<li>Abre el sitio web en el navegador de tu m\u00f3vil; Safari es el que mejor funciona en dispositivos iOS.<\/li>\n<li>Entra en la configuraci\u00f3n de tu navegador y busca la opci\u00f3n \u00abA\u00f1adir a la pantalla de inicio\u00bb.<\/li>\n<li>Pulsa el bot\u00f3n de instalaci\u00f3n y espera unos segundos a que aparezca el icono del casino.<\/li>\n<li>Empieza a utilizar la aplicaci\u00f3n Chocospin desde cualquier lugar.<\/li>\n<\/ol>\n<p><img loading=\"lazy\" decoding=\"async\" class=\"alignnone size-full wp-image-1927\" src=\"https:\/\/chocospin.org\/wp-content\/uploads\/2026\/02\/Chocospin-iOS-App.webp\" alt=\"\" width=\"1248\" height=\"536\" srcset=\"https:\/\/chocospin.org\/wp-content\/uploads\/2026\/02\/Chocospin-iOS-App.webp 1248w, https:\/\/chocospin.org\/wp-content\/uploads\/2026\/02\/Chocospin-iOS-App-300x129.webp 300w, https:\/\/chocospin.org\/wp-content\/uploads\/2026\/02\/Chocospin-iOS-App-1024x440.webp 1024w, https:\/\/chocospin.org\/wp-content\/uploads\/2026\/02\/Chocospin-iOS-App-768x330.webp 768w\" sizes=\"auto, (max-width: 1248px) 100vw, 1248px\" \/><\/p>\n<\/div><\/div><div style=\"clear: both\"><\/div><div class=\"d-flex justify-content-center\"><button data-item=\"decouvrez_link\" data-group=\"website_links\" class=\"goto fw-bold rounded-pill btn btn-orange\" aria-label=\"Descarga la aplicaci\u00f3n Chocospin\" >Descarga la aplicaci\u00f3n Chocospin<\/button><\/div><div class=\"scrollable-content-wrap my-5\"><div class=\"scrollable-content-inner\"><h2>Aplicaci\u00f3n m\u00f3vil para dispositivos Android<\/h2>\n<p>Los archivos de paquete de Android sol\u00edan ser la forma est\u00e1ndar de distribuir aplicaciones en Android, pero las aplicaciones web progresivas funcionan mejor para los juegos de casino.<\/p>\n<table>\n<tbody>\n<tr>\n<td>Lo que importa<\/td>\n<td>M\u00e9todo APK antiguo<\/td>\n<td>Aplicaci\u00f3n web progresiva<\/td>\n<\/tr>\n<tr>\n<td>Impacto en el almacenamiento<\/td>\n<td>Consume espacio en tu dispositivo, agota la RAM y acaba con la duraci\u00f3n de la bater\u00eda.<\/td>\n<td>Ocupa muy poco espacio, no consume recursos ni agota la bater\u00eda<\/td>\n<\/tr>\n<tr>\n<td>Mantenerse al d\u00eda<\/td>\n<td>Tienes que descargar manualmente las actualizaciones y reinstalar la aplicaci\u00f3n cuando los desarrolladores introducen cambios<\/td>\n<td>Las actualizaciones se realizan autom\u00e1ticamente mientras duermes o haces cualquier otra cosa<\/td>\n<\/tr>\n<tr>\n<td>De d\u00f3nde proviene<\/td>\n<td>Descargas de recursos dudosos, esperando que no sean poco fiables<\/td>\n<td>Se instala directamente desde el sitio web, sin archivos misteriosos procedentes de rincones aleatorios de Internet<\/td>\n<\/tr>\n<tr>\n<td>Velocidad de apertura<\/td>\n<td>Puede tardar unos segundos, dependiendo de lo pesada que sea la aplicaci\u00f3n<\/td>\n<td>Se abre inmediatamente cada vez sin dudar.<\/td>\n<\/tr>\n<\/tbody>\n<\/table>\n<h3>C\u00f3mo instalar Chocospin<\/h3>\n<p>Instalar la PWA de Chocospin Casino en tu tel\u00e9fono o tableta Android te llevar\u00e1 unos minutos:<\/p>\n<p>En el sitio web de Choco Spin, en el navegador m\u00f3vil que prefieras, pulsa los tres puntos que aparecen en la barra de direcciones del navegador. Busca \u00abA\u00f1adir a la pantalla de inicio\u00bb en ese men\u00fa y pulsa sobre \u00e9l. Confirma la instalaci\u00f3n y ya est\u00e1.<\/p>\n<p>El icono de la aplicaci\u00f3n Chocospin aparecer\u00e1 en tu pantalla pr\u00e1cticamente al instante. T\u00f3calo cuando quieras jugar o echar un vistazo a los detalles de tu cuenta y podr\u00e1s acceder sin necesidad de utilizar el navegador.<\/p>\n<p><img loading=\"lazy\" decoding=\"async\" class=\"alignnone size-full wp-image-1427\" src=\"https:\/\/chocospin.org\/wp-content\/uploads\/2026\/02\/Chocospin-Android-App.webp\" alt=\"\" width=\"1248\" height=\"536\" srcset=\"https:\/\/chocospin.org\/wp-content\/uploads\/2026\/02\/Chocospin-Android-App.webp 1248w, https:\/\/chocospin.org\/wp-content\/uploads\/2026\/02\/Chocospin-Android-App-300x129.webp 300w, https:\/\/chocospin.org\/wp-content\/uploads\/2026\/02\/Chocospin-Android-App-1024x440.webp 1024w, https:\/\/chocospin.org\/wp-content\/uploads\/2026\/02\/Chocospin-Android-App-768x330.webp 768w\" sizes=\"auto, (max-width: 1248px) 100vw, 1248px\" \/><\/p>\n<\/div><\/div><div style=\"clear: both\"><\/div><div class=\"d-flex justify-content-center\"><button data-item=\"decouvrez_link\" data-group=\"website_links\" class=\"goto fw-bold rounded-pill btn btn-orange\" aria-label=\"Descargar Chocospin\" >Descargar Chocospin<\/button><\/div><div class=\"scrollable-content-wrap my-5\"><div class=\"scrollable-content-inner\"><h2>Juega en Windows o Mac<\/h2>\n<p>La aplicaci\u00f3n Chocospin no se limita a tel\u00e9fonos y tabletas. Tambi\u00e9n funciona a la perfecci\u00f3n en ordenadores con Windows o macOS, lo que es ideal para cualquiera que prefiera una pantalla m\u00e1s grande o sesiones m\u00e1s largas en un escritorio. Instalarla en un ordenador de sobremesa ahorra tiempo a largo plazo.<\/p>\n<p>La configuraci\u00f3n es sencilla y no se parece a la instalaci\u00f3n de un software tradicional. Una vez a\u00f1adido, el icono de Chocospin Casino aparece en tu escritorio como cualquier otra aplicaci\u00f3n. Desde all\u00ed, el acceso es instant\u00e1neo. Esta opci\u00f3n tiene sentido si cambias a menudo de dispositivo, ya que todo permanece sincronizado. Puedes iniciar una sesi\u00f3n en tu ordenador port\u00e1til y continuar m\u00e1s tarde en tu tel\u00e9fono sin perder el control de tus saldos, bonificaciones o actividad reciente.<\/p>\n<h3>Diferencia entre las versiones para PC y m\u00f3vil de la aplicaci\u00f3n<\/h3>\n<p>Las versiones de escritorio y m\u00f3vil de la aplicaci\u00f3n Chocospin solo difieren en comodidad y en c\u00f3mo las utilizas. Ambas te ofrecen un acceso id\u00e9ntico: las mismas tragamonedas en l\u00ednea, juegos con crupier en vivo, herramientas de cuenta y todo el proceso de verificaci\u00f3n. Nada queda bloqueado u oculto en funci\u00f3n del dispositivo que utilices.<\/p>\n<p>La versi\u00f3n de escritorio es ideal para sesiones en las que te sientes c\u00f3modo, o cuando quieres leer las reglas del juego sin tener que entrecerrar los ojos, o hacer varias cosas a la vez, como desplazarte por los juegos mientras chateas con el servicio de asistencia. La versi\u00f3n m\u00f3vil destaca por su velocidad y flexibilidad, y se adapta perfectamente a esos momentos de tiempo libre que surgen de forma aleatoria.<\/p>\n<p><img loading=\"lazy\" decoding=\"async\" class=\"alignnone size-full wp-image-1926\" src=\"https:\/\/chocospin.org\/wp-content\/uploads\/2026\/02\/Chocospin-Desktop.webp\" alt=\"\" width=\"1248\" height=\"536\" srcset=\"https:\/\/chocospin.org\/wp-content\/uploads\/2026\/02\/Chocospin-Desktop.webp 1248w, https:\/\/chocospin.org\/wp-content\/uploads\/2026\/02\/Chocospin-Desktop-300x129.webp 300w, https:\/\/chocospin.org\/wp-content\/uploads\/2026\/02\/Chocospin-Desktop-1024x440.webp 1024w, https:\/\/chocospin.org\/wp-content\/uploads\/2026\/02\/Chocospin-Desktop-768x330.webp 768w\" sizes=\"auto, (max-width: 1248px) 100vw, 1248px\" \/><\/p>\n<\/div><\/div><div style=\"clear: both\"><\/div><div class=\"d-flex justify-content-center\"><button data-item=\"decouvrez_link\" data-group=\"website_links\" class=\"goto fw-bold rounded-pill btn btn-orange\" aria-label=\"Descarga la aplicaci\u00f3n Chocospin\" >Descarga la aplicaci\u00f3n Chocospin<\/button><\/div><div class=\"scrollable-content-wrap my-5\"><div class=\"scrollable-content-inner\"><h2>Preguntas frecuentes<\/h2>\n<h3>\u00bfLa aplicaci\u00f3n Choco Spin es la misma en dispositivos Android e iOS?<\/h3>\n<p>La experiencia es la misma en ambas plataformas. El dise\u00f1o de Chocospin se ajusta ligeramente para adaptarse a cada sistema, pero los juegos, los pagos, el chat en vivo y el equipo de asistencia est\u00e1n disponibles exactamente de la misma manera.<\/p>\n<h3>\u00bfCu\u00e1les son las ventajas y desventajas de jugar en un dispositivo m\u00f3vil frente a un PC?<\/h3>\n<p>El juego m\u00f3vil de Chocospin es m\u00e1s r\u00e1pido de acceder y m\u00e1s f\u00e1cil cuando est\u00e1s lejos de tu ordenador. El juego en PC ofrece m\u00e1s espacio en la pantalla y comodidad para sesiones m\u00e1s largas. Chocospin Casino no cambia las caracter\u00edsticas entre dispositivos, por lo que se trata principalmente de qu\u00e9 formato se adapta mejor a tu rutina.<\/p>\n<h3>\u00bfPuedo iniciar sesi\u00f3n en la aplicaci\u00f3n Choco Spin con la misma cuenta?<\/h3>\n<p>S\u00ed, una cuenta funciona en todas partes. Puedes utilizar los mismos datos de inicio de sesi\u00f3n en el m\u00f3vil y en el ordenador, y todo se sincroniza autom\u00e1ticamente. El proceso de verificaci\u00f3n tambi\u00e9n se aplica por igual, independientemente del dispositivo desde el que elijas subir los documentos.<\/p>\n<\/div><\/div><\/p>\n","protected":false},"excerpt":{"rendered":"<p>Aplicaci\u00f3n Chocospin en plataformas m\u00f3viles y web Con la ayuda de Chocospin App, podr\u00e1s acceder a todo, desde las tragamonedas online de moda hasta las mesas con crupier en vivo, mientras haces cualquier otra cosa. Jackpots progresivos, juegos de mesa, todo el cat\u00e1logo&#8230; Todo funciona mientras vas al trabajo o est\u00e1s en cualquier otro sitio. [&hellip;]<\/p>\n","protected":false},"author":1,"featured_media":0,"parent":0,"menu_order":0,"comment_status":"closed","ping_status":"closed","template":"template-builder.php","meta":{"_acf_changed":false,"inline_featured_image":false,"footnotes":""},"class_list":["post-1426","page","type-page","status-publish","hentry"],"acf":[],"yoast_head":"<!-- This site is optimized with the Yoast SEO plugin v27.3 - https:\/\/yoast.com\/product\/yoast-seo-wordpress\/ -->\n<title>Chocospin App | Descarga para iOS y Android<\/title>\n<meta name=\"description\" content=\"La Choco Spin App te trae miles de juegos directamente a tu smartphone o tablet con un dise\u00f1o fluido y responsivo. La sincronizaci\u00f3n de cuentas te garantiza que nunca te perder\u00e1s un giro o bono, y los pagos son seguros en todo momento.\" \/>\n<meta name=\"robots\" content=\"index, follow, max-snippet:-1, max-image-preview:large, max-video-preview:-1\" \/>\n<link rel=\"canonical\" href=\"https:\/\/chocospin.org\/es\/aplicacion\/\" \/>\n<meta property=\"og:locale\" content=\"es_ES\" \/>\n<meta property=\"og:type\" content=\"article\" \/>\n<meta property=\"og:title\" content=\"Chocospin App | Descarga para iOS y Android\" \/>\n<meta property=\"og:description\" content=\"La Choco Spin App te trae miles de juegos directamente a tu smartphone o tablet con un dise\u00f1o fluido y responsivo. La sincronizaci\u00f3n de cuentas te garantiza que nunca te perder\u00e1s un giro o bono, y los pagos son seguros en todo momento.\" \/>\n<meta property=\"og:url\" content=\"https:\/\/chocospin.org\/es\/aplicacion\/\" \/>\n<meta property=\"og:site_name\" content=\"chocospin\" \/>\n<meta property=\"article:modified_time\" content=\"2026-02-19T14:37:43+00:00\" \/>\n<meta name=\"twitter:card\" content=\"summary_large_image\" \/>\n<meta name=\"twitter:label1\" content=\"Est. reading time\" \/>\n\t<meta name=\"twitter:data1\" content=\"2 minutes\" \/>\n<script type=\"application\/ld+json\" class=\"yoast-schema-graph\">{\"@context\":\"https:\\\/\\\/schema.org\",\"@graph\":[{\"@type\":\"WebPage\",\"@id\":\"https:\\\/\\\/chocospin.org\\\/es\\\/aplicacion\\\/\",\"url\":\"https:\\\/\\\/chocospin.org\\\/es\\\/aplicacion\\\/\",\"name\":\"Chocospin App | Descarga para iOS y Android\",\"isPartOf\":{\"@id\":\"https:\\\/\\\/chocospin.org\\\/es\\\/#website\"},\"datePublished\":\"2026-02-19T10:07:18+00:00\",\"dateModified\":\"2026-02-19T14:37:43+00:00\",\"description\":\"La Choco Spin App te trae miles de juegos directamente a tu smartphone o tablet con un dise\u00f1o fluido y responsivo. La sincronizaci\u00f3n de cuentas te garantiza que nunca te perder\u00e1s un giro o bono, y los pagos son seguros en todo momento.\",\"breadcrumb\":{\"@id\":\"https:\\\/\\\/chocospin.org\\\/es\\\/aplicacion\\\/#breadcrumb\"},\"inLanguage\":\"es-ES\",\"potentialAction\":[{\"@type\":\"ReadAction\",\"target\":[\"https:\\\/\\\/chocospin.org\\\/es\\\/aplicacion\\\/\"]}]},{\"@type\":\"BreadcrumbList\",\"@id\":\"https:\\\/\\\/chocospin.org\\\/es\\\/aplicacion\\\/#breadcrumb\",\"itemListElement\":[{\"@type\":\"ListItem\",\"position\":1,\"name\":\"Chocospin\",\"item\":\"https:\\\/\\\/chocospin.org\\\/es\\\/\"},{\"@type\":\"ListItem\",\"position\":2,\"name\":\"Aplicaci\u00f3n\"}]},{\"@type\":\"WebSite\",\"@id\":\"https:\\\/\\\/chocospin.org\\\/es\\\/#website\",\"url\":\"https:\\\/\\\/chocospin.org\\\/es\\\/\",\"name\":\"Chocospin\",\"description\":\"\",\"publisher\":{\"@id\":\"https:\\\/\\\/chocospin.org\\\/es\\\/#organization\"},\"potentialAction\":[{\"@type\":\"SearchAction\",\"target\":{\"@type\":\"EntryPoint\",\"urlTemplate\":\"https:\\\/\\\/chocospin.org\\\/es\\\/?s={search_term_string}\"},\"query-input\":{\"@type\":\"PropertyValueSpecification\",\"valueRequired\":true,\"valueName\":\"search_term_string\"}}],\"inLanguage\":\"es-ES\"},{\"@type\":\"Organization\",\"@id\":\"https:\\\/\\\/chocospin.org\\\/es\\\/#organization\",\"name\":\"Chocospin\",\"url\":\"https:\\\/\\\/chocospin.org\\\/es\\\/\",\"logo\":{\"@type\":\"ImageObject\",\"inLanguage\":\"es-ES\",\"@id\":\"https:\\\/\\\/chocospin.org\\\/es\\\/#\\\/schema\\\/logo\\\/image\\\/\",\"url\":\"https:\\\/\\\/chocospin.org\\\/wp-content\\\/uploads\\\/2025\\\/07\\\/80u1FaquEZeR6OUTeJCc.png\",\"contentUrl\":\"https:\\\/\\\/chocospin.org\\\/wp-content\\\/uploads\\\/2025\\\/07\\\/80u1FaquEZeR6OUTeJCc.png\",\"width\":123,\"height\":20,\"caption\":\"Chocospin\"},\"image\":{\"@id\":\"https:\\\/\\\/chocospin.org\\\/es\\\/#\\\/schema\\\/logo\\\/image\\\/\"}}]}<\/script>\n<!-- \/ Yoast SEO plugin. -->","yoast_head_json":{"title":"Chocospin App | Descarga para iOS y Android","description":"La Choco Spin App te trae miles de juegos directamente a tu smartphone o tablet con un dise\u00f1o fluido y responsivo. La sincronizaci\u00f3n de cuentas te garantiza que nunca te perder\u00e1s un giro o bono, y los pagos son seguros en todo momento.","robots":{"index":"index","follow":"follow","max-snippet":"max-snippet:-1","max-image-preview":"max-image-preview:large","max-video-preview":"max-video-preview:-1"},"canonical":"https:\/\/chocospin.org\/es\/aplicacion\/","og_locale":"es_ES","og_type":"article","og_title":"Chocospin App | Descarga para iOS y Android","og_description":"La Choco Spin App te trae miles de juegos directamente a tu smartphone o tablet con un dise\u00f1o fluido y responsivo. La sincronizaci\u00f3n de cuentas te garantiza que nunca te perder\u00e1s un giro o bono, y los pagos son seguros en todo momento.","og_url":"https:\/\/chocospin.org\/es\/aplicacion\/","og_site_name":"chocospin","article_modified_time":"2026-02-19T14:37:43+00:00","twitter_card":"summary_large_image","twitter_misc":{"Est. reading time":"2 minutes"},"schema":{"@context":"https:\/\/schema.org","@graph":[{"@type":"WebPage","@id":"https:\/\/chocospin.org\/es\/aplicacion\/","url":"https:\/\/chocospin.org\/es\/aplicacion\/","name":"Chocospin App | Descarga para iOS y Android","isPartOf":{"@id":"https:\/\/chocospin.org\/es\/#website"},"datePublished":"2026-02-19T10:07:18+00:00","dateModified":"2026-02-19T14:37:43+00:00","description":"La Choco Spin App te trae miles de juegos directamente a tu smartphone o tablet con un dise\u00f1o fluido y responsivo. La sincronizaci\u00f3n de cuentas te garantiza que nunca te perder\u00e1s un giro o bono, y los pagos son seguros en todo momento.","breadcrumb":{"@id":"https:\/\/chocospin.org\/es\/aplicacion\/#breadcrumb"},"inLanguage":"es-ES","potentialAction":[{"@type":"ReadAction","target":["https:\/\/chocospin.org\/es\/aplicacion\/"]}]},{"@type":"BreadcrumbList","@id":"https:\/\/chocospin.org\/es\/aplicacion\/#breadcrumb","itemListElement":[{"@type":"ListItem","position":1,"name":"Chocospin","item":"https:\/\/chocospin.org\/es\/"},{"@type":"ListItem","position":2,"name":"Aplicaci\u00f3n"}]},{"@type":"WebSite","@id":"https:\/\/chocospin.org\/es\/#website","url":"https:\/\/chocospin.org\/es\/","name":"Chocospin","description":"","publisher":{"@id":"https:\/\/chocospin.org\/es\/#organization"},"potentialAction":[{"@type":"SearchAction","target":{"@type":"EntryPoint","urlTemplate":"https:\/\/chocospin.org\/es\/?s={search_term_string}"},"query-input":{"@type":"PropertyValueSpecification","valueRequired":true,"valueName":"search_term_string"}}],"inLanguage":"es-ES"},{"@type":"Organization","@id":"https:\/\/chocospin.org\/es\/#organization","name":"Chocospin","url":"https:\/\/chocospin.org\/es\/","logo":{"@type":"ImageObject","inLanguage":"es-ES","@id":"https:\/\/chocospin.org\/es\/#\/schema\/logo\/image\/","url":"https:\/\/chocospin.org\/wp-content\/uploads\/2025\/07\/80u1FaquEZeR6OUTeJCc.png","contentUrl":"https:\/\/chocospin.org\/wp-content\/uploads\/2025\/07\/80u1FaquEZeR6OUTeJCc.png","width":123,"height":20,"caption":"Chocospin"},"image":{"@id":"https:\/\/chocospin.org\/es\/#\/schema\/logo\/image\/"}}]}},"_links":{"self":[{"href":"https:\/\/chocospin.org\/es\/wp-json\/wp\/v2\/pages\/1426","targetHints":{"allow":["GET"]}}],"collection":[{"href":"https:\/\/chocospin.org\/es\/wp-json\/wp\/v2\/pages"}],"about":[{"href":"https:\/\/chocospin.org\/es\/wp-json\/wp\/v2\/types\/page"}],"author":[{"embeddable":true,"href":"https:\/\/chocospin.org\/es\/wp-json\/wp\/v2\/users\/1"}],"replies":[{"embeddable":true,"href":"https:\/\/chocospin.org\/es\/wp-json\/wp\/v2\/comments?post=1426"}],"version-history":[{"count":3,"href":"https:\/\/chocospin.org\/es\/wp-json\/wp\/v2\/pages\/1426\/revisions"}],"predecessor-version":[{"id":1952,"href":"https:\/\/chocospin.org\/es\/wp-json\/wp\/v2\/pages\/1426\/revisions\/1952"}],"wp:attachment":[{"href":"https:\/\/chocospin.org\/es\/wp-json\/wp\/v2\/media?parent=1426"}],"curies":[{"name":"wp","href":"https:\/\/api.w.org\/{rel}","templated":true}]}}