{"id":1432,"date":"2026-02-19T10:20:53","date_gmt":"2026-02-19T10:20:53","guid":{"rendered":"https:\/\/chocospin.org\/bonus\/"},"modified":"2026-02-19T12:50:22","modified_gmt":"2026-02-19T12:50:22","slug":"aktionen","status":"publish","type":"page","link":"https:\/\/chocospin.org\/de\/aktionen\/","title":{"rendered":"Aktionen"},"content":{"rendered":"<h1>Chocospin-Aktionen und Boni<\/h1>\n<p>Das Chocospin Bonus System gibt jedem Spieler die Chance, Geldpreise und Freispiele zu gewinnen. Im Casino finden st\u00e4ndig Turniere und Lotterien statt, bei denen Sie Preise gewinnen k\u00f6nnen, die Sie normalerweise beim regul\u00e4ren Spiel nicht erhalten w\u00fcrden. Bleiben Sie dabei und steigen Sie im Treueprogramm auf, wo die Vorteile wirklich betr\u00e4chtlich werden.<\/p>\n<p><div class=\"banner-wrap\" aria-label=\"Banner\"><img src=\"https:\/\/chocospin.org\/wp-content\/uploads\/2026\/02\/Chocospin-banner-desktop.webp\" class=\"w-100 d-none d-lg-block img-pc main-banner-img\" alt=\"Chocospin banner desktop\" fetchpriority=\"high\" decoding=\"async\"><img src=\"https:\/\/chocospin.org\/wp-content\/uploads\/2026\/02\/Chocospin-Banner-mobile.webp\" class=\"w-100 d-none d-md-block d-lg-none main-banner-img\" alt=\"Chocospin Banner mobile\" fetchpriority=\"high\" decoding=\"async\"><img src=\"https:\/\/chocospin.org\/wp-content\/uploads\/2026\/02\/Chocospin-Banner-mobile.webp\" class=\"w-100 d-md-none\" alt=\"Chocospin Banner mobile\" fetchpriority=\"high\" decoding=\"async\"><div class=\"banner-description\">\n<div class=\"banner-title\">Willkommensboni<\/div>\n<p class=\"banner-header-title\">1500\u20ac<\/p>\n<div class=\"banner-header-AdditionalText\">+ 250 Freispiele<\/div>\n<button data-item=\"homepage_banner_link\" class=\"goto m-button m-gradient-border m-button--primary m-button--large banner-button btn-orange\">\n            <div class=\"m-button-content\">\n                <span>Jetzt anmelden<\/span>\n                <span><\/span>\n            <\/div>\n        <\/button>\n<\/div>\n<div class=\"WelcomePack\">\n<p><img loading=\"lazy\" decoding=\"async\" class=\"alignnone size-full wp-image-1392\" src=\"https:\/\/chocospin.org\/wp-content\/uploads\/2026\/02\/welcome-crown.png\" alt=\"welcome crown\" width=\"25\" height=\"26\" \/><\/p>\n<div class=\"WelcomePack-Info\">W\u00f6chentlicher Cashback von bis zu 25 %<\/div>\n<p><img loading=\"lazy\" decoding=\"async\" class=\"alignnone size-full wp-image-1392\" src=\"https:\/\/chocospin.org\/wp-content\/uploads\/2026\/02\/welcome-crown.png\" alt=\"welcome crown\" width=\"25\" height=\"26\" \/><\/p>\n<\/div>\n<\/div><div class=\"promotions-wrap\"><div class=\"promotion-card\" style=\"background-image: url(https:\/\/chocospin.org\/wp-content\/uploads\/2026\/02\/First-deposit.webp);\"><h2 class=\"promotion-card__title\">Ersteinzahlungsbonus<\/h2><label class=\"promotion-card__offer\">100 % bis zu 500 \u20ac + 150 Freispiele<\/label><label class=\"promotion-card__description\"><\/label><div class=\"promotion-card__actions\"><button data-item=\"payments_link\" data-group=\"website_links\" class=\"goto btn btn-orange rounded-pill fw-bold px-4 m-button m-gradient-border m-button--primary m-button--large promotion-button promotion-card__action-btn\" aria-label=\"Anmelden\"><div class=\"m-button-content\"><span class=\"promotion-button__content\">Anmelden<\/span><\/div><\/button><button data-item=\"http:\/\/bonus_link\" data-group=\"website_links\" class=\"goto m-button m-gradient-border m-button--secondary m-button--medium promotion-card__info-btn\" aria-label=\"More information\"><div class=\"m-button-content\"><svg viewBox=\"0 0 24 24\" fill=\"none\" xmlns=\"http:\/\/www.w3.org\/2000\/svg\" class=\"m-icon m-icon-loadable\" name=\"Attention\" loading=\"false\" aria-hidden=\"true\"><path d=\"M12 22C6.477 22 2 17.522 2 12S6.477 2 12 2s10 4.478 10 10-4.477 10-10 10m-.002-13.004a.999.999 0 1 0 0-1.997.999.999 0 0 0 0 1.997M12 17a1 1 0 0 0 .993-.884L13 16l-.002-5.001-.007-.117a1 1 0 0 0-1.986 0l-.007.117L11 16l.007.117A1 1 0 0 0 12 17\" fill=\"currentColor\"><\/path><\/svg><\/div><\/button><\/div><\/div><div class=\"promotion-card\" style=\"background-image: url(https:\/\/chocospin.org\/wp-content\/uploads\/2026\/02\/Second-deposit.webp);\"><h2 class=\"promotion-card__title\">Zweiter Einzahlungsbonus<\/h2><label class=\"promotion-card__offer\">55 % bis zu 500 \u20ac + 100 Freispiele<\/label><label class=\"promotion-card__description\"><\/label><div class=\"promotion-card__actions\"><button data-item=\"payments_link\" data-group=\"website_links\" class=\"goto btn btn-orange rounded-pill fw-bold px-4 m-button m-gradient-border m-button--primary m-button--large promotion-button promotion-card__action-btn\" aria-label=\"Anmelden\"><div class=\"m-button-content\"><span class=\"promotion-button__content\">Anmelden<\/span><\/div><\/button><button data-item=\"http:\/\/bonus_link\" data-group=\"website_links\" class=\"goto m-button m-gradient-border m-button--secondary m-button--medium promotion-card__info-btn\" aria-label=\"More information\"><div class=\"m-button-content\"><svg viewBox=\"0 0 24 24\" fill=\"none\" xmlns=\"http:\/\/www.w3.org\/2000\/svg\" class=\"m-icon m-icon-loadable\" name=\"Attention\" loading=\"false\" aria-hidden=\"true\"><path d=\"M12 22C6.477 22 2 17.522 2 12S6.477 2 12 2s10 4.478 10 10-4.477 10-10 10m-.002-13.004a.999.999 0 1 0 0-1.997.999.999 0 0 0 0 1.997M12 17a1 1 0 0 0 .993-.884L13 16l-.002-5.001-.007-.117a1 1 0 0 0-1.986 0l-.007.117L11 16l.007.117A1 1 0 0 0 12 17\" fill=\"currentColor\"><\/path><\/svg><\/div><\/button><\/div><\/div><div class=\"promotion-card\" style=\"background-image: url(https:\/\/chocospin.org\/wp-content\/uploads\/2026\/02\/Third-deposit.webp);\"><h2 class=\"promotion-card__title\">Dritter Einzahlungsbonus<\/h2><label class=\"promotion-card__offer\">100 % bis zu 500 \u20ac<\/label><label class=\"promotion-card__description\"><\/label><div class=\"promotion-card__actions\"><button data-item=\"payments_link\" data-group=\"website_links\" class=\"goto btn btn-orange rounded-pill fw-bold px-4 m-button m-gradient-border m-button--primary m-button--large promotion-button promotion-card__action-btn\" aria-label=\"Anmelden\"><div class=\"m-button-content\"><span class=\"promotion-button__content\">Anmelden<\/span><\/div><\/button><button data-item=\"http:\/\/bonus_link\" data-group=\"website_links\" class=\"goto m-button m-gradient-border m-button--secondary m-button--medium promotion-card__info-btn\" aria-label=\"More information\"><div class=\"m-button-content\"><svg viewBox=\"0 0 24 24\" fill=\"none\" xmlns=\"http:\/\/www.w3.org\/2000\/svg\" class=\"m-icon m-icon-loadable\" name=\"Attention\" loading=\"false\" aria-hidden=\"true\"><path d=\"M12 22C6.477 22 2 17.522 2 12S6.477 2 12 2s10 4.478 10 10-4.477 10-10 10m-.002-13.004a.999.999 0 1 0 0-1.997.999.999 0 0 0 0 1.997M12 17a1 1 0 0 0 .993-.884L13 16l-.002-5.001-.007-.117a1 1 0 0 0-1.986 0l-.007.117L11 16l.007.117A1 1 0 0 0 12 17\" fill=\"currentColor\"><\/path><\/svg><\/div><\/button><\/div><\/div><div class=\"promotion-card\" style=\"background-image: url(https:\/\/chocospin.org\/wp-content\/uploads\/2026\/02\/Cashback.webp);\"><h2 class=\"promotion-card__title\">W\u00f6chentlicher Cashback<\/h2><label class=\"promotion-card__offer\">bis zu 25 %<\/label><label class=\"promotion-card__description\"><\/label><div class=\"promotion-card__actions\"><button data-item=\"payments_link\" data-group=\"website_links\" class=\"goto btn btn-orange rounded-pill fw-bold px-4 m-button m-gradient-border m-button--primary m-button--large promotion-button promotion-card__action-btn\" aria-label=\"Anmelden\"><div class=\"m-button-content\"><span class=\"promotion-button__content\">Anmelden<\/span><\/div><\/button><button data-item=\"http:\/\/bonus_link\" data-group=\"website_links\" class=\"goto m-button m-gradient-border m-button--secondary m-button--medium promotion-card__info-btn\" aria-label=\"More information\"><div class=\"m-button-content\"><svg viewBox=\"0 0 24 24\" fill=\"none\" xmlns=\"http:\/\/www.w3.org\/2000\/svg\" class=\"m-icon m-icon-loadable\" name=\"Attention\" loading=\"false\" aria-hidden=\"true\"><path d=\"M12 22C6.477 22 2 17.522 2 12S6.477 2 12 2s10 4.478 10 10-4.477 10-10 10m-.002-13.004a.999.999 0 1 0 0-1.997.999.999 0 0 0 0 1.997M12 17a1 1 0 0 0 .993-.884L13 16l-.002-5.001-.007-.117a1 1 0 0 0-1.986 0l-.007.117L11 16l.007.117A1 1 0 0 0 12 17\" fill=\"currentColor\"><\/path><\/svg><\/div><\/button><\/div><\/div><div class=\"promotion-card\" style=\"background-image: url(https:\/\/chocospin.org\/wp-content\/uploads\/2026\/02\/Sunday-reload.webp);\"><h2 class=\"promotion-card__title\">Sonntag-Reload<\/h2><label class=\"promotion-card__offer\">25 % bis zu 100 \u20ac<\/label><label class=\"promotion-card__description\"><\/label><div class=\"promotion-card__actions\"><button data-item=\"payments_link\" data-group=\"website_links\" class=\"goto btn btn-orange rounded-pill fw-bold px-4 m-button m-gradient-border m-button--primary m-button--large promotion-button promotion-card__action-btn\" aria-label=\"Anmelden\"><div class=\"m-button-content\"><span class=\"promotion-button__content\">Anmelden<\/span><\/div><\/button><button data-item=\"http:\/\/bonus_link\" data-group=\"website_links\" class=\"goto m-button m-gradient-border m-button--secondary m-button--medium promotion-card__info-btn\" aria-label=\"More information\"><div class=\"m-button-content\"><svg viewBox=\"0 0 24 24\" fill=\"none\" xmlns=\"http:\/\/www.w3.org\/2000\/svg\" class=\"m-icon m-icon-loadable\" name=\"Attention\" loading=\"false\" aria-hidden=\"true\"><path d=\"M12 22C6.477 22 2 17.522 2 12S6.477 2 12 2s10 4.478 10 10-4.477 10-10 10m-.002-13.004a.999.999 0 1 0 0-1.997.999.999 0 0 0 0 1.997M12 17a1 1 0 0 0 .993-.884L13 16l-.002-5.001-.007-.117a1 1 0 0 0-1.986 0l-.007.117L11 16l.007.117A1 1 0 0 0 12 17\" fill=\"currentColor\"><\/path><\/svg><\/div><\/button><\/div><\/div><\/div><div class=\"scrollable-content-wrap my-5\"><div class=\"scrollable-content-inner\"><h2>Bonusoptionen f\u00fcr jeden Spieler<\/h2>\n<p>Choco Spin Casino bietet allen Spielern Aktionen an. Das Willkommensangebot hat einen Wert von bis zu 1.500 \u20ac plus 250 Freispiele und bietet Ihnen zahlreiche M\u00f6glichkeiten, die Spielbibliothek mit Bonusgeld zu erkunden. \u00dcber dieses Startpaket hinaus erhalten Sie bei laufenden Aktionen einen Teil Ihrer Spielinvestitionen zur\u00fcck, wodurch unvermeidliche Durststrecken abgefedert werden.<\/p>\n<ul>\n<li>Mit dem w\u00f6chentlichen Cashback erhalten Sie einen Prozentsatz Ihrer Verluste aus Spielsitzungen zur\u00fcck, in denen nichts geklappt hat, was den finanziellen Schlag abfedert.<\/li>\n<li>Sunday Reload erg\u00e4nzt Ihre Einzahlungen am Wochenende, sodass Sie nicht nur mit dem spielen, was Sie eingezahlt haben.<\/li>\n<\/ul>\n<p>Turniere und Lotterien bei Chocospin vervielfachen Ihre Gewinnchancen \u00fcber das hinaus, was das normale Spiel bietet. Die Kampagnen finden sowohl bei Online-Slots als auch an Live-Dealer-Tischen statt und geben Ihnen die Chance, riesige Preispools zu gewinnen, indem Sie einfach die Spiele spielen, die Sie ohnehin spielen w\u00fcrden. Wenn Sie eine Einzahlung t\u00e4tigen, erscheint ein Gl\u00fccksrad \u2013 drehen Sie es f\u00fcr Bonusrunden, Freispiele und andere zuf\u00e4llige Verg\u00fcnstigungen.<\/p>\n<p>Das Treueprogramm belohnt Loyalit\u00e4t. Es gibt vier Stufen im System, wobei h\u00f6here Stufen VIP-Vorteile f\u00fcr Stammkunden von Chocospin Casino bieten, die Ihr Erlebnis wirklich ver\u00e4ndern werden. Weekly Rakeback ist ein Beispiel daf\u00fcr, was Sie freischalten k\u00f6nnen, wenn Sie die Spitze erreichen. Um dorthin zu gelangen, sind erhebliche Einzahlungen und ein betr\u00e4chtliches Wettvolumen erforderlich.<\/p>\n<h2>Choco Spin Willkommensangebot<\/h2>\n<p>Neue Mitglieder erhalten einen speziellen Chocospin Bonus. Insgesamt 1.500 \u20ac plus 250 Freispiele werden auf Ihre ersten drei Einzahlungen verteilt.<\/p>\n<p>Die erste Einzahlung wird mit 100 % bis zu 500 \u20ac plus 150 Freispielen verg\u00fctet \u2013 wenn Sie die vollen 500 \u20ac einzahlen, haben Sie sofort 1.000 \u20ac zum Spielen zur Verf\u00fcgung. Die zweite Einzahlung wird mit 55 % bis zu 500 \u20ac plus 100 Freispielen verg\u00fctet. Um das Maximum herauszuholen, m\u00fcssen Sie etwa 910 \u20ac einzahlen. Die dritte Einzahlung bietet 100 % bis zu 500 \u20ac, reduziert jedoch die Anzahl der Freispiele. Wenn Sie den vollen Betrag einzahlen, verdoppelt sich Ihr Geld dennoch.<\/p>\n<p>Je h\u00f6her Ihre Einzahlung, desto mehr Choco Spin Bonusgeld und Freispiele erhalten Sie. Willkommensangebote sind auf 500 \u20ac pro Zahlung begrenzt, unabh\u00e4ngig vom eingezahlten Betrag. Gr\u00f6\u00dfere Einzahlungen beschleunigen jedoch das Sammeln von Treuepunkten und bringen Sie n\u00e4her an VIP-Vorteile, die schlie\u00dflich die Willkommensboni in den Schatten stellen, sobald Sie sich qualifiziert haben.<\/p>\n<h2>Chocospin-Wettbewerbe und Turniere<\/h2>\n<p>Turniere machen einen gro\u00dfen Teil der Chocospin Bonuslandschaft aus. Regelm\u00e4\u00dfige und saisonale Kampagnen \u00fcberschneiden sich st\u00e4ndig und bieten wettbewerbsorientierten Spielern endlose M\u00f6glichkeiten.<\/p>\n<table>\n<tbody>\n<tr>\n<td>Turniername<\/td>\n<td>Preisgeld<\/td>\n<td>Was Sie erwartet<\/td>\n<\/tr>\n<tr>\n<td>Spinoleague<\/td>\n<td>12.000.000 \u20ac<\/td>\n<td>Ein gigantischer Chocospin Casino-Wettbewerb, der alle Slots eines gro\u00dfen Anbieters umfasst. Er l\u00e4uft \u00fcber mehrere Monate hinweg in aufeinanderfolgenden Runden. Ihr Anteil am gemeinsamen Preispool h\u00e4ngt davon ab, wie gut Sie im Vergleich zu Ihren Mitbewerbern abschneiden und welchen Platz Sie in der Rangliste erreichen.<\/td>\n<\/tr>\n<tr>\n<td>Live-Turnier<\/td>\n<td>10.000 \u20ac<\/td>\n<td>Ein kleinerer Wettbewerb, der ausschlie\u00dflich auf Chocospin Live-Casinospiele beschr\u00e4nkt ist. Der Preispool wird alle drei Tage zur\u00fcckgesetzt, wodurch sich Ihre Gewinnchancen vervielfachen.<\/td>\n<\/tr>\n<\/tbody>\n<\/table>\n<h2>Bonusbedingungen<\/h2>\n<p>Jeder Chocospin Bonus ist mit Bedingungen verbunden, die Sie erf\u00fcllen m\u00fcssen, bevor Sie Gewinne auszahlen lassen k\u00f6nnen. Gemeinsame Details f\u00fcr die meisten Angebote:<\/p>\n<ul>\n<li>Umsatzbedingungen, die festlegen, wie viel Sie setzen m\u00fcssen, bevor Sie Ihre Gewinne auszahlen lassen k\u00f6nnen<\/li>\n<li>Ablaufzeiten, die angeben, wie lange Sie Zeit haben, bevor der Choco Spin Bonus verf\u00e4llt, wenn Sie ihn nicht nutzen<\/li>\n<li>Spielbeschr\u00e4nkungen, die Ihnen sagen, welche Titel tats\u00e4chlich f\u00fcr die Freigabe des Bonus z\u00e4hlen<\/li>\n<li>Mindest-Einzahlungsbetr\u00e4ge, die erforderlich sind, um den Bonus \u00fcberhaupt auszul\u00f6sen<\/li>\n<li>Begrenzungen der Inanspruchnahmeh\u00e4ufigkeit, die regeln, wie oft Sie dasselbe Angebot in Anspruch nehmen k\u00f6nnen<\/li>\n<li>Fairplay-Richtlinien, die verhindern, dass Spieler das System ausnutzen<\/li>\n<\/ul>\n<p>Der Willkommensbonus bei Chocospin Casino bleibt nach der Aktivierung sieben Tage lang g\u00fcltig. Sie k\u00f6nnen ihn einmal nach der Registrierung in Anspruch nehmen und m\u00fcssen dann den Bonusbetrag 35 Mal umsetzen. Das bedeutet, dass f\u00fcr einen Bonus von 500 \u20ac insgesamt 17.500 \u20ac an Eins\u00e4tzen erforderlich sind, bevor eine Auszahlung erfolgen kann. Online-Slots z\u00e4hlen vollst\u00e4ndig zu dieser Summe und sind damit die schnellste Option im Vergleich zu Tischspielen, bei denen jeder Einsatz nur einen geringen Betrag beitr\u00e4gt.<\/p>\n<h2>FAQ<\/h2>\n<h3>Wie oft m\u00fcssen Sie den Bonus einsetzen, bevor Sie ihn auszahlen lassen k\u00f6nnen?<\/h3>\n<p>Das h\u00e4ngt davon ab, welchen Bonus Sie erhalten haben. Jeder Chocospin Bonus ist mit einer Umsatzbedingung verbunden, die Ihnen anzeigt, wie viel Sie spielen m\u00fcssen, bevor Sie Geld auszahlen lassen k\u00f6nnen. Diese Information finden Sie immer in den Bonusbedingungen, sodass Sie den genauen Multiplikator im Voraus kennen, bevor Sie sich entscheiden, den Bonus zu aktivieren. Sobald Sie die Umsatzbedingungen erf\u00fcllt haben, k\u00f6nnen Sie alle verbleibenden Gewinne auszahlen lassen.<\/p>\n<h3>Gelten f\u00fcr Turniere und Werbeaktionen andere Regeln?<\/h3>\n<p>Sie funktionieren unterschiedlich. Chocospin-Turniere unterliegen eigenen Regeln, insbesondere hinsichtlich der Punktevergabe, der Aufteilung der Preise und der teilnahmeberechtigten Spiele. Bei Aktionen wie Einzahlungsboni oder Freispielen stehen eher die Umsatzbedingungen und Zeitlimits im Vordergrund. Chocospin Casino trennt diese Regeln klar voneinander, sodass Sie immer wissen, welche Bedingungen f\u00fcr Ihre Aktivit\u00e4t gelten.<\/p>\n<h3>Kann ich Bonusgewinne sofort auszahlen lassen?<\/h3>\n<p>Bonusgewinne werden nicht sofort freigeschaltet. Zun\u00e4chst m\u00fcssen Sie die Umsatzbedingungen erf\u00fcllen und dann den Verifizierungsprozess abschlie\u00dfen, falls Sie dies noch nicht getan haben. Sobald Sie diese beiden H\u00fcrden genommen haben, k\u00f6nnen Sie eine Auszahlung mit der von Ihnen bevorzugten Zahlungsmethode beantragen, solange Sie sich innerhalb der von Choco Spin Casino festgelegten Standard-Auszahlungslimits bewegen.<\/p>\n<\/div><\/div><\/p>\n","protected":false},"excerpt":{"rendered":"<p>Chocospin-Aktionen und Boni Das Chocospin Bonus System gibt jedem Spieler die Chance, Geldpreise und Freispiele zu gewinnen. Im Casino finden st\u00e4ndig Turniere und Lotterien statt, bei denen Sie Preise gewinnen k\u00f6nnen, die Sie normalerweise beim regul\u00e4ren Spiel nicht erhalten w\u00fcrden. Bleiben Sie dabei und steigen Sie im Treueprogramm auf, wo die Vorteile wirklich betr\u00e4chtlich werden.<\/p>\n","protected":false},"author":1,"featured_media":0,"parent":0,"menu_order":0,"comment_status":"closed","ping_status":"closed","template":"template-builder.php","meta":{"_acf_changed":false,"inline_featured_image":false,"footnotes":""},"class_list":["post-1432","page","type-page","status-publish","hentry"],"acf":[],"yoast_head":"<!-- This site is optimized with the Yoast SEO plugin v27.3 - https:\/\/yoast.com\/product\/yoast-seo-wordpress\/ -->\n<title>Bonuses und Aktionen \u2013 Chocospin Casino<\/title>\n<meta name=\"description\" content=\"Choco Spin bonuses bietet Willkommensangebote, Einzahlungsboni und Freispiele. Turniere und Treuepr\u00e4mien sorgen f\u00fcr anhaltenden Spielspa\u00df. Dank der leicht verst\u00e4ndlichen Regeln ist jede Aktion transparent und zug\u00e4nglich.\" \/>\n<meta name=\"robots\" content=\"index, follow, max-snippet:-1, max-image-preview:large, max-video-preview:-1\" \/>\n<link rel=\"canonical\" href=\"https:\/\/chocospin.org\/de\/aktionen\/\" \/>\n<meta property=\"og:locale\" content=\"de_DE\" \/>\n<meta property=\"og:type\" content=\"article\" \/>\n<meta property=\"og:title\" content=\"Bonuses und Aktionen \u2013 Chocospin Casino\" \/>\n<meta property=\"og:description\" content=\"Choco Spin bonuses bietet Willkommensangebote, Einzahlungsboni und Freispiele. Turniere und Treuepr\u00e4mien sorgen f\u00fcr anhaltenden Spielspa\u00df. Dank der leicht verst\u00e4ndlichen Regeln ist jede Aktion transparent und zug\u00e4nglich.\" \/>\n<meta property=\"og:url\" content=\"https:\/\/chocospin.org\/de\/aktionen\/\" \/>\n<meta property=\"og:site_name\" content=\"chocospin\" \/>\n<meta property=\"article:modified_time\" content=\"2026-02-19T12:50:22+00:00\" \/>\n<meta name=\"twitter:card\" content=\"summary_large_image\" \/>\n<meta name=\"twitter:label1\" content=\"Gesch\u00e4tzte Lesezeit\" \/>\n\t<meta name=\"twitter:data1\" content=\"1\u00a0Minute\" \/>\n<script type=\"application\/ld+json\" class=\"yoast-schema-graph\">{\"@context\":\"https:\\\/\\\/schema.org\",\"@graph\":[{\"@type\":\"WebPage\",\"@id\":\"https:\\\/\\\/chocospin.org\\\/de\\\/aktionen\\\/\",\"url\":\"https:\\\/\\\/chocospin.org\\\/de\\\/aktionen\\\/\",\"name\":\"Bonuses und Aktionen \u2013 Chocospin Casino\",\"isPartOf\":{\"@id\":\"https:\\\/\\\/chocospin.org\\\/de\\\/#website\"},\"datePublished\":\"2026-02-19T10:20:53+00:00\",\"dateModified\":\"2026-02-19T12:50:22+00:00\",\"description\":\"Choco Spin bonuses bietet Willkommensangebote, Einzahlungsboni und Freispiele. Turniere und Treuepr\u00e4mien sorgen f\u00fcr anhaltenden Spielspa\u00df. Dank der leicht verst\u00e4ndlichen Regeln ist jede Aktion transparent und zug\u00e4nglich.\",\"breadcrumb\":{\"@id\":\"https:\\\/\\\/chocospin.org\\\/de\\\/aktionen\\\/#breadcrumb\"},\"inLanguage\":\"de\",\"potentialAction\":[{\"@type\":\"ReadAction\",\"target\":[\"https:\\\/\\\/chocospin.org\\\/de\\\/aktionen\\\/\"]}]},{\"@type\":\"BreadcrumbList\",\"@id\":\"https:\\\/\\\/chocospin.org\\\/de\\\/aktionen\\\/#breadcrumb\",\"itemListElement\":[{\"@type\":\"ListItem\",\"position\":1,\"name\":\"Chocospin\",\"item\":\"https:\\\/\\\/chocospin.org\\\/de\\\/\"},{\"@type\":\"ListItem\",\"position\":2,\"name\":\"Aktionen\"}]},{\"@type\":\"WebSite\",\"@id\":\"https:\\\/\\\/chocospin.org\\\/de\\\/#website\",\"url\":\"https:\\\/\\\/chocospin.org\\\/de\\\/\",\"name\":\"Chocospin\",\"description\":\"\",\"publisher\":{\"@id\":\"https:\\\/\\\/chocospin.org\\\/de\\\/#organization\"},\"potentialAction\":[{\"@type\":\"SearchAction\",\"target\":{\"@type\":\"EntryPoint\",\"urlTemplate\":\"https:\\\/\\\/chocospin.org\\\/de\\\/?s={search_term_string}\"},\"query-input\":{\"@type\":\"PropertyValueSpecification\",\"valueRequired\":true,\"valueName\":\"search_term_string\"}}],\"inLanguage\":\"de\"},{\"@type\":\"Organization\",\"@id\":\"https:\\\/\\\/chocospin.org\\\/de\\\/#organization\",\"name\":\"Chocospin\",\"url\":\"https:\\\/\\\/chocospin.org\\\/de\\\/\",\"logo\":{\"@type\":\"ImageObject\",\"inLanguage\":\"de\",\"@id\":\"https:\\\/\\\/chocospin.org\\\/de\\\/#\\\/schema\\\/logo\\\/image\\\/\",\"url\":\"https:\\\/\\\/chocospin.org\\\/wp-content\\\/uploads\\\/2025\\\/07\\\/80u1FaquEZeR6OUTeJCc.png\",\"contentUrl\":\"https:\\\/\\\/chocospin.org\\\/wp-content\\\/uploads\\\/2025\\\/07\\\/80u1FaquEZeR6OUTeJCc.png\",\"width\":123,\"height\":20,\"caption\":\"Chocospin\"},\"image\":{\"@id\":\"https:\\\/\\\/chocospin.org\\\/de\\\/#\\\/schema\\\/logo\\\/image\\\/\"}}]}<\/script>\n<!-- \/ Yoast SEO plugin. -->","yoast_head_json":{"title":"Bonuses und Aktionen \u2013 Chocospin Casino","description":"Choco Spin bonuses bietet Willkommensangebote, Einzahlungsboni und Freispiele. Turniere und Treuepr\u00e4mien sorgen f\u00fcr anhaltenden Spielspa\u00df. Dank der leicht verst\u00e4ndlichen Regeln ist jede Aktion transparent und zug\u00e4nglich.","robots":{"index":"index","follow":"follow","max-snippet":"max-snippet:-1","max-image-preview":"max-image-preview:large","max-video-preview":"max-video-preview:-1"},"canonical":"https:\/\/chocospin.org\/de\/aktionen\/","og_locale":"de_DE","og_type":"article","og_title":"Bonuses und Aktionen \u2013 Chocospin Casino","og_description":"Choco Spin bonuses bietet Willkommensangebote, Einzahlungsboni und Freispiele. Turniere und Treuepr\u00e4mien sorgen f\u00fcr anhaltenden Spielspa\u00df. Dank der leicht verst\u00e4ndlichen Regeln ist jede Aktion transparent und zug\u00e4nglich.","og_url":"https:\/\/chocospin.org\/de\/aktionen\/","og_site_name":"chocospin","article_modified_time":"2026-02-19T12:50:22+00:00","twitter_card":"summary_large_image","twitter_misc":{"Gesch\u00e4tzte Lesezeit":"1\u00a0Minute"},"schema":{"@context":"https:\/\/schema.org","@graph":[{"@type":"WebPage","@id":"https:\/\/chocospin.org\/de\/aktionen\/","url":"https:\/\/chocospin.org\/de\/aktionen\/","name":"Bonuses und Aktionen \u2013 Chocospin Casino","isPartOf":{"@id":"https:\/\/chocospin.org\/de\/#website"},"datePublished":"2026-02-19T10:20:53+00:00","dateModified":"2026-02-19T12:50:22+00:00","description":"Choco Spin bonuses bietet Willkommensangebote, Einzahlungsboni und Freispiele. Turniere und Treuepr\u00e4mien sorgen f\u00fcr anhaltenden Spielspa\u00df. Dank der leicht verst\u00e4ndlichen Regeln ist jede Aktion transparent und zug\u00e4nglich.","breadcrumb":{"@id":"https:\/\/chocospin.org\/de\/aktionen\/#breadcrumb"},"inLanguage":"de","potentialAction":[{"@type":"ReadAction","target":["https:\/\/chocospin.org\/de\/aktionen\/"]}]},{"@type":"BreadcrumbList","@id":"https:\/\/chocospin.org\/de\/aktionen\/#breadcrumb","itemListElement":[{"@type":"ListItem","position":1,"name":"Chocospin","item":"https:\/\/chocospin.org\/de\/"},{"@type":"ListItem","position":2,"name":"Aktionen"}]},{"@type":"WebSite","@id":"https:\/\/chocospin.org\/de\/#website","url":"https:\/\/chocospin.org\/de\/","name":"Chocospin","description":"","publisher":{"@id":"https:\/\/chocospin.org\/de\/#organization"},"potentialAction":[{"@type":"SearchAction","target":{"@type":"EntryPoint","urlTemplate":"https:\/\/chocospin.org\/de\/?s={search_term_string}"},"query-input":{"@type":"PropertyValueSpecification","valueRequired":true,"valueName":"search_term_string"}}],"inLanguage":"de"},{"@type":"Organization","@id":"https:\/\/chocospin.org\/de\/#organization","name":"Chocospin","url":"https:\/\/chocospin.org\/de\/","logo":{"@type":"ImageObject","inLanguage":"de","@id":"https:\/\/chocospin.org\/de\/#\/schema\/logo\/image\/","url":"https:\/\/chocospin.org\/wp-content\/uploads\/2025\/07\/80u1FaquEZeR6OUTeJCc.png","contentUrl":"https:\/\/chocospin.org\/wp-content\/uploads\/2025\/07\/80u1FaquEZeR6OUTeJCc.png","width":123,"height":20,"caption":"Chocospin"},"image":{"@id":"https:\/\/chocospin.org\/de\/#\/schema\/logo\/image\/"}}]}},"_links":{"self":[{"href":"https:\/\/chocospin.org\/de\/wp-json\/wp\/v2\/pages\/1432","targetHints":{"allow":["GET"]}}],"collection":[{"href":"https:\/\/chocospin.org\/de\/wp-json\/wp\/v2\/pages"}],"about":[{"href":"https:\/\/chocospin.org\/de\/wp-json\/wp\/v2\/types\/page"}],"author":[{"embeddable":true,"href":"https:\/\/chocospin.org\/de\/wp-json\/wp\/v2\/users\/1"}],"replies":[{"embeddable":true,"href":"https:\/\/chocospin.org\/de\/wp-json\/wp\/v2\/comments?post=1432"}],"version-history":[{"count":3,"href":"https:\/\/chocospin.org\/de\/wp-json\/wp\/v2\/pages\/1432\/revisions"}],"predecessor-version":[{"id":1660,"href":"https:\/\/chocospin.org\/de\/wp-json\/wp\/v2\/pages\/1432\/revisions\/1660"}],"wp:attachment":[{"href":"https:\/\/chocospin.org\/de\/wp-json\/wp\/v2\/media?parent=1432"}],"curies":[{"name":"wp","href":"https:\/\/api.w.org\/{rel}","templated":true}]}}