{"id":1418,"date":"2026-02-19T10:07:18","date_gmt":"2026-02-19T10:07:18","guid":{"rendered":"https:\/\/chocospin.org\/app\/"},"modified":"2026-02-19T14:34:09","modified_gmt":"2026-02-19T14:34:09","slug":"app","status":"publish","type":"page","link":"https:\/\/chocospin.org\/de\/app\/","title":{"rendered":"App"},"content":{"rendered":"<h1>Chocospin App auf mobilen und Web-Plattformen<\/h1>\n<p>Mit Hilfe der Chocospin App sind Ihnen keine Grenzen mehr gesetzt, von trendigen Online-Slots bis hin zu Live-Dealer-Tischen. Progressive Jackpots, Tischspiele, der gesamte Katalog \u2013 alles funktioniert, w\u00e4hrend Sie pendeln oder irgendwo unterwegs sind. Die App l\u00e4uft auf jedem Ger\u00e4t, das Sie haben: iOS, Android, sogar auf Ihrem Windows- oder Mac-Computer, wenn Sie das m\u00f6chten.<\/p>\n<div class=\"banner-wrap\" aria-label=\"Banner\"><img src=\"https:\/\/chocospin.org\/wp-content\/uploads\/2026\/02\/Chocospin-banner-desktop.webp\" class=\"w-100 d-none d-lg-block img-pc main-banner-img\" alt=\"Chocospin banner desktop\" fetchpriority=\"high\" decoding=\"async\"><img src=\"https:\/\/chocospin.org\/wp-content\/uploads\/2026\/02\/Chocospin-Banner-mobile.webp\" class=\"w-100 d-none d-md-block d-lg-none main-banner-img\" alt=\"Chocospin Banner mobile\" fetchpriority=\"high\" decoding=\"async\"><img src=\"https:\/\/chocospin.org\/wp-content\/uploads\/2026\/02\/Chocospin-Banner-mobile.webp\" class=\"w-100 d-md-none\" alt=\"Chocospin Banner mobile\" fetchpriority=\"high\" decoding=\"async\"><div class=\"banner-description\">\n<div class=\"banner-title\">Willkommensboni<\/div>\n<p class=\"banner-header-title\">1500\u20ac<\/p>\n<div class=\"banner-header-AdditionalText\">+ 250 Freispiele<\/div>\n<button data-item=\"homepage_banner_link\" class=\"goto m-button m-gradient-border m-button--primary m-button--large banner-button btn-orange\">\n            <div class=\"m-button-content\">\n                <span>Jetzt anmelden<\/span>\n                <span><\/span>\n            <\/div>\n        <\/button>\n<\/div>\n<div class=\"WelcomePack\">\n<p><img loading=\"lazy\" decoding=\"async\" class=\"alignnone size-full wp-image-1392\" src=\"https:\/\/chocospin.org\/wp-content\/uploads\/2026\/02\/welcome-crown.png\" alt=\"welcome crown\" width=\"25\" height=\"26\" \/><\/p>\n<div class=\"WelcomePack-Info\">W\u00f6chentlicher Cashback von bis zu 25 %<\/div>\n<p><img loading=\"lazy\" decoding=\"async\" class=\"alignnone size-full wp-image-1392\" src=\"https:\/\/chocospin.org\/wp-content\/uploads\/2026\/02\/welcome-crown.png\" alt=\"welcome crown\" width=\"25\" height=\"26\" \/><\/p>\n<\/div>\n<\/div>\n<h2>Funktionen und Vorteile der Chocospin App f\u00fcr Mobilger\u00e4te<\/h2>\n<p>Chocospin Casino hat die App als progressive Webanwendung strukturiert. Das klingt technisch, bedeutet aber nichts anderes als eine intelligente Verkn\u00fcpfung zur Website. Sobald die App auf Ihrem Android- oder iOS-Ger\u00e4t installiert ist, ben\u00f6tigen Sie keinen Browser mehr. Tippen Sie einfach auf das Symbol und schon k\u00f6nnen Sie loslegen.<\/p>\n<p>Das mobile Casino von Choco Spin spiegelt alles von der Website wider. Die Funktionen bleiben erhalten, die Benutzeroberfl\u00e4chen sind vertraut und es gibt keine abgespeckte Basisversion. Die App ist lediglich f\u00fcr Menschen optimiert, die lieber ihr Smartphone oder Tablet nutzen, als sich an den Computer zu setzen. Ihr Spielerlebnis leidet nicht darunter, dass Sie einen kleineren Bildschirm haben.<\/p>\n<p>Die Vorteile der Chocospin App sind:<\/p>\n<ul>\n<li>Sie sind nicht mehr an einen bestimmten Ort gebunden. Sie m\u00fcssen nicht mehr zu Hause bleiben, um zu spielen. Hochwertiges Casino-Vergn\u00fcgen begleitet Sie \u00fcberallhin.<\/li>\n<li>Der Einstieg geht viel schneller. Ein Fingertipp auf Ihrem Startbildschirm ist schneller als die ganze Browser-Routine.<\/li>\n<li>Alles wird schneller geladen. Die PWA speichert wichtige Elemente intelligent im Cache, sodass die Benutzeroberfl\u00e4chen von Chocospin Casino fast sofort angezeigt werden.<\/li>\n<li>Benachrichtigungen helfen. Wenn Sie es zulassen, informiert Sie die Choco Spin App \u00fcber neue Aktionen und Boni, die live gehen.<\/li>\n<li>Einige Aktionen funktionieren offline. Das \u00dcberpr\u00fcfen von Kontoinformationen erfordert nicht immer eine Internetverbindung, da zuvor geladene Inhalte gespeichert bleiben und \u00fcber die PWA angezeigt werden k\u00f6nnen.<\/li>\n<\/ul>\n<p>Sie k\u00f6nnen die Chocospin App auch auf Ihrem Desktop installieren, und alles wird automatisch zwischen den Ger\u00e4ten synchronisiert. Beginnen Sie das Spiel auf Ihrem Laptop, setzen Sie es sp\u00e4ter auf Ihrem Smartphone fort, wechseln Sie zu einem Tablet, und Ihr Fortschritt folgt Ihnen, ohne dass Sie manuelle \u00dcbertragungen vornehmen m\u00fcssen oder sich fragen m\u00fcssen, wo Sie aufgeh\u00f6rt haben.<\/p>\n<p><div class=\"scrollable-content-wrap my-5\"><div class=\"scrollable-content-inner\"><h2>Choco Spin-Anwendung f\u00fcr iOS<\/h2>\n<p>Das Herunterladen auf iPhone und iPad funktioniert im Grunde genommen genauso einfach. Sobald dies erledigt ist, k\u00f6nnen Sie von \u00fcberall auf Ihr Konto zugreifen. T\u00e4tigen Sie Einzahlungen, spielen Sie Online-Slots, nehmen Sie an Live-Dealer-Tischen teil, die aus echten Studios \u00fcbertragen werden \u2013 und das alles, w\u00e4hrend Sie Ihren t\u00e4glichen Aktivit\u00e4ten nachgehen. Das Spielerlebnis l\u00e4sst sich reibungslos auf iOS \u00fcbertragen, ohne dass Sie sich eingeengt f\u00fchlen oder Funktionen vermissen.<\/p>\n<h3>Laden Sie die App auf iOS herunter<\/h3>\n<ol>\n<li>\u00d6ffnen Sie die Website in Ihrem mobilen Browser \u2013 Safari eignet sich hierf\u00fcr am besten auf iOS-Ger\u00e4ten.<\/li>\n<li>\u00d6ffnen Sie die Einstellungen Ihres Browsers und suchen Sie dort die Option \u201eZum Startbildschirm hinzuf\u00fcgen\u201d.<\/li>\n<li>Tippen Sie auf die Installationsschaltfl\u00e4che und warten Sie einige Sekunden, bis das Casino-Symbol erscheint.<\/li>\n<li>Nutzen Sie die Chocospin App von jedem Ort aus.<\/li>\n<\/ol>\n<p><img loading=\"lazy\" decoding=\"async\" class=\"alignnone size-full wp-image-1645\" src=\"https:\/\/chocospin.org\/wp-content\/uploads\/2026\/02\/Chocospin-iOS-App.webp\" alt=\"\" width=\"1248\" height=\"536\" srcset=\"https:\/\/chocospin.org\/wp-content\/uploads\/2026\/02\/Chocospin-iOS-App.webp 1248w, https:\/\/chocospin.org\/wp-content\/uploads\/2026\/02\/Chocospin-iOS-App-300x129.webp 300w, https:\/\/chocospin.org\/wp-content\/uploads\/2026\/02\/Chocospin-iOS-App-1024x440.webp 1024w, https:\/\/chocospin.org\/wp-content\/uploads\/2026\/02\/Chocospin-iOS-App-768x330.webp 768w\" sizes=\"auto, (max-width: 1248px) 100vw, 1248px\" \/><\/p>\n<\/div><\/div><div style=\"clear: both\"><\/div><div class=\"d-flex justify-content-center\"><button data-item=\"decouvrez_link\" data-group=\"website_links\" class=\"goto fw-bold rounded-pill btn btn-orange\" aria-label=\"Laden Sie die Chocospin-App herunter\" >Laden Sie die Chocospin-App herunter<\/button><\/div><div class=\"scrollable-content-wrap my-5\"><div class=\"scrollable-content-inner\"><h2>Mobile App f\u00fcr Android-Ger\u00e4te<\/h2>\n<p>Android-Paket-Kit-Dateien waren fr\u00fcher die Standardmethode f\u00fcr die Verteilung von Apps auf Android, aber progressive Web-Apps eignen sich einfach besser f\u00fcr Casino-Spiele.<\/p>\n<table>\n<tbody>\n<tr>\n<td>Was wichtig ist<\/td>\n<td>Alte APK-Methode<\/td>\n<td>Progressive Web-App<\/td>\n<\/tr>\n<tr>\n<td>Auswirkungen auf den Speicher<\/td>\n<td>Belegt viel Speicherplatz auf Ihrem Ger\u00e4t, verbraucht viel RAM und verk\u00fcrzt die Akkulaufzeit<\/td>\n<td>Geringer Speicherbedarf, der weder Ressourcen beansprucht noch den Akku belastet<\/td>\n<\/tr>\n<tr>\n<td>Auf dem neuesten Stand bleiben<\/td>\n<td>Sie m\u00fcssen Updates manuell herunterladen und neu installieren, wenn Entwickler \u00c4nderungen ver\u00f6ffentlichen<\/td>\n<td>Updates erfolgen automatisch, w\u00e4hrend Sie schlafen oder etwas anderes tun<\/td>\n<\/tr>\n<tr>\n<td>Woher es kommt<\/td>\n<td>Sie laden von fragw\u00fcrdigen Quellen herunter und hoffen, dass es sich nicht um Betrug handelt<\/td>\n<td>Die Installation erfolgt direkt von der Website \u2013 keine mysteri\u00f6sen Dateien aus zuf\u00e4lligen Ecken des Internets<\/td>\n<\/tr>\n<tr>\n<td>\u00d6ffnungsgeschwindigkeit<\/td>\n<td>Kann je nach Gr\u00f6\u00dfe der App einige Sekunden dauern<\/td>\n<td>\u00d6ffnet sich jedes Mal sofort und ohne Verz\u00f6gerung<\/td>\n<\/tr>\n<\/tbody>\n<\/table>\n<h3>So installieren Sie Chocospin<\/h3>\n<p>Die Installation der Chocospin Casino PWA auf Ihrem Android-Smartphone oder -Tablet dauert nur wenige Minuten:<\/p>\n<p>Tippen Sie auf der Choco Spin Website in dem von Ihnen bevorzugten mobilen Browser auf die drei Punkte in der Adressleiste Ihres Browsers. Suchen Sie in diesem Men\u00fc den Eintrag \u201eZum Startbildschirm hinzuf\u00fcgen\u201d und tippen Sie darauf. Best\u00e4tigen Sie die Installation und schon sind Sie fertig.<\/p>\n<p>Das Chocospin-App-Symbol erscheint praktisch sofort auf Ihrem Bildschirm. Tippen Sie darauf, wann immer Sie Spiele spielen oder Ihre Kontodaten einsehen m\u00f6chten, und schon sind Sie drin, ohne dass der Browser \u00fcberhaupt involviert ist.<\/p>\n<p><img loading=\"lazy\" decoding=\"async\" class=\"alignnone size-full wp-image-1419\" src=\"https:\/\/chocospin.org\/wp-content\/uploads\/2026\/02\/Chocospin-Android-App.webp\" alt=\"\" width=\"1248\" height=\"536\" srcset=\"https:\/\/chocospin.org\/wp-content\/uploads\/2026\/02\/Chocospin-Android-App.webp 1248w, https:\/\/chocospin.org\/wp-content\/uploads\/2026\/02\/Chocospin-Android-App-300x129.webp 300w, https:\/\/chocospin.org\/wp-content\/uploads\/2026\/02\/Chocospin-Android-App-1024x440.webp 1024w, https:\/\/chocospin.org\/wp-content\/uploads\/2026\/02\/Chocospin-Android-App-768x330.webp 768w\" sizes=\"auto, (max-width: 1248px) 100vw, 1248px\" \/><\/p>\n<\/div><\/div><div style=\"clear: both\"><\/div><div class=\"d-flex justify-content-center\"><button data-item=\"decouvrez_link\" data-group=\"website_links\" class=\"goto fw-bold rounded-pill btn btn-orange\" aria-label=\"Chocospin herunterladen\" >Chocospin herunterladen<\/button><\/div><div class=\"scrollable-content-wrap my-5\"><div class=\"scrollable-content-inner\"><h2>Spielen Sie auf Windows oder Mac<\/h2>\n<p>Die Chocospin App ist nicht auf Smartphones und Tablets beschr\u00e4nkt. Sie funktioniert auch einwandfrei auf Computern mit Windows oder macOS, was ideal f\u00fcr alle ist, die einen gr\u00f6\u00dferen Bildschirm oder l\u00e4ngere Spielsitzungen am Schreibtisch bevorzugen. Die Installation auf einem Desktop spart auf lange Sicht Zeit.<\/p>\n<p>Die Einrichtung ist einfach und f\u00fchlt sich nicht wie die Installation herk\u00f6mmlicher Software an. Nach dem Hinzuf\u00fcgen befindet sich das Chocospin Casino-Symbol wie jede andere App auf Ihrem Desktop. Von dort aus ist der Zugriff sofort m\u00f6glich. Diese Option ist sinnvoll, wenn Sie h\u00e4ufig zwischen Ger\u00e4ten wechseln, da alles synchronisiert bleibt. Sie k\u00f6nnen eine Sitzung auf Ihrem Laptop beginnen und sp\u00e4ter auf Ihrem Smartphone fortsetzen, ohne den \u00dcberblick \u00fcber Guthaben, Boni oder aktuelle Aktivit\u00e4ten zu verlieren.<\/p>\n<h3>Unterschied zwischen der PC- und der Mobilversion der App<\/h3>\n<p>Die Desktop- und die mobile Version der Chocospin App unterscheiden sich lediglich in Bezug auf den Komfort und die Art und Weise, wie Sie sie nutzen. Beide bieten Ihnen identischen Zugriff \u2013 dieselben Online-Slots, Live-Dealer-Spiele, Konto-Tools und den gesamten Verifizierungsprozess \u2013 nichts wird gesperrt oder versteckt, je nachdem, was Sie gerade in der Hand halten.<\/p>\n<p>Der Desktop eignet sich gut f\u00fcr Sessions, bei denen Sie sich in Ruhe einrichten m\u00f6chten, die Spielregeln ohne Anstrengung lesen oder mehrere Dinge gleichzeitig erledigen m\u00f6chten, z. B. durch die Spiele scrollen und gleichzeitig mit dem Support chatten. Die mobile Version \u00fcberzeugt durch Geschwindigkeit und Flexibilit\u00e4t und passt perfekt in jede freie Minute.<\/p>\n<p><img loading=\"lazy\" decoding=\"async\" class=\"alignnone size-full wp-image-1644\" src=\"https:\/\/chocospin.org\/wp-content\/uploads\/2026\/02\/Chocospin-Desktop.webp\" alt=\"\" width=\"1248\" height=\"536\" srcset=\"https:\/\/chocospin.org\/wp-content\/uploads\/2026\/02\/Chocospin-Desktop.webp 1248w, https:\/\/chocospin.org\/wp-content\/uploads\/2026\/02\/Chocospin-Desktop-300x129.webp 300w, https:\/\/chocospin.org\/wp-content\/uploads\/2026\/02\/Chocospin-Desktop-1024x440.webp 1024w, https:\/\/chocospin.org\/wp-content\/uploads\/2026\/02\/Chocospin-Desktop-768x330.webp 768w\" sizes=\"auto, (max-width: 1248px) 100vw, 1248px\" \/><\/p>\n<\/div><\/div><div style=\"clear: both\"><\/div><div class=\"d-flex justify-content-center\"><button data-item=\"decouvrez_link\" data-group=\"website_links\" class=\"goto fw-bold rounded-pill btn btn-orange\" aria-label=\"Laden Sie die Chocospin-App herunter\" >Laden Sie die Chocospin-App herunter<\/button><\/div><div class=\"scrollable-content-wrap my-5\"><div class=\"scrollable-content-inner\"><h2>FAQ<\/h2>\n<h3>Ist die Choco Spin App auf Android- und iOS-Ger\u00e4ten identisch?<\/h3>\n<p>Die Benutzererfahrung ist auf beiden Plattformen identisch. Das Layout von Chocospin passt sich leicht an das jeweilige System an, aber Spiele, Zahlungen, Live-Chat und der Kundendienst sind auf beide Plattformen identisch verf\u00fcgbar.<\/p>\n<h3>Was sind die Vor- und Nachteile des Spielens auf einem Mobilger\u00e4t gegen\u00fcber einem PC?<\/h3>\n<p>Das mobile Spielen bei Chocospin ist schneller zug\u00e4nglich und einfacher, wenn Sie nicht an Ihrem Computer sitzen. Das Spielen am PC bietet mehr Platz auf dem Bildschirm und Komfort f\u00fcr l\u00e4ngere Spielsitzungen. Chocospin Casino \u00e4ndert die Funktionen zwischen den Ger\u00e4ten nicht, daher kommt es haupts\u00e4chlich darauf an, welches Format besser zu Ihrer Routine passt.<\/p>\n<h3>Kann ich mich mit demselben Konto bei der Choco Spin App anmelden?<\/h3>\n<p>Ja, ein Konto funktioniert \u00fcberall. Sie k\u00f6nnen die gleichen Anmeldedaten auf Mobilger\u00e4ten und Desktops verwenden, und alles bleibt automatisch synchronisiert. Der Verifizierungsprozess gilt ebenfalls gleicherma\u00dfen, unabh\u00e4ngig davon, von welchem Ger\u00e4t aus Sie Dokumente hochladen.<\/p>\n<\/div><\/div><\/p>\n","protected":false},"excerpt":{"rendered":"<p>Chocospin App auf mobilen und Web-Plattformen Mit Hilfe der Chocospin App sind Ihnen keine Grenzen mehr gesetzt, von trendigen Online-Slots bis hin zu Live-Dealer-Tischen. Progressive Jackpots, Tischspiele, der gesamte Katalog \u2013 alles funktioniert, w\u00e4hrend Sie pendeln oder irgendwo unterwegs sind. Die App l\u00e4uft auf jedem Ger\u00e4t, das Sie haben: iOS, Android, sogar auf Ihrem Windows- [&hellip;]<\/p>\n","protected":false},"author":1,"featured_media":0,"parent":0,"menu_order":0,"comment_status":"closed","ping_status":"closed","template":"template-builder.php","meta":{"_acf_changed":false,"inline_featured_image":false,"footnotes":""},"class_list":["post-1418","page","type-page","status-publish","hentry"],"acf":[],"yoast_head":"<!-- This site is optimized with the Yoast SEO plugin v27.3 - https:\/\/yoast.com\/product\/yoast-seo-wordpress\/ -->\n<title>Chocospin App | iOS- und Android-Download<\/title>\n<meta name=\"description\" content=\"Die Choco Spin App bringt Tausende von Spielen direkt auf Ihr Smartphone oder Tablet \u2013 mit einem fl\u00fcssigen und reaktionsschnellen Design. Dank Kontosynchronisierung verpassen Sie nie wieder einen Spin oder Bonus, und Ihre Zahlungen sind jederzeit sicher.\" \/>\n<meta name=\"robots\" content=\"index, follow, max-snippet:-1, max-image-preview:large, max-video-preview:-1\" \/>\n<link rel=\"canonical\" href=\"https:\/\/chocospin.org\/de\/app\/\" \/>\n<meta property=\"og:locale\" content=\"de_DE\" \/>\n<meta property=\"og:type\" content=\"article\" \/>\n<meta property=\"og:title\" content=\"Chocospin App | iOS- und Android-Download\" \/>\n<meta property=\"og:description\" content=\"Die Choco Spin App bringt Tausende von Spielen direkt auf Ihr Smartphone oder Tablet \u2013 mit einem fl\u00fcssigen und reaktionsschnellen Design. Dank Kontosynchronisierung verpassen Sie nie wieder einen Spin oder Bonus, und Ihre Zahlungen sind jederzeit sicher.\" \/>\n<meta property=\"og:url\" content=\"https:\/\/chocospin.org\/de\/app\/\" \/>\n<meta property=\"og:site_name\" content=\"chocospin\" \/>\n<meta property=\"article:modified_time\" content=\"2026-02-19T14:34:09+00:00\" \/>\n<meta name=\"twitter:card\" content=\"summary_large_image\" \/>\n<meta name=\"twitter:label1\" content=\"Gesch\u00e4tzte Lesezeit\" \/>\n\t<meta name=\"twitter:data1\" content=\"2\u00a0Minuten\" \/>\n<script type=\"application\/ld+json\" class=\"yoast-schema-graph\">{\"@context\":\"https:\\\/\\\/schema.org\",\"@graph\":[{\"@type\":\"WebPage\",\"@id\":\"https:\\\/\\\/chocospin.org\\\/de\\\/app\\\/\",\"url\":\"https:\\\/\\\/chocospin.org\\\/de\\\/app\\\/\",\"name\":\"Chocospin App | iOS- und Android-Download\",\"isPartOf\":{\"@id\":\"https:\\\/\\\/chocospin.org\\\/de\\\/#website\"},\"datePublished\":\"2026-02-19T10:07:18+00:00\",\"dateModified\":\"2026-02-19T14:34:09+00:00\",\"description\":\"Die Choco Spin App bringt Tausende von Spielen direkt auf Ihr Smartphone oder Tablet \u2013 mit einem fl\u00fcssigen und reaktionsschnellen Design. Dank Kontosynchronisierung verpassen Sie nie wieder einen Spin oder Bonus, und Ihre Zahlungen sind jederzeit sicher.\",\"breadcrumb\":{\"@id\":\"https:\\\/\\\/chocospin.org\\\/de\\\/app\\\/#breadcrumb\"},\"inLanguage\":\"de\",\"potentialAction\":[{\"@type\":\"ReadAction\",\"target\":[\"https:\\\/\\\/chocospin.org\\\/de\\\/app\\\/\"]}]},{\"@type\":\"BreadcrumbList\",\"@id\":\"https:\\\/\\\/chocospin.org\\\/de\\\/app\\\/#breadcrumb\",\"itemListElement\":[{\"@type\":\"ListItem\",\"position\":1,\"name\":\"Chocospin\",\"item\":\"https:\\\/\\\/chocospin.org\\\/de\\\/\"},{\"@type\":\"ListItem\",\"position\":2,\"name\":\"App\"}]},{\"@type\":\"WebSite\",\"@id\":\"https:\\\/\\\/chocospin.org\\\/de\\\/#website\",\"url\":\"https:\\\/\\\/chocospin.org\\\/de\\\/\",\"name\":\"Chocospin\",\"description\":\"\",\"publisher\":{\"@id\":\"https:\\\/\\\/chocospin.org\\\/de\\\/#organization\"},\"potentialAction\":[{\"@type\":\"SearchAction\",\"target\":{\"@type\":\"EntryPoint\",\"urlTemplate\":\"https:\\\/\\\/chocospin.org\\\/de\\\/?s={search_term_string}\"},\"query-input\":{\"@type\":\"PropertyValueSpecification\",\"valueRequired\":true,\"valueName\":\"search_term_string\"}}],\"inLanguage\":\"de\"},{\"@type\":\"Organization\",\"@id\":\"https:\\\/\\\/chocospin.org\\\/de\\\/#organization\",\"name\":\"Chocospin\",\"url\":\"https:\\\/\\\/chocospin.org\\\/de\\\/\",\"logo\":{\"@type\":\"ImageObject\",\"inLanguage\":\"de\",\"@id\":\"https:\\\/\\\/chocospin.org\\\/de\\\/#\\\/schema\\\/logo\\\/image\\\/\",\"url\":\"https:\\\/\\\/chocospin.org\\\/wp-content\\\/uploads\\\/2025\\\/07\\\/80u1FaquEZeR6OUTeJCc.png\",\"contentUrl\":\"https:\\\/\\\/chocospin.org\\\/wp-content\\\/uploads\\\/2025\\\/07\\\/80u1FaquEZeR6OUTeJCc.png\",\"width\":123,\"height\":20,\"caption\":\"Chocospin\"},\"image\":{\"@id\":\"https:\\\/\\\/chocospin.org\\\/de\\\/#\\\/schema\\\/logo\\\/image\\\/\"}}]}<\/script>\n<!-- \/ Yoast SEO plugin. -->","yoast_head_json":{"title":"Chocospin App | iOS- und Android-Download","description":"Die Choco Spin App bringt Tausende von Spielen direkt auf Ihr Smartphone oder Tablet \u2013 mit einem fl\u00fcssigen und reaktionsschnellen Design. Dank Kontosynchronisierung verpassen Sie nie wieder einen Spin oder Bonus, und Ihre Zahlungen sind jederzeit sicher.","robots":{"index":"index","follow":"follow","max-snippet":"max-snippet:-1","max-image-preview":"max-image-preview:large","max-video-preview":"max-video-preview:-1"},"canonical":"https:\/\/chocospin.org\/de\/app\/","og_locale":"de_DE","og_type":"article","og_title":"Chocospin App | iOS- und Android-Download","og_description":"Die Choco Spin App bringt Tausende von Spielen direkt auf Ihr Smartphone oder Tablet \u2013 mit einem fl\u00fcssigen und reaktionsschnellen Design. Dank Kontosynchronisierung verpassen Sie nie wieder einen Spin oder Bonus, und Ihre Zahlungen sind jederzeit sicher.","og_url":"https:\/\/chocospin.org\/de\/app\/","og_site_name":"chocospin","article_modified_time":"2026-02-19T14:34:09+00:00","twitter_card":"summary_large_image","twitter_misc":{"Gesch\u00e4tzte Lesezeit":"2\u00a0Minuten"},"schema":{"@context":"https:\/\/schema.org","@graph":[{"@type":"WebPage","@id":"https:\/\/chocospin.org\/de\/app\/","url":"https:\/\/chocospin.org\/de\/app\/","name":"Chocospin App | iOS- und Android-Download","isPartOf":{"@id":"https:\/\/chocospin.org\/de\/#website"},"datePublished":"2026-02-19T10:07:18+00:00","dateModified":"2026-02-19T14:34:09+00:00","description":"Die Choco Spin App bringt Tausende von Spielen direkt auf Ihr Smartphone oder Tablet \u2013 mit einem fl\u00fcssigen und reaktionsschnellen Design. Dank Kontosynchronisierung verpassen Sie nie wieder einen Spin oder Bonus, und Ihre Zahlungen sind jederzeit sicher.","breadcrumb":{"@id":"https:\/\/chocospin.org\/de\/app\/#breadcrumb"},"inLanguage":"de","potentialAction":[{"@type":"ReadAction","target":["https:\/\/chocospin.org\/de\/app\/"]}]},{"@type":"BreadcrumbList","@id":"https:\/\/chocospin.org\/de\/app\/#breadcrumb","itemListElement":[{"@type":"ListItem","position":1,"name":"Chocospin","item":"https:\/\/chocospin.org\/de\/"},{"@type":"ListItem","position":2,"name":"App"}]},{"@type":"WebSite","@id":"https:\/\/chocospin.org\/de\/#website","url":"https:\/\/chocospin.org\/de\/","name":"Chocospin","description":"","publisher":{"@id":"https:\/\/chocospin.org\/de\/#organization"},"potentialAction":[{"@type":"SearchAction","target":{"@type":"EntryPoint","urlTemplate":"https:\/\/chocospin.org\/de\/?s={search_term_string}"},"query-input":{"@type":"PropertyValueSpecification","valueRequired":true,"valueName":"search_term_string"}}],"inLanguage":"de"},{"@type":"Organization","@id":"https:\/\/chocospin.org\/de\/#organization","name":"Chocospin","url":"https:\/\/chocospin.org\/de\/","logo":{"@type":"ImageObject","inLanguage":"de","@id":"https:\/\/chocospin.org\/de\/#\/schema\/logo\/image\/","url":"https:\/\/chocospin.org\/wp-content\/uploads\/2025\/07\/80u1FaquEZeR6OUTeJCc.png","contentUrl":"https:\/\/chocospin.org\/wp-content\/uploads\/2025\/07\/80u1FaquEZeR6OUTeJCc.png","width":123,"height":20,"caption":"Chocospin"},"image":{"@id":"https:\/\/chocospin.org\/de\/#\/schema\/logo\/image\/"}}]}},"_links":{"self":[{"href":"https:\/\/chocospin.org\/de\/wp-json\/wp\/v2\/pages\/1418","targetHints":{"allow":["GET"]}}],"collection":[{"href":"https:\/\/chocospin.org\/de\/wp-json\/wp\/v2\/pages"}],"about":[{"href":"https:\/\/chocospin.org\/de\/wp-json\/wp\/v2\/types\/page"}],"author":[{"embeddable":true,"href":"https:\/\/chocospin.org\/de\/wp-json\/wp\/v2\/users\/1"}],"replies":[{"embeddable":true,"href":"https:\/\/chocospin.org\/de\/wp-json\/wp\/v2\/comments?post=1418"}],"version-history":[{"count":3,"href":"https:\/\/chocospin.org\/de\/wp-json\/wp\/v2\/pages\/1418\/revisions"}],"predecessor-version":[{"id":1948,"href":"https:\/\/chocospin.org\/de\/wp-json\/wp\/v2\/pages\/1418\/revisions\/1948"}],"wp:attachment":[{"href":"https:\/\/chocospin.org\/de\/wp-json\/wp\/v2\/media?parent=1418"}],"curies":[{"name":"wp","href":"https:\/\/api.w.org\/{rel}","templated":true}]}}